{"id":71,"date":"2023-01-07T15:49:20","date_gmt":"2023-01-07T15:49:20","guid":{"rendered":"https:\/\/scmcantanhede.pt\/?page_id=71"},"modified":"2023-06-01T08:23:32","modified_gmt":"2023-06-01T07:23:32","slug":"plataforma-denuncias","status":"publish","type":"page","link":"https:\/\/www.scmcantanhede.pt\/?page_id=71","title":{"rendered":"Plataforma Den\u00fancias"},"content":{"rendered":"\n<p align=\"justify\">1.&nbsp;\u00c2MBITO DE APLICA\u00c7\u00c3O<br \/><\/p>\n<p align=\"justify\">A presente Pol\u00edtica visa regular a utiliza\u00e7\u00e3o do Canal  de Den\u00fancia, atrav\u00e9s do qual qualquer colaborador da empresa com v\u00ednculo  laboral, regime de presta\u00e7\u00e3o de servi\u00e7os, volunt\u00e1rios ou estagi\u00e1rios,  remunerados ou n\u00e3o, bem como pessoas pertencentes ao \u00f3rg\u00e3o de administra\u00e7\u00e3o da Santa  Casa da Miseric\u00f3rdia Cantanhede (SCMC) ou terceiros fora dela, nomeadamente  fornecedores, clientes e\/ou parceiros comerciais (doravante &ldquo;Denunciantes&rdquo;),  que conhe\u00e7am ou suspeitem de uma viola\u00e7\u00e3o legal ou regulamentar das seguintes  mat\u00e9rias:<br \/> <\/p>\n<p align=\"justify\">(i) Contrata\u00e7\u00e3o p\u00fablica;<br \/><\/p>\n<p align=\"justify\">(ii) Preven\u00e7\u00e3o do branqueamento de capitais e do financiamento do terrorismo;<br \/><\/p>\n<p align=\"justify\">(iii) Prote\u00e7\u00e3o do ambiente;<br \/><\/p>\n<p align=\"justify\">(iv) Sa\u00fade p\u00fablica;<br \/><\/p>\n<p align=\"justify\">(v) Defesa do consumidor;<br \/><\/p>\n<p align=\"justify\">(vi) Prote\u00e7\u00e3o da privacidade e dos dados pessoais e seguran\u00e7a da rede e dos  sistemas de informa\u00e7\u00e3o;<br \/><\/p>\n<p align=\"justify\">(vii) C\u00f3digo de Conduta e outras pol\u00edticas internas em vigor na SCMC,<br \/><\/p>\n<p align=\"justify\">possam informar a SCMC, dando assim cumprimento aos  requisitos da Diretiva (UE) 2019\/1937 e lei nacional (Lei n.\u00ba 93\/2021 | DRE)  que regula a prote\u00e7\u00e3o das pessoas que denunciam as infra\u00e7\u00f5es.<br \/><\/p>\n<p align=\"justify\">2.PROTE\u00c7\u00c3O DOS DENUNCIANTES<br \/><\/p>\n<p align=\"justify\">Gozam de todos os direitos de prote\u00e7\u00e3o previstos nesta  Pol\u00edtica, os Denunciantes que:<br \/><\/p>\n<p align=\"justify\">(i) T\u00eam motivos razo\u00e1veis para crer que as informa\u00e7\u00f5es  que comunicam \u00e0 SCMC s\u00e3o verdadeiras no momento da comunica\u00e7\u00e3o, e que as  informa\u00e7\u00f5es acima referidas se enquadram no \u00e2mbito de aplica\u00e7\u00e3o desta Pol\u00edtica;<br \/><\/p>\n<p align=\"justify\">(ii) Efetuem a comunica\u00e7\u00e3o atrav\u00e9s do canal  disponibilizado pela SCMC para o efeito.<br \/><\/p>\n<p align=\"justify\">3. CANAL DE DEN\u00daNCIA<br \/><\/p>\n<p align=\"justify\">A SCMC implementou um Canal de Den\u00fancia, acess\u00edvel  atrav\u00e9s do seu website scmcantanhede.pt, o qual permite a apresenta\u00e7\u00e3o segura  de den\u00fancias. Para o efeito dever\u00e1 considerar o formul\u00e1rio seguinte: <\/p>\n\n\n\n<p><\/p>\n\n\n<div id=\"mform_6\" class=\"mform_container \" novalidate=\"novalidate\"><form id=\"mega-form-6\" class=\"single-mega-form mf-mask ajax-mega-form\" method=\"post\" enctype=\"multipart\/form-data\" action=\"\" data-id=\"6\" data-load-time=\"1778590665\"><div class=\"mform_header\"><div class=\"mform_response_msg mf_hidden\"><\/div><\/div><div class=\"mform_body\"><ul class=\"mform_fields\"><li class=\"mf-container mf-row-container mf-1-cols\" data-container=\"row\"><ul class=\"mf_col mf-row-col mfcol-size-custom\" style=\"width:100%\"><li id=\"mf_6_field_1\" data-id=\"1\" class=\"mfield mfield_text mfield_required\"><div  class=\"mf_field_container\"><label for=\"mform_6_mfield_1\"><span class=\"mf_label\">Assunto:<\/span><span class=\"mf_required\">*<\/span><\/label><div  class=\"mf_input_container mf_input_text\"><input type=\"text\" name=\"mform_6_mfield_1\" id=\"mform_6_mfield_1\" required=\"required\"\/><\/div><\/div><\/li><li id=\"mf_6_field_2\" data-id=\"2\" class=\"mfield mfield_radios mfield_required\"><div  class=\"mf_field_container\"><label for=\"mform_6_mfield_2\"><span class=\"mf_label\">Escolha como gostaria de denunciar<\/span><span class=\"mf_required\">*<\/span><\/label><div  class=\"mf_input_container mf_input_radios mf-choice-alignment-vertical mf-choice-style-standard\"><ul class=\"mf-choice mf-radios\"><li><label><input type=\"radio\" value=\"Pode optar por relatar confidencialmente. A sua identidade s\u00f3 ser\u00e1 conhecida por aqueles que lidam com o seu caso, em sigilo, e a sua identidade aparecer\u00e1 an\u00f3nima e confidencial para as outras pessoas no processamento do caso.\" name=\"mform_6_mfield_2\" required=\"required\"\/><span class=\"mf-choice-desc mf-radio-desc\">Pode optar por relatar confidencialmente. A sua identidade s\u00f3 ser\u00e1 conhecida por aqueles que lidam com o seu caso, em sigilo, e a sua identidade aparecer\u00e1 an\u00f3nima e confidencial para as outras pessoas no processamento do caso.<\/span><\/label><\/li><li><label><input type=\"radio\" value=\"Pode optar por denunciar anonimamente, se preferir n\u00e3o fornecer a sua identidade a ningu\u00e9m no processo.\" name=\"mform_6_mfield_2\" required=\"required\"\/><span class=\"mf-choice-desc mf-radio-desc\">Pode optar por denunciar anonimamente, se preferir n\u00e3o fornecer a sua identidade a ningu\u00e9m no processo.<\/span><\/label><\/li><\/ul><\/div><\/div><\/li><li id=\"mf_6_field_3\" data-id=\"3\" class=\"mfield mfield_select mfield_required\"><div  class=\"mf_field_container\"><label for=\"mform_6_mfield_3\"><span class=\"mf_label\">Categorias<\/span><span class=\"mf_required\">*<\/span><\/label><div  class=\"mf_input_container mf_input_select\"><select name=\"mform_6_mfield_3\" id=\"mform_6_mfield_3\" required=\"required\"><option value=\"Abuso de poder\">Abuso de poder<\/option><option value=\"Suborno\">Suborno<\/option><option value=\"Lei da concorr\u00eancia\">Lei da concorr\u00eancia<\/option><option value=\"Lavagem de dinheiro\">Lavagem de dinheiro<\/option><option value=\"Fraude\">Fraude<\/option><option value=\"Corrup\u00e7\u00e3o\">Corrup\u00e7\u00e3o<\/option><option value=\"Conflito de interesses\">Conflito de interesses<\/option><option value=\"Terrorismo\">Terrorismo<\/option><option value=\"Explora\u00e7\u00e3o, abuso ou ass\u00e9dio sexual\">Explora\u00e7\u00e3o, abuso ou ass\u00e9dio sexual<\/option><option value=\"Direitos e prote\u00e7\u00e3o dos indiv\u00edduos\">Direitos e prote\u00e7\u00e3o dos indiv\u00edduos<\/option><option value=\"Prote\u00e7\u00e3o de crian\u00e7as\">Prote\u00e7\u00e3o de crian\u00e7as<\/option><option value=\"Fraude de aquisi\u00e7\u00e3o\">Fraude de aquisi\u00e7\u00e3o<\/option><option value=\"Comportamento inaceit\u00e1vel\">Comportamento inaceit\u00e1vel<\/option><\/select><\/div><\/div><\/li><li id=\"mf_6_field_4\" data-id=\"4\" class=\"mfield mfield_date mfield_required\"><div  class=\"mf_field_container\"><label for=\"mform_6_mfield_4\"><span class=\"mf_label\">Quando a situa\u00e7\u00e3o ocorreu?<\/span><span class=\"mf_required\">*<\/span><\/label><div  class=\"mf_input_container mf_input_date mf_date_icon\"><input type=\"text\" name=\"mform_6_mfield_4\" id=\"mform_6_mfield_4\" class=\"datepicker-here\" required=\"required\" data-language=\"en\" data-date-format=\"dd\/mm\/yyyy\" data-date-from=\"2010\" data-date-to=\"\"\/><\/div><\/div><\/li><li id=\"mf_6_field_5\" data-id=\"5\" class=\"mfield mfield_textarea mfield_required\"><div  class=\"mf_field_container\"><label for=\"mform_6_mfield_5\"><span class=\"mf_label\">Qual \u00e9 a sua rela\u00e7\u00e3o com a SANTA CASA DA MISERIC\u00d3RDIA DE CANTANHEDE?<\/span><span class=\"mf_required\">*<\/span><\/label><div  class=\"mf_input_container mf_input_textarea\"><textarea name=\"mform_6_mfield_5\" id=\"mform_6_mfield_5\" required=\"required\"><\/textarea><\/div><\/div><\/li><li id=\"mf_6_field_10\" data-id=\"10\" class=\"mfield mfield_textarea mfield_required\"><div  class=\"mf_field_container\"><label for=\"mform_6_mfield_10\"><span class=\"mf_label\">Descri\u00e7\u00e3o:<\/span><span class=\"mf_required\">*<\/span><\/label><div  class=\"mf_input_container mf_input_textarea\"><textarea name=\"mform_6_mfield_10\" id=\"mform_6_mfield_10\" required=\"required\"><\/textarea><\/div><\/div><\/li><li id=\"mf_6_field_6\" data-id=\"6\" class=\"mfield mfield_file\"><div  class=\"mf_field_container\"><label for=\"mform_6_mfield_6\"><span class=\"mf_label\">Anexar Ficheiros<\/span><\/label><div  class=\"mf_input_container mf_input_file\"><div class=\"mf_files_dropable\"><div class=\"mf_files_dock\"><p class=\"mf-files-dock-uploader\"><i class=\"mega-icons-upload\"><\/i><span>Drop files here, or<\/span><label class=\"mf-upload-trigger button\" for=\"mform_6_mfield_6\">Browse...<\/for><\/p><span class=\"mf-files-dock-limit\" data-max=\"5\"><bdi class=\"mf-files-count\">0<\/bdi>\/<bdi class=\"mf-files-max\">5<\/bdi><\/span><\/div><\/div><input type=\"file\" name=\"mform_6_mfield_6\" id=\"mform_6_mfield_6\" class=\"mf-upload\" data-max-size=\"16777216\" data-types=\"{&quot;jpg|jpeg|jpe&quot;:&quot;image\\\/jpeg&quot;,&quot;gif&quot;:&quot;image\\\/gif&quot;,&quot;png&quot;:&quot;image\\\/png&quot;,&quot;bmp&quot;:&quot;image\\\/bmp&quot;,&quot;tiff|tif&quot;:&quot;image\\\/tiff&quot;,&quot;webp&quot;:&quot;image\\\/webp&quot;,&quot;avif&quot;:&quot;image\\\/avif&quot;,&quot;ico&quot;:&quot;image\\\/x-icon&quot;,&quot;heic&quot;:&quot;image\\\/heic&quot;,&quot;heif&quot;:&quot;image\\\/heif&quot;,&quot;heics&quot;:&quot;image\\\/heic-sequence&quot;,&quot;heifs&quot;:&quot;image\\\/heif-sequence&quot;,&quot;asf|asx&quot;:&quot;video\\\/x-ms-asf&quot;,&quot;wmv&quot;:&quot;video\\\/x-ms-wmv&quot;,&quot;wmx&quot;:&quot;video\\\/x-ms-wmx&quot;,&quot;wm&quot;:&quot;video\\\/x-ms-wm&quot;,&quot;avi&quot;:&quot;video\\\/avi&quot;,&quot;divx&quot;:&quot;video\\\/divx&quot;,&quot;flv&quot;:&quot;video\\\/x-flv&quot;,&quot;mov|qt&quot;:&quot;video\\\/quicktime&quot;,&quot;mpeg|mpg|mpe&quot;:&quot;video\\\/mpeg&quot;,&quot;mp4|m4v&quot;:&quot;video\\\/mp4&quot;,&quot;ogv&quot;:&quot;video\\\/ogg&quot;,&quot;webm&quot;:&quot;video\\\/webm&quot;,&quot;mkv&quot;:&quot;video\\\/x-matroska&quot;,&quot;3gp|3gpp&quot;:&quot;video\\\/3gpp&quot;,&quot;3g2|3gp2&quot;:&quot;video\\\/3gpp2&quot;,&quot;txt|asc|c|cc|h|srt&quot;:&quot;text\\\/plain&quot;,&quot;csv&quot;:&quot;text\\\/csv&quot;,&quot;tsv&quot;:&quot;text\\\/tab-separated-values&quot;,&quot;ics&quot;:&quot;text\\\/calendar&quot;,&quot;rtx&quot;:&quot;text\\\/richtext&quot;,&quot;css&quot;:&quot;text\\\/css&quot;,&quot;vtt&quot;:&quot;text\\\/vtt&quot;,&quot;dfxp&quot;:&quot;application\\\/ttaf+xml&quot;,&quot;mp3|m4a|m4b&quot;:&quot;audio\\\/mpeg&quot;,&quot;aac&quot;:&quot;audio\\\/aac&quot;,&quot;ra|ram&quot;:&quot;audio\\\/x-realaudio&quot;,&quot;wav|x-wav&quot;:&quot;audio\\\/wav&quot;,&quot;ogg|oga&quot;:&quot;audio\\\/ogg&quot;,&quot;flac&quot;:&quot;audio\\\/flac&quot;,&quot;mid|midi&quot;:&quot;audio\\\/midi&quot;,&quot;wma&quot;:&quot;audio\\\/x-ms-wma&quot;,&quot;wax&quot;:&quot;audio\\\/x-ms-wax&quot;,&quot;mka&quot;:&quot;audio\\\/x-matroska&quot;,&quot;rtf&quot;:&quot;application\\\/rtf&quot;,&quot;pdf&quot;:&quot;application\\\/pdf&quot;,&quot;class&quot;:&quot;application\\\/java&quot;,&quot;tar&quot;:&quot;application\\\/x-tar&quot;,&quot;zip&quot;:&quot;application\\\/zip&quot;,&quot;gz|gzip&quot;:&quot;application\\\/x-gzip&quot;,&quot;rar&quot;:&quot;application\\\/rar&quot;,&quot;7z&quot;:&quot;application\\\/x-7z-compressed&quot;,&quot;psd&quot;:&quot;application\\\/octet-stream&quot;,&quot;xcf&quot;:&quot;application\\\/octet-stream&quot;,&quot;doc&quot;:&quot;application\\\/msword&quot;,&quot;pot|pps|ppt&quot;:&quot;application\\\/vnd.ms-powerpoint&quot;,&quot;wri&quot;:&quot;application\\\/vnd.ms-write&quot;,&quot;xla|xls|xlt|xlw&quot;:&quot;application\\\/vnd.ms-excel&quot;,&quot;mdb&quot;:&quot;application\\\/vnd.ms-access&quot;,&quot;mpp&quot;:&quot;application\\\/vnd.ms-project&quot;,&quot;docx&quot;:&quot;application\\\/vnd.openxmlformats-officedocument.wordprocessingml.document&quot;,&quot;docm&quot;:&quot;application\\\/vnd.ms-word.document.macroEnabled.12&quot;,&quot;dotx&quot;:&quot;application\\\/vnd.openxmlformats-officedocument.wordprocessingml.template&quot;,&quot;dotm&quot;:&quot;application\\\/vnd.ms-word.template.macroEnabled.12&quot;,&quot;xlsx&quot;:&quot;application\\\/vnd.openxmlformats-officedocument.spreadsheetml.sheet&quot;,&quot;xlsm&quot;:&quot;application\\\/vnd.ms-excel.sheet.macroEnabled.12&quot;,&quot;xlsb&quot;:&quot;application\\\/vnd.ms-excel.sheet.binary.macroEnabled.12&quot;,&quot;xltx&quot;:&quot;application\\\/vnd.openxmlformats-officedocument.spreadsheetml.template&quot;,&quot;xltm&quot;:&quot;application\\\/vnd.ms-excel.template.macroEnabled.12&quot;,&quot;xlam&quot;:&quot;application\\\/vnd.ms-excel.addin.macroEnabled.12&quot;,&quot;pptx&quot;:&quot;application\\\/vnd.openxmlformats-officedocument.presentationml.presentation&quot;,&quot;pptm&quot;:&quot;application\\\/vnd.ms-powerpoint.presentation.macroEnabled.12&quot;,&quot;ppsx&quot;:&quot;application\\\/vnd.openxmlformats-officedocument.presentationml.slideshow&quot;,&quot;ppsm&quot;:&quot;application\\\/vnd.ms-powerpoint.slideshow.macroEnabled.12&quot;,&quot;potx&quot;:&quot;application\\\/vnd.openxmlformats-officedocument.presentationml.template&quot;,&quot;potm&quot;:&quot;application\\\/vnd.ms-powerpoint.template.macroEnabled.12&quot;,&quot;ppam&quot;:&quot;application\\\/vnd.ms-powerpoint.addin.macroEnabled.12&quot;,&quot;sldx&quot;:&quot;application\\\/vnd.openxmlformats-officedocument.presentationml.slide&quot;,&quot;sldm&quot;:&quot;application\\\/vnd.ms-powerpoint.slide.macroEnabled.12&quot;,&quot;onetoc|onetoc2|onetmp|onepkg&quot;:&quot;application\\\/onenote&quot;,&quot;oxps&quot;:&quot;application\\\/oxps&quot;,&quot;xps&quot;:&quot;application\\\/vnd.ms-xpsdocument&quot;,&quot;odt&quot;:&quot;application\\\/vnd.oasis.opendocument.text&quot;,&quot;odp&quot;:&quot;application\\\/vnd.oasis.opendocument.presentation&quot;,&quot;ods&quot;:&quot;application\\\/vnd.oasis.opendocument.spreadsheet&quot;,&quot;odg&quot;:&quot;application\\\/vnd.oasis.opendocument.graphics&quot;,&quot;odc&quot;:&quot;application\\\/vnd.oasis.opendocument.chart&quot;,&quot;odb&quot;:&quot;application\\\/vnd.oasis.opendocument.database&quot;,&quot;odf&quot;:&quot;application\\\/vnd.oasis.opendocument.formula&quot;,&quot;wp|wpd&quot;:&quot;application\\\/wordperfect&quot;,&quot;key&quot;:&quot;application\\\/vnd.apple.keynote&quot;,&quot;numbers&quot;:&quot;application\\\/vnd.apple.numbers&quot;,&quot;pages&quot;:&quot;application\\\/vnd.apple.pages&quot;}\" data-max-count=\"5\" multiple=\"multiple\" hidden=\"1\"\/><\/div><span class=\"mf_description\">Max. file size: 8 MB.<\/span><div class=\"mf_files_completed\"><\/div><div class=\"mf_files_pending\"><\/div><\/div><\/li><li id=\"mf_6_field_7\" data-id=\"7\" class=\"mfield mfield_name\" hidden=\"true\"><div  class=\"mf_field_container\"><input type=\"hidden\" name=\"mform_6_mfield_7[compound_cl]\" value=\"1\" data-conditional-rules=\"{&quot;container&quot;:&quot;.mfield&quot;,&quot;action&quot;:&quot;show&quot;,&quot;logic&quot;:&quot;or&quot;,&quot;rules&quot;:[{&quot;relation&quot;:&quot;and&quot;,&quot;group&quot;:[{&quot;name&quot;:&quot;mform_6_mfield_2&quot;,&quot;operator&quot;:&quot;is&quot;,&quot;value&quot;:&quot;Pode optar por relatar confidencialmente. A sua identidade s\\u00f3 ser\\u00e1 conhecida por aqueles que lidam com o seu caso, em sigilo, e a sua identidade aparecer\\u00e1 an\\u00f3nima e confidencial para as outras pessoas no processamento do caso.&quot;}]}]}\"\/><label for=\"mform_6_mfield_7\"><span class=\"mf_label\">Nome (Opcional)<\/span><\/label><div  class=\"mf_input_container mf_input_name mf_input_compound\"><table><tr><td class=\"mf_sub_field  mf_sub_first_name\"><input type=\"text\" name=\"mform_6_mfield_7[first_name]\" value=\"\" placeholder=\"\"\/><label for=\"mform_6_mfield_7[first_name]\" id=\"mform_6_mfield_7[first_name]\" class=\"mf_sub_label\">Nome<\/label><\/td><td class=\"mf_sub_field  mf_sub_last_name\"><input type=\"text\" name=\"mform_6_mfield_7[last_name]\" value=\"\" placeholder=\"\"\/><label for=\"mform_6_mfield_7[last_name]\" id=\"mform_6_mfield_7[last_name]\" class=\"mf_sub_label\">Apelido<\/label><\/td><\/tr><\/table><\/div><\/div><\/li><li id=\"mf_6_field_8\" data-id=\"8\" class=\"mfield mfield_email\" hidden=\"true\"><div  class=\"mf_field_container\"><input type=\"hidden\" name=\"mform_6_mfield_8[compound_cl]\" value=\"1\" data-conditional-rules=\"{&quot;container&quot;:&quot;.mfield&quot;,&quot;action&quot;:&quot;show&quot;,&quot;logic&quot;:&quot;or&quot;,&quot;rules&quot;:[{&quot;relation&quot;:&quot;and&quot;,&quot;group&quot;:[{&quot;name&quot;:&quot;mform_6_mfield_2&quot;,&quot;operator&quot;:&quot;is&quot;,&quot;value&quot;:&quot;Pode optar por relatar confidencialmente. A sua identidade s\\u00f3 ser\\u00e1 conhecida por aqueles que lidam com o seu caso, em sigilo, e a sua identidade aparecer\\u00e1 an\\u00f3nima e confidencial para as outras pessoas no processamento do caso.&quot;}]}]}\"\/><label for=\"mform_6_mfield_8\"><span class=\"mf_label\">Email (Opcional)<\/span><\/label><div  class=\"mf_input_container mf_input_email mf_input_compound\"><span class=\"mf_sub_field mf_sub_email mf_half mf_left\"><input type=\"text\" name=\"mform_6_mfield_8[email]\" value=\"\" placeholder=\"\"\/><label for=\"mform_6_mfield_8[email]\" id=\"mform_6_mfield_8[email]\" class=\"mf_sub_label\">Email<\/label><\/span><\/div><\/div><\/li><li id=\"mf_6_field_9\" data-id=\"9\" class=\"mfield mfield_phone\" hidden=\"true\"><div  class=\"mf_field_container\"><label for=\"mform_6_mfield_9\"><span class=\"mf_label\">Telefone (Opcional)<\/span><\/label><div  class=\"mf_input_container mf_input_phone\"><input type=\"tel\" name=\"mform_6_mfield_9\" id=\"mform_6_mfield_9\" data-conditional-rules=\"{&quot;container&quot;:&quot;.mfield&quot;,&quot;action&quot;:&quot;show&quot;,&quot;logic&quot;:&quot;or&quot;,&quot;rules&quot;:[{&quot;relation&quot;:&quot;and&quot;,&quot;group&quot;:[{&quot;name&quot;:&quot;mform_6_mfield_2&quot;,&quot;operator&quot;:&quot;is&quot;,&quot;value&quot;:&quot;Pode optar por relatar confidencialmente. A sua identidade s\\u00f3 ser\\u00e1 conhecida por aqueles que lidam com o seu caso, em sigilo, e a sua identidade aparecer\\u00e1 an\\u00f3nima e confidencial para as outras pessoas no processamento do caso.&quot;}]}]}\" pattern=\"[\\d\\+\\s\\(\\)\\-\\.]*\" title=\"Please enter a valid phone number\"\/><\/div><\/div><\/li><\/ul><\/li><li id=\"mf_6_field_hp\" data-id=\"hp\" class=\"mfield mfield_hp\"><div  class=\"mf_field_container\"><label for=\"mform_6_mfield_hp\"><span class=\"mf_label\">Do not fill this field.<\/span><\/label><div ><input type=\"text\" name=\"mform_6_mfield_hp\" id=\"mform_6_mfield_hp\" autocomplete=\"false\"\/><\/div><\/div><\/li><\/ul><\/div><div class=\"mform_footer\"><input type=\"hidden\" name=\"_mf_form_id\" value=\"6\"><input type=\"hidden\" name=\"_mf_csrf_token\" value=\"\"><input type=\"hidden\" name=\"_mf_t_token\" value=\"MTA2NzE1NDM5OTA=\"><input type=\"hidden\" name=\"_mf_s_token\" value=\"e0e520ec-ca2be0cd-0a45-839f\"><input type=\"hidden\" name=\"_mf_referrer\" value=\"https:\/\/www.scmcantanhede.pt\"><div class=\"mf-submit-container\"><button type=\"submit\"id=\"mf-submit-6\" name=\"mform_submit\" class=\"button mf-submit-btn\" formnovalidate=\"formnovalidate\" value=\"Enviar den\u00fancia\"><span class=\"mf-btn-txt\">Enviar den\u00fancia<\/span><\/button><\/div><\/div><\/form><\/div>\n","protected":false},"excerpt":{"rendered":"<p>1.&nbsp;\u00c2MBITO DE APLICA\u00c7\u00c3O A presente Pol\u00edtica visa regular a utiliza\u00e7\u00e3o do Canal de Den\u00fancia, atrav\u00e9s do qual qualquer colaborador da empresa com v\u00ednculo laboral, regime de presta\u00e7\u00e3o de servi\u00e7os, volunt\u00e1rios ou estagi\u00e1rios, remunerados ou n\u00e3o, bem como pessoas pertencentes ao \u00f3rg\u00e3o de administra\u00e7\u00e3o da Santa Casa da Miseric\u00f3rdia Cantanhede (SCMC) ou terceiros fora dela, nomeadamente [&hellip;]<\/p>\n","protected":false},"author":1,"featured_media":0,"parent":0,"menu_order":0,"comment_status":"closed","ping_status":"closed","template":"","meta":{"_oasis_is_in_workflow":0,"_oasis_original":0,"footnotes":""},"class_list":["post-71","page","type-page","status-publish","hentry"],"aioseo_notices":[],"_links":{"self":[{"href":"https:\/\/www.scmcantanhede.pt\/index.php?rest_route=\/wp\/v2\/pages\/71","targetHints":{"allow":["GET"]}}],"collection":[{"href":"https:\/\/www.scmcantanhede.pt\/index.php?rest_route=\/wp\/v2\/pages"}],"about":[{"href":"https:\/\/www.scmcantanhede.pt\/index.php?rest_route=\/wp\/v2\/types\/page"}],"author":[{"embeddable":true,"href":"https:\/\/www.scmcantanhede.pt\/index.php?rest_route=\/wp\/v2\/users\/1"}],"replies":[{"embeddable":true,"href":"https:\/\/www.scmcantanhede.pt\/index.php?rest_route=%2Fwp%2Fv2%2Fcomments&post=71"}],"version-history":[{"count":0,"href":"https:\/\/www.scmcantanhede.pt\/index.php?rest_route=\/wp\/v2\/pages\/71\/revisions"}],"wp:attachment":[{"href":"https:\/\/www.scmcantanhede.pt\/index.php?rest_route=%2Fwp%2Fv2%2Fmedia&parent=71"}],"curies":[{"name":"wp","href":"https:\/\/api.w.org\/{rel}","templated":true}]}}