{"id":67,"date":"2023-01-07T15:49:20","date_gmt":"2023-01-07T15:49:20","guid":{"rendered":"https:\/\/scmcantanhede.pt\/?page_id=67"},"modified":"2025-05-31T11:06:53","modified_gmt":"2025-05-31T10:06:53","slug":"inscricao-catl","status":"publish","type":"page","link":"https:\/\/www.scmcantanhede.pt\/?page_id=67","title":{"rendered":"Inscri\u00e7\u00e3o CATL"},"content":{"rendered":"\n<p><strong>ANO LETIVO 2025\/2026 <\/strong>\u2013 In\u00edcio: 1\u00ba dia \u00fatil de Junho (2.06.2025), as inscri\u00e7\u00f5es s\u00f3 podem ser realizadas ap\u00f3s a crian\u00e7a ter o NISS.<\/p>\n\n\n\n<p>De acordo com a data de nascimento das crian\u00e7as (2018\/2017\/2016\/2015) e a resposta social de CATL, as inscri\u00e7\u00f5es devem ser realizadas utilizando o formul\u00e1rio abaixo.<\/p>\n\n\n\n<p><em>Nota: Dever\u00e1 possuir o documento de identifica\u00e7\u00e3o da crian\u00e7a para proceder ao preenchimento do formul\u00e1rio de inscri\u00e7\u00e3o.<\/em><\/p>\n\n\n\n<p><br><\/p>\n\n\n<div id=\"mform_15\" class=\"mform_container \" novalidate=\"novalidate\"><form id=\"mega-form-15\" class=\"single-mega-form mf-mask ajax-mega-form\" method=\"post\" enctype=\"multipart\/form-data\" action=\"\" data-id=\"15\" data-load-time=\"1778590681\"><div class=\"mform_header\"><div class=\"mform_response_msg mf_hidden\"><\/div><\/div><div class=\"mform_body\"><ul class=\"mform_fields\"><li class=\"mf-container mf-row-container mf-1-cols\" data-container=\"row\"><ul class=\"mf_col mf-row-col mfcol-size-custom\" style=\"width:100%\"><li id=\"mf_15_field_1\" data-id=\"1\" class=\"mfield mfield_email mfield_required\"><div  class=\"mf_field_container\"><label for=\"mform_15_mfield_1\"><span class=\"mf_label\">Email<\/span><span class=\"mf_required\">*<\/span><\/label><div  class=\"mf_input_container mf_input_email mf_input_compound\"><span class=\"mf_sub_field mf_sub_email mf_half mf_left\"><input type=\"text\" name=\"mform_15_mfield_1[email]\" value=\"\" placeholder=\"\"\/><label for=\"mform_15_mfield_1[email]\" id=\"mform_15_mfield_1[email]\" class=\"mf_sub_label\">Email<\/label><\/span><\/div><\/div><\/li><li id=\"mf_15_field_2\" data-id=\"2\" class=\"mfield mfield_name mfield_required\"><div  class=\"mf_field_container\"><label for=\"mform_15_mfield_2\"><span class=\"mf_label\">Nome da Crian\u00e7a<\/span><span class=\"mf_required\">*<\/span><\/label><div  class=\"mf_input_container mf_input_name mf_input_compound\"><table><tr><td class=\"mf_sub_field  mf_sub_first_name\"><input type=\"text\" name=\"mform_15_mfield_2[first_name]\" value=\"\" placeholder=\"\"\/><label for=\"mform_15_mfield_2[first_name]\" id=\"mform_15_mfield_2[first_name]\" class=\"mf_sub_label\">Nome Completo<\/label><\/td><\/tr><\/table><\/div><\/div><\/li><li id=\"mf_15_field_3\" data-id=\"3\" class=\"mfield mfield_date mfield_required\"><div  class=\"mf_field_container\"><label for=\"mform_15_mfield_3\"><span class=\"mf_label\">Data de Nascimento<\/span><span class=\"mf_required\">*<\/span><\/label><div  class=\"mf_input_container mf_input_date mf_date_icon\"><input type=\"text\" name=\"mform_15_mfield_3\" id=\"mform_15_mfield_3\" class=\"datepicker-here\" required=\"required\" data-language=\"en\" data-date-format=\"dd\/mm\/yyyy\" data-date-from=\"2010\" data-date-to=\"2025\"\/><\/div><\/div><\/li><li id=\"mf_15_field_4\" data-id=\"4\" class=\"mfield mfield_number mfield_required\"><div  class=\"mf_field_container\"><label for=\"mform_15_mfield_4\"><span class=\"mf_label\">N.\u00ba Assento Nascimento \/ Cart\u00e3o Cidad\u00e3o<\/span><span class=\"mf_required\">*<\/span><\/label><div  class=\"mf_input_container mf_input_number\"><input type=\"number\" name=\"mform_15_mfield_4\" id=\"mform_15_mfield_4\" required=\"required\" pattern=\"[0-9]*\" inputmode=\"numeric\"\/><\/div><\/div><\/li><li id=\"mf_15_field_5\" data-id=\"5\" class=\"mfield mfield_file mfield_required\"><div  class=\"mf_field_container\"><label for=\"mform_15_mfield_5\"><span class=\"mf_label\">C\u00f3pia do Assento Nascimento \/ Cart\u00e3o Cidad\u00e3o<\/span><span class=\"mf_required\">*<\/span><\/label><div  class=\"mf_input_container mf_input_file\"><div class=\"mf_files_dropable\"><div class=\"mf_files_dock\"><p class=\"mf-files-dock-uploader\"><i class=\"mega-icons-upload\"><\/i><span>Drop files here, or<\/span><label class=\"mf-upload-trigger button\" for=\"mform_15_mfield_5\">Browse...<\/for><\/p><span class=\"mf-files-dock-limit\" data-max=\"3\"><bdi class=\"mf-files-count\">0<\/bdi>\/<bdi class=\"mf-files-max\">3<\/bdi><\/span><\/div><\/div><input type=\"file\" name=\"mform_15_mfield_5\" id=\"mform_15_mfield_5\" class=\"mf-upload\" required=\"required\" data-max-size=\"16777216\" data-types=\"{&quot;jpg|jpeg|jpe&quot;:&quot;image\\\/jpeg&quot;,&quot;gif&quot;:&quot;image\\\/gif&quot;,&quot;png&quot;:&quot;image\\\/png&quot;,&quot;bmp&quot;:&quot;image\\\/bmp&quot;,&quot;tiff|tif&quot;:&quot;image\\\/tiff&quot;,&quot;webp&quot;:&quot;image\\\/webp&quot;,&quot;avif&quot;:&quot;image\\\/avif&quot;,&quot;ico&quot;:&quot;image\\\/x-icon&quot;,&quot;heic&quot;:&quot;image\\\/heic&quot;,&quot;heif&quot;:&quot;image\\\/heif&quot;,&quot;heics&quot;:&quot;image\\\/heic-sequence&quot;,&quot;heifs&quot;:&quot;image\\\/heif-sequence&quot;,&quot;asf|asx&quot;:&quot;video\\\/x-ms-asf&quot;,&quot;wmv&quot;:&quot;video\\\/x-ms-wmv&quot;,&quot;wmx&quot;:&quot;video\\\/x-ms-wmx&quot;,&quot;wm&quot;:&quot;video\\\/x-ms-wm&quot;,&quot;avi&quot;:&quot;video\\\/avi&quot;,&quot;divx&quot;:&quot;video\\\/divx&quot;,&quot;flv&quot;:&quot;video\\\/x-flv&quot;,&quot;mov|qt&quot;:&quot;video\\\/quicktime&quot;,&quot;mpeg|mpg|mpe&quot;:&quot;video\\\/mpeg&quot;,&quot;mp4|m4v&quot;:&quot;video\\\/mp4&quot;,&quot;ogv&quot;:&quot;video\\\/ogg&quot;,&quot;webm&quot;:&quot;video\\\/webm&quot;,&quot;mkv&quot;:&quot;video\\\/x-matroska&quot;,&quot;3gp|3gpp&quot;:&quot;video\\\/3gpp&quot;,&quot;3g2|3gp2&quot;:&quot;video\\\/3gpp2&quot;,&quot;txt|asc|c|cc|h|srt&quot;:&quot;text\\\/plain&quot;,&quot;csv&quot;:&quot;text\\\/csv&quot;,&quot;tsv&quot;:&quot;text\\\/tab-separated-values&quot;,&quot;ics&quot;:&quot;text\\\/calendar&quot;,&quot;rtx&quot;:&quot;text\\\/richtext&quot;,&quot;css&quot;:&quot;text\\\/css&quot;,&quot;vtt&quot;:&quot;text\\\/vtt&quot;,&quot;dfxp&quot;:&quot;application\\\/ttaf+xml&quot;,&quot;mp3|m4a|m4b&quot;:&quot;audio\\\/mpeg&quot;,&quot;aac&quot;:&quot;audio\\\/aac&quot;,&quot;ra|ram&quot;:&quot;audio\\\/x-realaudio&quot;,&quot;wav|x-wav&quot;:&quot;audio\\\/wav&quot;,&quot;ogg|oga&quot;:&quot;audio\\\/ogg&quot;,&quot;flac&quot;:&quot;audio\\\/flac&quot;,&quot;mid|midi&quot;:&quot;audio\\\/midi&quot;,&quot;wma&quot;:&quot;audio\\\/x-ms-wma&quot;,&quot;wax&quot;:&quot;audio\\\/x-ms-wax&quot;,&quot;mka&quot;:&quot;audio\\\/x-matroska&quot;,&quot;rtf&quot;:&quot;application\\\/rtf&quot;,&quot;pdf&quot;:&quot;application\\\/pdf&quot;,&quot;class&quot;:&quot;application\\\/java&quot;,&quot;tar&quot;:&quot;application\\\/x-tar&quot;,&quot;zip&quot;:&quot;application\\\/zip&quot;,&quot;gz|gzip&quot;:&quot;application\\\/x-gzip&quot;,&quot;rar&quot;:&quot;application\\\/rar&quot;,&quot;7z&quot;:&quot;application\\\/x-7z-compressed&quot;,&quot;psd&quot;:&quot;application\\\/octet-stream&quot;,&quot;xcf&quot;:&quot;application\\\/octet-stream&quot;,&quot;doc&quot;:&quot;application\\\/msword&quot;,&quot;pot|pps|ppt&quot;:&quot;application\\\/vnd.ms-powerpoint&quot;,&quot;wri&quot;:&quot;application\\\/vnd.ms-write&quot;,&quot;xla|xls|xlt|xlw&quot;:&quot;application\\\/vnd.ms-excel&quot;,&quot;mdb&quot;:&quot;application\\\/vnd.ms-access&quot;,&quot;mpp&quot;:&quot;application\\\/vnd.ms-project&quot;,&quot;docx&quot;:&quot;application\\\/vnd.openxmlformats-officedocument.wordprocessingml.document&quot;,&quot;docm&quot;:&quot;application\\\/vnd.ms-word.document.macroEnabled.12&quot;,&quot;dotx&quot;:&quot;application\\\/vnd.openxmlformats-officedocument.wordprocessingml.template&quot;,&quot;dotm&quot;:&quot;application\\\/vnd.ms-word.template.macroEnabled.12&quot;,&quot;xlsx&quot;:&quot;application\\\/vnd.openxmlformats-officedocument.spreadsheetml.sheet&quot;,&quot;xlsm&quot;:&quot;application\\\/vnd.ms-excel.sheet.macroEnabled.12&quot;,&quot;xlsb&quot;:&quot;application\\\/vnd.ms-excel.sheet.binary.macroEnabled.12&quot;,&quot;xltx&quot;:&quot;application\\\/vnd.openxmlformats-officedocument.spreadsheetml.template&quot;,&quot;xltm&quot;:&quot;application\\\/vnd.ms-excel.template.macroEnabled.12&quot;,&quot;xlam&quot;:&quot;application\\\/vnd.ms-excel.addin.macroEnabled.12&quot;,&quot;pptx&quot;:&quot;application\\\/vnd.openxmlformats-officedocument.presentationml.presentation&quot;,&quot;pptm&quot;:&quot;application\\\/vnd.ms-powerpoint.presentation.macroEnabled.12&quot;,&quot;ppsx&quot;:&quot;application\\\/vnd.openxmlformats-officedocument.presentationml.slideshow&quot;,&quot;ppsm&quot;:&quot;application\\\/vnd.ms-powerpoint.slideshow.macroEnabled.12&quot;,&quot;potx&quot;:&quot;application\\\/vnd.openxmlformats-officedocument.presentationml.template&quot;,&quot;potm&quot;:&quot;application\\\/vnd.ms-powerpoint.template.macroEnabled.12&quot;,&quot;ppam&quot;:&quot;application\\\/vnd.ms-powerpoint.addin.macroEnabled.12&quot;,&quot;sldx&quot;:&quot;application\\\/vnd.openxmlformats-officedocument.presentationml.slide&quot;,&quot;sldm&quot;:&quot;application\\\/vnd.ms-powerpoint.slide.macroEnabled.12&quot;,&quot;onetoc|onetoc2|onetmp|onepkg&quot;:&quot;application\\\/onenote&quot;,&quot;oxps&quot;:&quot;application\\\/oxps&quot;,&quot;xps&quot;:&quot;application\\\/vnd.ms-xpsdocument&quot;,&quot;odt&quot;:&quot;application\\\/vnd.oasis.opendocument.text&quot;,&quot;odp&quot;:&quot;application\\\/vnd.oasis.opendocument.presentation&quot;,&quot;ods&quot;:&quot;application\\\/vnd.oasis.opendocument.spreadsheet&quot;,&quot;odg&quot;:&quot;application\\\/vnd.oasis.opendocument.graphics&quot;,&quot;odc&quot;:&quot;application\\\/vnd.oasis.opendocument.chart&quot;,&quot;odb&quot;:&quot;application\\\/vnd.oasis.opendocument.database&quot;,&quot;odf&quot;:&quot;application\\\/vnd.oasis.opendocument.formula&quot;,&quot;wp|wpd&quot;:&quot;application\\\/wordperfect&quot;,&quot;key&quot;:&quot;application\\\/vnd.apple.keynote&quot;,&quot;numbers&quot;:&quot;application\\\/vnd.apple.numbers&quot;,&quot;pages&quot;:&quot;application\\\/vnd.apple.pages&quot;}\" data-max-count=\"3\" multiple=\"multiple\" hidden=\"1\"\/><\/div><span class=\"mf_description\">Max. file size: 8 MB.<\/span><div class=\"mf_files_completed\"><\/div><div class=\"mf_files_pending\"><\/div><\/div><\/li><li id=\"mf_15_field_6\" data-id=\"6\" class=\"mfield mfield_text mfield_required\"><div  class=\"mf_field_container\"><label for=\"mform_15_mfield_6\"><span class=\"mf_label\">Nome do Pai:<\/span><span class=\"mf_required\">*<\/span><\/label><div  class=\"mf_input_container mf_input_text\"><input type=\"text\" name=\"mform_15_mfield_6\" id=\"mform_15_mfield_6\" required=\"required\"\/><\/div><\/div><\/li><li id=\"mf_15_field_7\" data-id=\"7\" class=\"mfield mfield_text mfield_required\"><div  class=\"mf_field_container\"><label for=\"mform_15_mfield_7\"><span class=\"mf_label\">Nome do M\u00e3e:<\/span><span class=\"mf_required\">*<\/span><\/label><div  class=\"mf_input_container mf_input_text\"><input type=\"text\" name=\"mform_15_mfield_7\" id=\"mform_15_mfield_7\" required=\"required\"\/><\/div><\/div><\/li><li id=\"mf_15_field_8\" data-id=\"8\" class=\"mfield mfield_textarea mfield_required\"><div  class=\"mf_field_container\"><label for=\"mform_15_mfield_8\"><span class=\"mf_label\">Morada Completa:<\/span><span class=\"mf_required\">*<\/span><\/label><div  class=\"mf_input_container mf_input_textarea\"><textarea name=\"mform_15_mfield_8\" id=\"mform_15_mfield_8\" required=\"required\"><\/textarea><\/div><\/div><\/li><li id=\"mf_15_field_9\" data-id=\"9\" class=\"mfield mfield_text mfield_required\"><div  class=\"mf_field_container\"><label for=\"mform_15_mfield_9\"><span class=\"mf_label\">C\u00f3digo Postal<\/span><span class=\"mf_required\">*<\/span><\/label><div  class=\"mf_input_container mf_input_text\"><input type=\"text\" name=\"mform_15_mfield_9\" id=\"mform_15_mfield_9\" class=\"mf-input-masked\" required=\"required\" data-mfmask=\"0000-000\"\/><\/div><span class=\"mf_description\">XXXX-XXX (4 d\u00edgitos - 3 d\u00edgitos do c\u00f3digo postal)<\/span><\/div><\/li><li id=\"mf_15_field_10\" data-id=\"10\" class=\"mfield mfield_number mfield_required\"><div  class=\"mf_field_container\"><label for=\"mform_15_mfield_10\"><span class=\"mf_label\">Telefone do Pai:<\/span><span class=\"mf_required\">*<\/span><\/label><div  class=\"mf_input_container mf_input_number\"><input type=\"number\" name=\"mform_15_mfield_10\" id=\"mform_15_mfield_10\" required=\"required\" pattern=\"[0-9]*\" inputmode=\"numeric\"\/><\/div><\/div><\/li><li id=\"mf_15_field_11\" data-id=\"11\" class=\"mfield mfield_number mfield_required\"><div  class=\"mf_field_container\"><label for=\"mform_15_mfield_11\"><span class=\"mf_label\">Telefone do M\u00e3e:<\/span><span class=\"mf_required\">*<\/span><\/label><div  class=\"mf_input_container mf_input_number\"><input type=\"number\" name=\"mform_15_mfield_11\" id=\"mform_15_mfield_11\" required=\"required\" pattern=\"[0-9]*\" inputmode=\"numeric\"\/><\/div><\/div><\/li><li id=\"mf_15_field_12\" data-id=\"12\" class=\"mfield mfield_text mfield_required\"><div  class=\"mf_field_container\"><label for=\"mform_15_mfield_12\"><span class=\"mf_label\">Profiss\u00e3o da Pai:<\/span><span class=\"mf_required\">*<\/span><\/label><div  class=\"mf_input_container mf_input_text\"><input type=\"text\" name=\"mform_15_mfield_12\" id=\"mform_15_mfield_12\" required=\"required\"\/><\/div><\/div><\/li><li id=\"mf_15_field_13\" data-id=\"13\" class=\"mfield mfield_text mfield_required\"><div  class=\"mf_field_container\"><label for=\"mform_15_mfield_13\"><span class=\"mf_label\">Profiss\u00e3o da M\u00e3e:<\/span><span class=\"mf_required\">*<\/span><\/label><div  class=\"mf_input_container mf_input_text\"><input type=\"text\" name=\"mform_15_mfield_13\" id=\"mform_15_mfield_13\" required=\"required\"\/><\/div><\/div><\/li><li id=\"mf_15_field_14\" data-id=\"14\" class=\"mfield mfield_textarea\"><div  class=\"mf_field_container\"><label for=\"mform_15_mfield_14\"><span class=\"mf_label\">Local de Trabalho do Pai:<\/span><\/label><div  class=\"mf_input_container mf_input_textarea\"><textarea name=\"mform_15_mfield_14\" id=\"mform_15_mfield_14\"><\/textarea><\/div><\/div><\/li><li id=\"mf_15_field_15\" data-id=\"15\" class=\"mfield mfield_textarea\"><div  class=\"mf_field_container\"><label for=\"mform_15_mfield_15\"><span class=\"mf_label\">Local de Trabalho do M\u00e3e:<\/span><\/label><div  class=\"mf_input_container mf_input_textarea\"><textarea name=\"mform_15_mfield_15\" id=\"mform_15_mfield_15\"><\/textarea><\/div><\/div><\/li><li id=\"mf_15_field_16\" data-id=\"16\" class=\"mfield mfield_radios mfield_required\"><div  class=\"mf_field_container\"><label for=\"mform_15_mfield_16\"><span class=\"mf_label\">A crian\u00e7a tem necessidades educativas especiais (NEE)?<\/span><span class=\"mf_required\">*<\/span><\/label><div  class=\"mf_input_container mf_input_radios mf-choice-alignment-vertical mf-choice-style-standard\"><ul class=\"mf-choice mf-radios\"><li><label><input type=\"radio\" value=\"N\u00e3o\" name=\"mform_15_mfield_16\" required=\"required\"\/><span class=\"mf-choice-desc mf-radio-desc\">N\u00e3o<\/span><\/label><\/li><li><label><input type=\"radio\" value=\"Sim\" name=\"mform_15_mfield_16\" required=\"required\"\/><span class=\"mf-choice-desc mf-radio-desc\">Sim<\/span><\/label><\/li><\/ul><\/div><\/div><\/li><li id=\"mf_15_field_17\" data-id=\"17\" class=\"mfield mfield_email mfield_required\"><div  class=\"mf_field_container\"><label for=\"mform_15_mfield_17\"><span class=\"mf_label\">E-mail Encarregado Educa\u00e7\u00e3o:<\/span><span class=\"mf_required\">*<\/span><\/label><div  class=\"mf_input_container mf_input_email mf_input_compound\"><span class=\"mf_sub_field mf_sub_email mf_half mf_left\"><input type=\"text\" name=\"mform_15_mfield_17[email]\" value=\"\" placeholder=\"\"\/><label for=\"mform_15_mfield_17[email]\" id=\"mform_15_mfield_17[email]\" class=\"mf_sub_label\">Email<\/label><\/span><\/div><\/div><\/li><li id=\"mf_15_field_18\" data-id=\"18\" class=\"mfield mfield_textarea\"><div  class=\"mf_field_container\"><label for=\"mform_15_mfield_18\"><span class=\"mf_label\">Observa\u00e7\u00f5es<\/span><\/label><div  class=\"mf_input_container mf_input_textarea\"><textarea name=\"mform_15_mfield_18\" id=\"mform_15_mfield_18\"><\/textarea><\/div><\/div><\/li><li id=\"mf_15_field_19\" data-id=\"19\" class=\"mfield mfield_radios mfield_required\"><div  class=\"mf_field_container\"><label for=\"mform_15_mfield_19\"><span class=\"mf_label\">Data de Admiss\u00e3o<\/span><span class=\"mf_required\">*<\/span><\/label><div  class=\"mf_input_container mf_input_radios mf-choice-alignment-vertical mf-choice-style-standard\"><ul class=\"mf-choice mf-radios\"><li><label><input type=\"radio\" value=\"1 de Setembro de 2025\" name=\"mform_15_mfield_19\" required=\"required\"\/><span class=\"mf-choice-desc mf-radio-desc\">1 de Setembro de 2025<\/span><\/label><\/li><li><label><input type=\"radio\" value=\"15 de Setembro de 2025\" name=\"mform_15_mfield_19\" required=\"required\"\/><span class=\"mf-choice-desc mf-radio-desc\">15 de Setembro de 2025<\/span><\/label><\/li><li><label><input type=\"radio\" value=\"1 de Outubro de 2025\" name=\"mform_15_mfield_19\" required=\"required\"\/><span class=\"mf-choice-desc mf-radio-desc\">1 de Outubro de 2025<\/span><\/label><\/li><li><label><input type=\"radio\" value=\"3 de Novembro de 2025\" name=\"mform_15_mfield_19\" required=\"required\"\/><span class=\"mf-choice-desc mf-radio-desc\">3 de Novembro de 2025<\/span><\/label><\/li><li><label><input type=\"radio\" value=\"Outro\" name=\"mform_15_mfield_19\" required=\"required\"\/><span class=\"mf-choice-desc mf-radio-desc\">Outro<\/span><\/label><\/li><\/ul><\/div><\/div><\/li><li id=\"mf_15_field_20\" data-id=\"20\" class=\"mfield mfield_date\"><div  class=\"mf_field_container\"><label for=\"mform_15_mfield_20\"><span class=\"mf_label\">Outra data de admiss\u00e3o (pretendida)<\/span><\/label><div  class=\"mf_input_container mf_input_date mf_date_icon\"><input type=\"text\" name=\"mform_15_mfield_20\" id=\"mform_15_mfield_20\" class=\"datepicker-here\" data-language=\"en\" data-date-format=\"dd\/mm\/yyyy\" data-date-from=\"\" data-date-to=\"\"\/><\/div><\/div><\/li><li id=\"mf_15_field_23\" data-id=\"23\" class=\"mfield mfield_html\"><div  class=\"mf_field_container\"><div  class=\"mf_input_container mf_input_html\"><p align=\"justify\"><strong>INFORMA\u00c7\u00c3O RELATIVA AO TRATAMENTO DE DADOS PESSOAIS<\/strong><\/p>\r\n<p align=\"justify\">1.Respons\u00e1vel pelo tratamento dos dados recolhidos Santa Casa da Miseric\u00f3rdia de Cantanhede<\/p>\r\n<p align=\"justify\"> Morada: Rua Dr. Ant\u00f3nio Jos\u00e9 da Silva Poiares, 3060-141 Cantanhede <\/p>\r\n<p align=\"justify\">2.Finalidade do Tratamento <\/p>\r\n<p align=\"justify\">Os dados pessoais dos Clientes e respetivos familiares s\u00e3o recolhidos e tratados com a finalidade de presta\u00e7\u00e3o de servi\u00e7os da resposta social Creche\/Jardim de Inf\u00e2ncia\/CATL e cumprimento das obriga\u00e7\u00f5es legais da\u00ed decorrentes. <\/p>\r\n<p align=\"justify\">3.Porque podemos tratar os seus dados pessoais? (fundamento jur\u00eddico)<\/p>\r\n<p align=\"justify\"> O tratamento dos dados pessoais recolhidos tem como fundamento legal a inscri\u00e7\u00e3o do utente e a respetiva execu\u00e7\u00e3o do contrato de presta\u00e7\u00e3o de servi\u00e7os da resposta social Creche\/Jardim de Inf\u00e2ncia\/CATL e o cumprimento das obriga\u00e7\u00f5es contratuais e legais dele decorrentes, rec\u00edprocas e para com entidades terceiras, designadamente p\u00fablicas, como a Administra\u00e7\u00e3o Tribut\u00e1ria e a Seguran\u00e7a Social. <\/p>\r\n<p align=\"justify\">4.Destinat\u00e1rios ou categorias de destinat\u00e1rios dos dados pessoais <\/p>\r\n<p align=\"justify\">Entidades banc\u00e1rias, Seguradoras, Seguran\u00e7a Social, prestadores de cuidados de sa\u00fade em contexto de urg\u00eancia, Administra\u00e7\u00e3o Tribut\u00e1ria, e outras de id\u00eantica natureza a quem os dados devam ser comunicados por for\u00e7a de disposi\u00e7\u00e3o legal ou a pedido do Cliente. <\/p>\r\n<p align=\"justify\">5.Prazo ou crit\u00e9rio de conserva\u00e7\u00e3o dos dados pessoais, ou crit\u00e9rios usados para a respetiva defini\u00e7\u00e3o <\/p>\r\n<p align=\"justify\">Os dados pessoais recolhidos ser\u00e3o somente conservados pelo tempo estritamente necess\u00e1rio, seja para cumprimento de prazo certo expressamente fixado por Lei, seja pelo tempo necess\u00e1rio a cumprir com as obriga\u00e7\u00f5es referidas no antecedente ponto 4. Todos os dados ser\u00e3o guardados por um m\u00ednimo de 2 anos ap\u00f3s a cessa\u00e7\u00e3o da presta\u00e7\u00e3o do servi\u00e7o da resposta Creche\/Jardim de Inf\u00e2ncia, salvo obriga\u00e7\u00e3o legal particular que estipule a conserva\u00e7\u00e3o por um per\u00edodo superior. <\/p>\r\n<p align=\"justify\">6.Direitos dos titulares dos Dados Pessoais Recolhidos <\/p>\r\n<p align=\"justify\">O titular dos dados pode exercer os direitos previstos no referido RGPD, designadamente o direito de informa\u00e7\u00e3o, de acesso, de retifica\u00e7\u00e3o, de apagamento, de limita\u00e7\u00e3o do tratamento, de portabilidade, de oposi\u00e7\u00e3o e de reclama\u00e7\u00e3o para autoridade de controlo - Comiss\u00e3o Nacional de Prote\u00e7\u00e3o de Dados, sem preju\u00edzo das finalidades e prazos de conserva\u00e7\u00e3o acima referidos. O Encarregado de Prote\u00e7\u00e3o de Dados pode ser contactado atrav\u00e9s do endere\u00e7o de correio eletr\u00f3nico josecoimbraalves@scmcantanhede.pt <\/p>\r\n<p align=\"justify\">7.Obriga\u00e7\u00e3o de comunica\u00e7\u00e3o <\/p>\r\n<p align=\"justify\">A comunica\u00e7\u00e3o dos dados pessoais solicitados constitui requisito de concretiza\u00e7\u00e3o do pedido de inscri\u00e7\u00e3o, pelo que o titular est\u00e1 obrigado a fornec\u00ea-los e a atualiz\u00e1-los.<\/p><\/div><\/div><\/li><li id=\"mf_15_field_21\" data-id=\"21\" class=\"mfield mfield_checkboxes mfield_required\"><div  class=\"mf_field_container\"><label for=\"mform_15_mfield_21\"><span class=\"mf_label\">INFORMA\u00c7\u00c3O RELATIVA AO TRATAMENTO DE DADOS PESSOAIS<\/span><span class=\"mf_required\">*<\/span><\/label><div  class=\"mf_input_container mf_input_checkboxes mf-choice-alignment-vertical mf-choice-style-standard\"><ul class=\"mf-choice mf-checkboxes\"><li><label><input type=\"checkbox\" value=\"Concordo\" name=\"mform_15_mfield_21\" id=\"mform_15_mfield_21\" required=\"required\"\/><span class=\"mf-choice-desc mf-checkbox-desc\">Concordo<\/span><\/label><\/li><\/ul><\/div><\/div><\/li><li id=\"mf_15_field_22\" data-id=\"22\" class=\"mfield mfield_text mfield_required\"><div  class=\"mf_field_container\"><label for=\"mform_15_mfield_22\"><span class=\"mf_label\">Preenchido por:<\/span><span class=\"mf_required\">*<\/span><\/label><div  class=\"mf_input_container mf_input_text\"><input type=\"text\" name=\"mform_15_mfield_22\" id=\"mform_15_mfield_22\" required=\"required\"\/><\/div><\/div><\/li><li id=\"mf_15_field_26\" data-id=\"26\" class=\"mfield mfield_html\"><div  class=\"mf_field_container\"><div  class=\"mf_input_container mf_input_html\"><p>- nome do respons\u00e1vel pelo tratamento \u2013 SCM Cantanhede<\/p>\r\n<p>- finalidade \u2013 responder pedido de contacto<\/p>\r\n<p>- mais informa\u00e7\u00f5es consultar a nossa <a href=\"https:\/\/www.scmcantanhede.pt\/?page_id=757\">pol\u00edtica de privacidade<\/a><\/p>\r\n<\/div><\/div><\/li><\/ul><\/li><li id=\"mf_15_field_hp\" data-id=\"hp\" class=\"mfield mfield_hp\"><div  class=\"mf_field_container\"><label for=\"mform_15_mfield_hp\"><span class=\"mf_label\">Do not fill this field.<\/span><\/label><div ><input type=\"text\" name=\"mform_15_mfield_hp\" id=\"mform_15_mfield_hp\" autocomplete=\"false\"\/><\/div><\/div><\/li><\/ul><\/div><div class=\"mform_footer\"><input type=\"hidden\" name=\"_mf_form_id\" value=\"15\"><input type=\"hidden\" name=\"_mf_csrf_token\" value=\"\"><input type=\"hidden\" name=\"_mf_t_token\" value=\"MjY2Nzg4NjAyMTU=\"><input type=\"hidden\" name=\"_mf_s_token\" value=\"6ebe9e97-d6beac44-bb35-bd86\"><input type=\"hidden\" name=\"_mf_referrer\" value=\"https:\/\/www.scmcantanhede.pt\"><div class=\"mf-submit-container\"><button type=\"submit\"name=\"mform_save\" class=\"button mf-save-btn\" formnovalidate=\"formnovalidate\"><span class=\"mf-btn-txt\">Salvar e Continuar mais tarde<\/span><\/button><button type=\"submit\"id=\"mf-submit-15\" name=\"mform_submit\" class=\"button mf-submit-btn\" formnovalidate=\"formnovalidate\" value=\"Enviar\"><span class=\"mf-btn-txt\">Enviar<\/span><\/button><\/div><\/div><\/form><\/div>\n","protected":false},"excerpt":{"rendered":"<p>ANO LETIVO 2025\/2026 \u2013 In\u00edcio: 1\u00ba dia \u00fatil de Junho (2.06.2025), as inscri\u00e7\u00f5es s\u00f3 podem ser realizadas ap\u00f3s a crian\u00e7a ter o NISS. De acordo com a data de nascimento das crian\u00e7as (2018\/2017\/2016\/2015) e a resposta social de CATL, as inscri\u00e7\u00f5es devem ser realizadas utilizando o formul\u00e1rio abaixo. Nota: Dever\u00e1 possuir o documento de identifica\u00e7\u00e3o [&hellip;]<\/p>\n","protected":false},"author":1,"featured_media":0,"parent":0,"menu_order":0,"comment_status":"closed","ping_status":"closed","template":"","meta":{"_oasis_is_in_workflow":0,"_oasis_original":0,"footnotes":""},"class_list":["post-67","page","type-page","status-publish","hentry"],"aioseo_notices":[],"_links":{"self":[{"href":"https:\/\/www.scmcantanhede.pt\/index.php?rest_route=\/wp\/v2\/pages\/67","targetHints":{"allow":["GET"]}}],"collection":[{"href":"https:\/\/www.scmcantanhede.pt\/index.php?rest_route=\/wp\/v2\/pages"}],"about":[{"href":"https:\/\/www.scmcantanhede.pt\/index.php?rest_route=\/wp\/v2\/types\/page"}],"author":[{"embeddable":true,"href":"https:\/\/www.scmcantanhede.pt\/index.php?rest_route=\/wp\/v2\/users\/1"}],"replies":[{"embeddable":true,"href":"https:\/\/www.scmcantanhede.pt\/index.php?rest_route=%2Fwp%2Fv2%2Fcomments&post=67"}],"version-history":[{"count":0,"href":"https:\/\/www.scmcantanhede.pt\/index.php?rest_route=\/wp\/v2\/pages\/67\/revisions"}],"wp:attachment":[{"href":"https:\/\/www.scmcantanhede.pt\/index.php?rest_route=%2Fwp%2Fv2%2Fmedia&parent=67"}],"curies":[{"name":"wp","href":"https:\/\/api.w.org\/{rel}","templated":true}]}}