{"id":65,"date":"2023-01-07T15:49:20","date_gmt":"2023-01-07T15:49:20","guid":{"rendered":"https:\/\/scmcantanhede.pt\/?page_id=65"},"modified":"2025-05-30T11:06:37","modified_gmt":"2025-05-30T10:06:37","slug":"inscricao-lar","status":"publish","type":"page","link":"https:\/\/www.scmcantanhede.pt\/?page_id=65","title":{"rendered":"Inscri\u00e7\u00e3o Lar\/Centro de Dia\/S.A.D"},"content":{"rendered":"\n<p>Pode consultar a legisla\u00e7\u00e3o relativa \u00e0 inscri\u00e7\u00e3o em <a href=\"https:\/\/scmcantanhede.pt\/?page_id=145\" title=\"Servi\u00e7os Administrativos\">\u00c1rea Reservada \u2013 Servi\u00e7os Administrativos.<\/a><\/p>\n\n\n\n<p><strong>As inscri\u00e7\u00f5es on-line de idosos para admiss\u00e3o na respostas socias de ERPI (Estrutura Residencial para Pessoas Idosas), Centro de Dia e SAD (Servi\u00e7o de Apoio Domicili\u00e1rio) poder\u00e3o ser efetuadas atrav\u00e9s do seguinte formul\u00e1rio:<\/strong><\/p>\n\n\n<div id=\"mform_4\" class=\"mform_container \" novalidate=\"novalidate\"><form id=\"mega-form-4\" class=\"single-mega-form mf-mask ajax-mega-form\" method=\"post\" enctype=\"multipart\/form-data\" action=\"\" data-id=\"4\" data-load-time=\"1776311073\"><div class=\"mform_header\"><div class=\"mform_response_msg mf_hidden\"><\/div><\/div><div class=\"mform_body\"><ul class=\"mform_fields\"><li class=\"mf-container mf-row-container mf-1-cols\" data-container=\"row\"><ul class=\"mf_col mf-row-col mfcol-size-custom\" style=\"width:100%\"><li id=\"mf_4_field_23\" data-id=\"23\" class=\"mfield mfield_checkboxes mfield_required\"><div  class=\"mf_field_container\"><label for=\"mform_4_mfield_23\"><span class=\"mf_label\">Resposta Social:<\/span><span class=\"mf_required\">*<\/span><\/label><div  class=\"mf_input_container mf_input_checkboxes mf-choice-alignment-vertical mf-choice-style-standard\"><ul class=\"mf-choice mf-checkboxes\"><li><label><input type=\"checkbox\" value=\"ERPI\" name=\"mform_4_mfield_23[]\" required=\"required\"\/><span class=\"mf-choice-desc mf-checkbox-desc\">ERPI<\/span><\/label><\/li><li><label><input type=\"checkbox\" value=\"Centro de Dia\" name=\"mform_4_mfield_23[]\" required=\"required\"\/><span class=\"mf-choice-desc mf-checkbox-desc\">Centro de Dia<\/span><\/label><\/li><li><label><input type=\"checkbox\" value=\"S.A.D.\" name=\"mform_4_mfield_23[]\" required=\"required\"\/><span class=\"mf-choice-desc mf-checkbox-desc\">S.A.D.<\/span><\/label><\/li><\/ul><\/div><\/div><\/li><li id=\"mf_4_field_53\" data-id=\"53\" class=\"mfield mfield_text mfield_required\"><div  class=\"mf_field_container\"><label for=\"mform_4_mfield_53\"><span class=\"mf_label\">Nome do Idoso<\/span><span class=\"mf_required\">*<\/span><\/label><div  class=\"mf_input_container mf_input_text\"><input type=\"text\" name=\"mform_4_mfield_53\" id=\"mform_4_mfield_53\" required=\"required\"\/><\/div><\/div><\/li><li id=\"mf_4_field_55\" data-id=\"55\" class=\"mfield mfield_text mfield_required\"><div  class=\"mf_field_container\"><label for=\"mform_4_mfield_55\"><span class=\"mf_label\">Morada<\/span><span class=\"mf_required\">*<\/span><\/label><div  class=\"mf_input_container mf_input_text\"><input type=\"text\" name=\"mform_4_mfield_55\" id=\"mform_4_mfield_55\" required=\"required\"\/><\/div><\/div><\/li><li id=\"mf_4_field_56\" data-id=\"56\" class=\"mfield mfield_text mfield_required\"><div  class=\"mf_field_container\"><label for=\"mform_4_mfield_56\"><span class=\"mf_label\">Localidade<\/span><span class=\"mf_required\">*<\/span><\/label><div  class=\"mf_input_container mf_input_text\"><input type=\"text\" name=\"mform_4_mfield_56\" id=\"mform_4_mfield_56\" required=\"required\"\/><\/div><\/div><\/li><li id=\"mf_4_field_57\" data-id=\"57\" class=\"mfield mfield_text mfield_required\"><div  class=\"mf_field_container\"><label for=\"mform_4_mfield_57\"><span class=\"mf_label\">C\u00f3digo-Postal<\/span><span class=\"mf_required\">*<\/span><\/label><div  class=\"mf_input_container mf_input_text\"><input type=\"text\" name=\"mform_4_mfield_57\" id=\"mform_4_mfield_57\" required=\"required\"\/><\/div><span class=\"mf_description\">3060-200<\/span><\/div><\/li><li id=\"mf_4_field_26\" data-id=\"26\" class=\"mfield mfield_date mfield_required\"><div  class=\"mf_field_container\"><label for=\"mform_4_mfield_26\"><span class=\"mf_label\">Data de Nascimento<\/span><span class=\"mf_required\">*<\/span><\/label><div  class=\"mf_input_container mf_input_date mf_date_icon\"><input type=\"text\" name=\"mform_4_mfield_26\" id=\"mform_4_mfield_26\" class=\"datepicker-here\" required=\"required\" data-language=\"en\" data-date-format=\"dd\/mm\/yyyy\" data-date-from=\"1900\" data-date-to=\"2025\"\/><\/div><\/div><\/li><li id=\"mf_4_field_27\" data-id=\"27\" class=\"mfield mfield_text mfield_required\"><div  class=\"mf_field_container\"><label for=\"mform_4_mfield_27\"><span class=\"mf_label\">Estado Civil<\/span><span class=\"mf_required\">*<\/span><\/label><div  class=\"mf_input_container mf_input_text\"><input type=\"text\" name=\"mform_4_mfield_27\" id=\"mform_4_mfield_27\" required=\"required\"\/><\/div><\/div><\/li><li id=\"mf_4_field_28\" data-id=\"28\" class=\"mfield mfield_number\"><div  class=\"mf_field_container\"><label for=\"mform_4_mfield_28\"><span class=\"mf_label\">Telefone de Casa<\/span><\/label><div  class=\"mf_input_container mf_input_number\"><input type=\"number\" name=\"mform_4_mfield_28\" id=\"mform_4_mfield_28\" pattern=\"[0-9]*\" inputmode=\"numeric\"\/><\/div><\/div><\/li><li id=\"mf_4_field_29\" data-id=\"29\" class=\"mfield mfield_number\"><div  class=\"mf_field_container\"><label for=\"mform_4_mfield_29\"><span class=\"mf_label\">Telem\u00f3vel<\/span><\/label><div  class=\"mf_input_container mf_input_number\"><input type=\"number\" name=\"mform_4_mfield_29\" id=\"mform_4_mfield_29\" pattern=\"[0-9]*\" inputmode=\"numeric\"\/><\/div><\/div><\/li><li id=\"mf_4_field_58\" data-id=\"58\" class=\"mfield mfield_checkboxes mfield_required\"><div  class=\"mf_field_container\"><label for=\"mform_4_mfield_58\"><span class=\"mf_label\">Tem interesse em vaga n\u00e3o comparticipada pela Seguran\u00e7a Social (Privada)?<\/span><span class=\"mf_required\">*<\/span><\/label><div  class=\"mf_input_container mf_input_checkboxes mf-choice-alignment-vertical mf-choice-style-standard\"><ul class=\"mf-choice mf-checkboxes\"><li><label><input type=\"checkbox\" value=\"Sim\" name=\"mform_4_mfield_58[]\" required=\"required\"\/><span class=\"mf-choice-desc mf-checkbox-desc\">Sim<\/span><\/label><\/li><li><label><input type=\"checkbox\" value=\"N\u00e3o\" name=\"mform_4_mfield_58[]\" required=\"required\"\/><span class=\"mf-choice-desc mf-checkbox-desc\">N\u00e3o<\/span><\/label><\/li><\/ul><\/div><\/div><\/li><li id=\"mf_4_field_30\" data-id=\"30\" class=\"mfield mfield_textarea\"><div  class=\"mf_field_container\"><label for=\"mform_4_mfield_30\"><span class=\"mf_label\">Grau de Autonomia e Cuidados Pretendidos:<\/span><\/label><div  class=\"mf_input_container mf_input_textarea\"><textarea name=\"mform_4_mfield_30\" id=\"mform_4_mfield_30\"><\/textarea><\/div><span class=\"mf_description\">Descri\u00e7\u00e3o opcional<\/span><\/div><\/li><li id=\"mf_4_field_31\" data-id=\"31\" class=\"mfield mfield_checkboxes mfield_required\"><div  class=\"mf_field_container\"><label for=\"mform_4_mfield_31\"><span class=\"mf_label\">Est\u00e1 dependente?<\/span><span class=\"mf_required\">*<\/span><\/label><div  class=\"mf_input_container mf_input_checkboxes mf-choice-alignment-vertical mf-choice-style-standard\"><ul class=\"mf-choice mf-checkboxes\"><li><label><input type=\"checkbox\" value=\"N\u00e3o\" name=\"mform_4_mfield_31[]\" required=\"required\"\/><span class=\"mf-choice-desc mf-checkbox-desc\">N\u00e3o<\/span><\/label><\/li><li><label><input type=\"checkbox\" value=\"Sim\" name=\"mform_4_mfield_31[]\" required=\"required\"\/><span class=\"mf-choice-desc mf-checkbox-desc\">Sim<\/span><\/label><\/li><li><label><input type=\"checkbox\" value=\"(Se sim) Acamado?\" name=\"mform_4_mfield_31[]\" required=\"required\"\/><span class=\"mf-choice-desc mf-checkbox-desc\">(Se sim) Acamado?<\/span><\/label><\/li><li><label><input type=\"checkbox\" value=\"Usa canadianas?\" name=\"mform_4_mfield_31[]\" required=\"required\"\/><span class=\"mf-choice-desc mf-checkbox-desc\">Usa canadianas?<\/span><\/label><\/li><li><label><input type=\"checkbox\" value=\"(Se sim) Cadeira de Rodas?\" name=\"mform_4_mfield_31[]\" required=\"required\"\/><span class=\"mf-choice-desc mf-checkbox-desc\">(Se sim) Cadeira de Rodas?<\/span><\/label><\/li><\/ul><\/div><\/div><\/li><li id=\"mf_4_field_32\" data-id=\"32\" class=\"mfield mfield_checkboxes mfield_required\"><div  class=\"mf_field_container\"><label for=\"mform_4_mfield_32\"><span class=\"mf_label\">Sofre de alguma doen\u00e7a?<\/span><span class=\"mf_required\">*<\/span><\/label><div  class=\"mf_input_container mf_input_checkboxes mf-choice-alignment-vertical mf-choice-style-standard\"><ul class=\"mf-choice mf-checkboxes\"><li><label><input type=\"checkbox\" value=\"N\u00e3o\" name=\"mform_4_mfield_32[]\" required=\"required\"\/><span class=\"mf-choice-desc mf-checkbox-desc\">N\u00e3o<\/span><\/label><\/li><li><label><input type=\"checkbox\" value=\"Sim\" name=\"mform_4_mfield_32[]\" required=\"required\"\/><span class=\"mf-choice-desc mf-checkbox-desc\">Sim<\/span><\/label><\/li><\/ul><\/div><\/div><\/li><li id=\"mf_4_field_33\" data-id=\"33\" class=\"mfield mfield_text\"><div  class=\"mf_field_container\"><label for=\"mform_4_mfield_33\"><span class=\"mf_label\">Se sim, Qual?<\/span><\/label><div  class=\"mf_input_container mf_input_text\"><input type=\"text\" name=\"mform_4_mfield_33\" id=\"mform_4_mfield_33\"\/><\/div><\/div><\/li><li id=\"mf_4_field_34\" data-id=\"34\" class=\"mfield mfield_checkboxes mfield_required\"><div  class=\"mf_field_container\"><label for=\"mform_4_mfield_34\"><span class=\"mf_label\">Recorre a servi\u00e7os de enfermagem?<\/span><span class=\"mf_required\">*<\/span><\/label><div  class=\"mf_input_container mf_input_checkboxes mf-choice-alignment-vertical mf-choice-style-standard\"><ul class=\"mf-choice mf-checkboxes\"><li><label><input type=\"checkbox\" value=\"N\u00e3o\" name=\"mform_4_mfield_34[]\" required=\"required\"\/><span class=\"mf-choice-desc mf-checkbox-desc\">N\u00e3o<\/span><\/label><\/li><li><label><input type=\"checkbox\" value=\"Sim\" name=\"mform_4_mfield_34[]\" required=\"required\"\/><span class=\"mf-choice-desc mf-checkbox-desc\">Sim<\/span><\/label><\/li><\/ul><\/div><\/div><\/li><li id=\"mf_4_field_35\" data-id=\"35\" class=\"mfield mfield_text\"><div  class=\"mf_field_container\"><label for=\"mform_4_mfield_35\"><span class=\"mf_label\">Se sim, Especifique:<\/span><\/label><div  class=\"mf_input_container mf_input_text\"><input type=\"text\" name=\"mform_4_mfield_35\" id=\"mform_4_mfield_35\"\/><\/div><\/div><\/li><li id=\"mf_4_field_36\" data-id=\"36\" class=\"mfield mfield_checkboxes mfield_required\"><div  class=\"mf_field_container\"><label for=\"mform_4_mfield_36\"><span class=\"mf_label\">Motivo de Inscri\u00e7\u00e3o:<\/span><span class=\"mf_required\">*<\/span><\/label><div  class=\"mf_input_container mf_input_checkboxes mf-choice-alignment-vertical mf-choice-style-standard\"><ul class=\"mf-choice mf-checkboxes\"><li><label><input type=\"checkbox\" value=\"Aus\u00eancia \/ Indisponibilidade familiar ou outras pessoas em assegurar os cuidados necess\u00e1rios.\" name=\"mform_4_mfield_36[]\" required=\"required\"\/><span class=\"mf-choice-desc mf-checkbox-desc\">Aus\u00eancia \/ Indisponibilidade familiar ou outras pessoas em assegurar os cuidados necess\u00e1rios.<\/span><\/label><\/li><li><label><input type=\"checkbox\" value=\"Candidato frequenta outra resposta \/ servi\u00e7o na SCMC.\" name=\"mform_4_mfield_36[]\" required=\"required\"\/><span class=\"mf-choice-desc mf-checkbox-desc\">Candidato frequenta outra resposta \/ servi\u00e7o na SCMC.<\/span><\/label><\/li><li><label><input type=\"checkbox\" value=\"Candidato frequenta uma resposta \/ servi\u00e7o em outra Institui\u00e7\u00e3o.\" name=\"mform_4_mfield_36[]\" required=\"required\"\/><span class=\"mf-choice-desc mf-checkbox-desc\">Candidato frequenta uma resposta \/ servi\u00e7o em outra Institui\u00e7\u00e3o.<\/span><\/label><\/li><\/ul><\/div><\/div><\/li><li id=\"mf_4_field_37\" data-id=\"37\" class=\"mfield mfield_text\"><div  class=\"mf_field_container\"><label for=\"mform_4_mfield_37\"><span class=\"mf_label\">Candidato frequenta outra resposta \/ servi\u00e7o na SCMC. Se sim, Qual?<\/span><\/label><div  class=\"mf_input_container mf_input_text\"><input type=\"text\" name=\"mform_4_mfield_37\" id=\"mform_4_mfield_37\"\/><\/div><\/div><\/li><li id=\"mf_4_field_38\" data-id=\"38\" class=\"mfield mfield_text\"><div  class=\"mf_field_container\"><label for=\"mform_4_mfield_38\"><span class=\"mf_label\">Candidato frequenta uma resposta \/ servi\u00e7o em outra Institui\u00e7\u00e3o. Se sim, Especifique:<\/span><\/label><div  class=\"mf_input_container mf_input_text\"><input type=\"text\" name=\"mform_4_mfield_38\" id=\"mform_4_mfield_38\"\/><\/div><\/div><\/li><li id=\"mf_4_field_39\" data-id=\"39\" class=\"mfield mfield_text\"><div  class=\"mf_field_container\"><label for=\"mform_4_mfield_39\"><span class=\"mf_label\">Outro. Qual?<\/span><\/label><div  class=\"mf_input_container mf_input_text\"><input type=\"text\" name=\"mform_4_mfield_39\" id=\"mform_4_mfield_39\"\/><\/div><\/div><\/li><li id=\"mf_4_field_40\" data-id=\"40\" class=\"mfield mfield_text mfield_required\"><div  class=\"mf_field_container\"><label for=\"mform_4_mfield_40\"><span class=\"mf_label\">Nome da Pessoa a contactar:<\/span><span class=\"mf_required\">*<\/span><\/label><div  class=\"mf_input_container mf_input_text\"><input type=\"text\" name=\"mform_4_mfield_40\" id=\"mform_4_mfield_40\" required=\"required\"\/><\/div><\/div><\/li><li id=\"mf_4_field_41\" data-id=\"41\" class=\"mfield mfield_text mfield_required\"><div  class=\"mf_field_container\"><label for=\"mform_4_mfield_41\"><span class=\"mf_label\">Parentesco com o candidato:<\/span><span class=\"mf_required\">*<\/span><\/label><div  class=\"mf_input_container mf_input_text\"><input type=\"text\" name=\"mform_4_mfield_41\" id=\"mform_4_mfield_41\" required=\"required\"\/><\/div><\/div><\/li><li id=\"mf_4_field_42\" data-id=\"42\" class=\"mfield mfield_text mfield_required\"><div  class=\"mf_field_container\"><label for=\"mform_4_mfield_42\"><span class=\"mf_label\">Contactos telef\u00f3nicos:<\/span><span class=\"mf_required\">*<\/span><\/label><div  class=\"mf_input_container mf_input_text\"><input type=\"text\" name=\"mform_4_mfield_42\" id=\"mform_4_mfield_42\" required=\"required\"\/><\/div><\/div><\/li><li id=\"mf_4_field_43\" data-id=\"43\" class=\"mfield mfield_email mfield_required\"><div  class=\"mf_field_container\"><label for=\"mform_4_mfield_43\"><span class=\"mf_label\">Email<\/span><span class=\"mf_required\">*<\/span><\/label><div  class=\"mf_input_container mf_input_email mf_input_compound\"><span class=\"mf_sub_field mf_sub_email mf_full mf_left\"><input type=\"text\" name=\"mform_4_mfield_43[email]\" value=\"\" placeholder=\"\"\/><label for=\"mform_4_mfield_43[email]\" id=\"mform_4_mfield_43[email]\" class=\"mf_sub_label\">Email<\/label><\/span><\/div><\/div><\/li><li id=\"mf_4_field_44\" data-id=\"44\" class=\"mfield mfield_file mfield_required\"><div  class=\"mf_field_container\"><label for=\"mform_4_mfield_44\"><span class=\"mf_label\">C\u00f3pia C.C. \/ B.I.<\/span><span class=\"mf_required\">*<\/span><\/label><div  class=\"mf_input_container mf_input_file\"><input type=\"file\" name=\"mform_4_mfield_44\" id=\"mform_4_mfield_44\" class=\"mf-upload\" required=\"required\" data-max-size=\"16777216\" accept=\".jpg, .gif, .png, .pdf\"\/><\/div><span class=\"mf_description\">Max. file size: 8 MB.<\/span><div class=\"mf_files_completed\"><\/div><div class=\"mf_files_pending\"><\/div><\/div><\/li><li id=\"mf_4_field_45\" data-id=\"45\" class=\"mfield mfield_file mfield_required\"><div  class=\"mf_field_container\"><label for=\"mform_4_mfield_45\"><span class=\"mf_label\">C\u00f3pia do IRS \/ C\u00f3pia do Comprovativo de Reforma<\/span><span class=\"mf_required\">*<\/span><\/label><div  class=\"mf_input_container mf_input_file\"><input type=\"file\" name=\"mform_4_mfield_45\" id=\"mform_4_mfield_45\" class=\"mf-upload\" required=\"required\" data-max-size=\"16777216\" accept=\".jpg, .gif, .png, .pdf\"\/><\/div><span class=\"mf_description\">Max. file size: 8 MB.<\/span><div class=\"mf_files_completed\"><\/div><div class=\"mf_files_pending\"><\/div><\/div><\/li><li id=\"mf_4_field_46\" data-id=\"46\" class=\"mfield mfield_text\"><div  class=\"mf_field_container\"><label for=\"mform_4_mfield_46\"><span class=\"mf_label\">NISS (do candidato)<\/span><\/label><div  class=\"mf_input_container mf_input_text\"><input type=\"text\" name=\"mform_4_mfield_46\" id=\"mform_4_mfield_46\"\/><\/div><\/div><\/li><li id=\"mf_4_field_47\" data-id=\"47\" class=\"mfield mfield_text\"><div  class=\"mf_field_container\"><label for=\"mform_4_mfield_47\"><span class=\"mf_label\">NIF (do candidato)<\/span><\/label><div  class=\"mf_input_container mf_input_text\"><input type=\"text\" name=\"mform_4_mfield_47\" id=\"mform_4_mfield_47\"\/><\/div><\/div><\/li><li id=\"mf_4_field_48\" data-id=\"48\" class=\"mfield mfield_date mfield_required\"><div  class=\"mf_field_container\"><label for=\"mform_4_mfield_48\"><span class=\"mf_label\">Data do Preenchimento<\/span><span class=\"mf_required\">*<\/span><\/label><div  class=\"mf_input_container mf_input_date mf_date_icon\"><input type=\"text\" name=\"mform_4_mfield_48\" id=\"mform_4_mfield_48\" value=\"Abril 16, 2026 04:44:33\" class=\"datepicker-here\" required=\"required\" data-language=\"en\" data-date-format=\"dd\/mm\/yyyy\" data-date-from=\"2025\" data-date-to=\"2050\"\/><\/div><\/div><\/li><li id=\"mf_4_field_49\" data-id=\"49\" class=\"mfield mfield_checkboxes mfield_required\"><div  class=\"mf_field_container\"><label for=\"mform_4_mfield_49\"><span class=\"mf_label\">O boletim de inscri\u00e7\u00e3o devidamente preenchido tem validade de 1 ano.<\/span><span class=\"mf_required\">*<\/span><\/label><div  class=\"mf_input_container mf_input_checkboxes mf-choice-alignment-vertical mf-choice-style-standard\"><ul class=\"mf-choice mf-checkboxes\"><li><label><input type=\"checkbox\" value=\"Tomei conhecimento\" name=\"mform_4_mfield_49\" id=\"mform_4_mfield_49\" required=\"required\"\/><span class=\"mf-choice-desc mf-checkbox-desc\">Tomei conhecimento<\/span><\/label><\/li><\/ul><\/div><\/div><\/li><li id=\"mf_4_field_51\" data-id=\"51\" class=\"mfield mfield_html\"><div  class=\"mf_field_container\"><div  class=\"mf_input_container mf_input_html\"><p align=\"justify\"><strong>INFORMA\u00c7\u00c3O RELATIVA AO TRATAMENTO DE DADOS PESSOAIS<\/strong><\/p>\r\n<p align=\"justify\">1.Respons\u00e1vel pelo tratamento dos dados recolhidos Santa Casa da Miseric\u00f3rdia de Cantanhede<\/p>\r\n<p align=\"justify\"> Morada: Rua Dr. Ant\u00f3nio Jos\u00e9 da Silva Poiares, 3060-141 Cantanhede <\/p>\r\n<p align=\"justify\">2.Finalidade do Tratamento <\/p>\r\n<p align=\"justify\">Os dados pessoais dos Clientes e respetivos familiares s\u00e3o recolhidos e tratados com a finalidade de presta\u00e7\u00e3o de servi\u00e7os da resposta social Creche\/Jardim de Inf\u00e2ncia\/CATL e cumprimento das obriga\u00e7\u00f5es legais da\u00ed decorrentes. <\/p>\r\n<p align=\"justify\">3.Porque podemos tratar os seus dados pessoais? (fundamento jur\u00eddico)<\/p>\r\n<p align=\"justify\"> O tratamento dos dados pessoais recolhidos tem como fundamento legal a inscri\u00e7\u00e3o do utente e a respetiva execu\u00e7\u00e3o do contrato de presta\u00e7\u00e3o de servi\u00e7os da resposta social Creche\/Jardim de Inf\u00e2ncia\/CATL e o cumprimento das obriga\u00e7\u00f5es contratuais e legais dele decorrentes, rec\u00edprocas e para com entidades terceiras, designadamente p\u00fablicas, como a Administra\u00e7\u00e3o Tribut\u00e1ria e a Seguran\u00e7a Social. <\/p>\r\n<p align=\"justify\">4.Destinat\u00e1rios ou categorias de destinat\u00e1rios dos dados pessoais <\/p>\r\n<p align=\"justify\">Entidades banc\u00e1rias, Seguradoras, Seguran\u00e7a Social, prestadores de cuidados de sa\u00fade em contexto de urg\u00eancia, Administra\u00e7\u00e3o Tribut\u00e1ria, e outras de id\u00eantica natureza a quem os dados devam ser comunicados por for\u00e7a de disposi\u00e7\u00e3o legal ou a pedido do Cliente. <\/p>\r\n<p align=\"justify\">5.Prazo ou crit\u00e9rio de conserva\u00e7\u00e3o dos dados pessoais, ou crit\u00e9rios usados para a respetiva defini\u00e7\u00e3o <\/p>\r\n<p align=\"justify\">Os dados pessoais recolhidos ser\u00e3o somente conservados pelo tempo estritamente necess\u00e1rio, seja para cumprimento de prazo certo expressamente fixado por Lei, seja pelo tempo necess\u00e1rio a cumprir com as obriga\u00e7\u00f5es referidas no antecedente ponto 4. Todos os dados ser\u00e3o guardados por um m\u00ednimo de 2 anos ap\u00f3s a cessa\u00e7\u00e3o da presta\u00e7\u00e3o do servi\u00e7o da resposta Creche\/Jardim de Inf\u00e2ncia, salvo obriga\u00e7\u00e3o legal particular que estipule a conserva\u00e7\u00e3o por um per\u00edodo superior. <\/p>\r\n<p align=\"justify\">6.Direitos dos titulares dos Dados Pessoais Recolhidos <\/p>\r\n<p align=\"justify\">O titular dos dados pode exercer os direitos previstos no referido RGPD, designadamente o direito de informa\u00e7\u00e3o, de acesso, de retifica\u00e7\u00e3o, de apagamento, de limita\u00e7\u00e3o do tratamento, de portabilidade, de oposi\u00e7\u00e3o e de reclama\u00e7\u00e3o para autoridade de controlo - Comiss\u00e3o Nacional de Prote\u00e7\u00e3o de Dados, sem preju\u00edzo das finalidades e prazos de conserva\u00e7\u00e3o acima referidos. O Encarregado de Prote\u00e7\u00e3o de Dados pode ser contactado atrav\u00e9s do endere\u00e7o de correio eletr\u00f3nico josecoimbraalves@scmcantanhede.pt <\/p>\r\n<p align=\"justify\">7.Obriga\u00e7\u00e3o de comunica\u00e7\u00e3o <\/p>\r\n<p align=\"justify\">A comunica\u00e7\u00e3o dos dados pessoais solicitados constitui requisito de concretiza\u00e7\u00e3o do pedido de inscri\u00e7\u00e3o, pelo que o titular est\u00e1 obrigado a fornec\u00ea-los e a atualiz\u00e1-los.<\/p><\/div><\/div><\/li><li id=\"mf_4_field_50\" data-id=\"50\" class=\"mfield mfield_checkboxes mfield_required\"><div  class=\"mf_field_container\"><label for=\"mform_4_mfield_50\"><span class=\"mf_label\">INFORMA\u00c7\u00c3O RELATIVA AO TRATAMENTO DE DADOS PESSOAIS<\/span><span class=\"mf_required\">*<\/span><\/label><div  class=\"mf_input_container mf_input_checkboxes mf-choice-alignment-vertical mf-choice-style-standard\"><ul class=\"mf-choice mf-checkboxes\"><li><label><input type=\"checkbox\" value=\"Concordo\" name=\"mform_4_mfield_50\" id=\"mform_4_mfield_50\" required=\"required\"\/><span class=\"mf-choice-desc mf-checkbox-desc\">Concordo<\/span><\/label><\/li><\/ul><\/div><\/div><\/li><li id=\"mf_4_field_52\" data-id=\"52\" class=\"mfield mfield_html\"><div  class=\"mf_field_container\"><div  class=\"mf_input_container mf_input_html\"><p>- nome do respons\u00e1vel pelo tratamento \u2013 SCM Cantanhede<\/p>\r\n<p>- finalidade \u2013 responder pedido de contacto<\/p>\r\n<p>- mais informa\u00e7\u00f5es consultar a nossa <a href=\"https:\/\/www.scmcantanhede.pt\/?page_id=757\">pol\u00edtica de privacidade<\/a><\/p><\/div><\/div><\/li><\/ul><\/li><li id=\"mf_4_field_hp\" data-id=\"hp\" class=\"mfield mfield_hp\"><div  class=\"mf_field_container\"><label for=\"mform_4_mfield_hp\"><span class=\"mf_label\">Do not fill this field.<\/span><\/label><div ><input type=\"text\" name=\"mform_4_mfield_hp\" id=\"mform_4_mfield_hp\" autocomplete=\"false\"\/><\/div><\/div><\/li><\/ul><\/div><div class=\"mform_footer\"><input type=\"hidden\" name=\"_mf_form_id\" value=\"4\"><input type=\"hidden\" name=\"_mf_csrf_token\" value=\"\"><input type=\"hidden\" name=\"_mf_t_token\" value=\"NzEwNTI0NDI5Mg==\"><input type=\"hidden\" name=\"_mf_s_token\" value=\"e66012e3-b26903dd-fd47-89e1\"><input type=\"hidden\" name=\"_mf_referrer\" value=\"https:\/\/www.scmcantanhede.pt\"><div class=\"mf-submit-container\"><button type=\"submit\"name=\"mform_save\" class=\"button mf-save-btn\" formnovalidate=\"formnovalidate\"><span class=\"mf-btn-txt\">Salvar e Continuar mais tarde<\/span><\/button><button type=\"submit\"id=\"mf-submit-4\" name=\"mform_submit\" class=\"button mf-submit-btn\" formnovalidate=\"formnovalidate\" value=\"Enviar\"><span class=\"mf-btn-txt\">Enviar<\/span><\/button><\/div><\/div><\/form><\/div>\n","protected":false},"excerpt":{"rendered":"<p>Pode consultar a legisla\u00e7\u00e3o relativa \u00e0 inscri\u00e7\u00e3o em \u00c1rea Reservada \u2013 Servi\u00e7os Administrativos. As inscri\u00e7\u00f5es on-line de idosos para admiss\u00e3o na respostas socias de ERPI (Estrutura Residencial para Pessoas Idosas), Centro de Dia e SAD (Servi\u00e7o de Apoio Domicili\u00e1rio) poder\u00e3o ser efetuadas atrav\u00e9s do seguinte formul\u00e1rio:<\/p>\n","protected":false},"author":1,"featured_media":0,"parent":0,"menu_order":0,"comment_status":"closed","ping_status":"closed","template":"","meta":{"_oasis_is_in_workflow":0,"_oasis_original":0,"footnotes":""},"class_list":["post-65","page","type-page","status-publish","hentry"],"aioseo_notices":[],"_links":{"self":[{"href":"https:\/\/www.scmcantanhede.pt\/index.php?rest_route=\/wp\/v2\/pages\/65","targetHints":{"allow":["GET"]}}],"collection":[{"href":"https:\/\/www.scmcantanhede.pt\/index.php?rest_route=\/wp\/v2\/pages"}],"about":[{"href":"https:\/\/www.scmcantanhede.pt\/index.php?rest_route=\/wp\/v2\/types\/page"}],"author":[{"embeddable":true,"href":"https:\/\/www.scmcantanhede.pt\/index.php?rest_route=\/wp\/v2\/users\/1"}],"replies":[{"embeddable":true,"href":"https:\/\/www.scmcantanhede.pt\/index.php?rest_route=%2Fwp%2Fv2%2Fcomments&post=65"}],"version-history":[{"count":0,"href":"https:\/\/www.scmcantanhede.pt\/index.php?rest_route=\/wp\/v2\/pages\/65\/revisions"}],"wp:attachment":[{"href":"https:\/\/www.scmcantanhede.pt\/index.php?rest_route=%2Fwp%2Fv2%2Fmedia&parent=65"}],"curies":[{"name":"wp","href":"https:\/\/api.w.org\/{rel}","templated":true}]}}