{"id":337,"date":"2023-01-14T17:26:36","date_gmt":"2023-01-14T17:26:36","guid":{"rendered":"https:\/\/scmcantanhede.pt\/?page_id=337"},"modified":"2023-05-29T18:54:21","modified_gmt":"2023-05-29T18:54:21","slug":"quem-somos","status":"publish","type":"page","link":"https:\/\/www.scmcantanhede.pt\/?page_id=337","title":{"rendered":"Quem Somos"},"content":{"rendered":"\n<figure class=\"wp-block-image size-large\"><img loading=\"lazy\" decoding=\"async\" width=\"1024\" height=\"348\" src=\"https:\/\/scmcantanhede.pt\/wp-content\/uploads\/2023\/04\/campus-1024x348.jpg\" alt=\"\" class=\"wp-image-787\" srcset=\"https:\/\/www.scmcantanhede.pt\/wp-content\/uploads\/2023\/04\/campus-1024x348.jpg 1024w, https:\/\/www.scmcantanhede.pt\/wp-content\/uploads\/2023\/04\/campus-300x102.jpg 300w, https:\/\/www.scmcantanhede.pt\/wp-content\/uploads\/2023\/04\/campus-768x261.jpg 768w, https:\/\/www.scmcantanhede.pt\/wp-content\/uploads\/2023\/04\/campus-1536x522.jpg 1536w, https:\/\/www.scmcantanhede.pt\/wp-content\/uploads\/2023\/04\/campus-2048x696.jpg 2048w, https:\/\/www.scmcantanhede.pt\/wp-content\/uploads\/2023\/04\/campus-600x204.jpg 600w\" sizes=\"auto, (max-width: 1024px) 100vw, 1024px\" \/><\/figure>\n\n\n\n<p align=\"justify\">Institu\u00edda em 1573, a Santa Casa da Miseric\u00f3rdia de Cantanhede tem prestado todo o apoio para que a sociedade, sobretudo a da sua \u00e1rea de influ\u00eancia, se torne mais justa. A express\u00e3o \u201cMiseric\u00f3rdia\u201d que deriva do latim \u201cMiseris+cor+dare\u201d e se pode traduzir por \u201cLugar no cora\u00e7\u00e3o para todos\u201d, foi o principal motivo impulsionador da constitui\u00e7\u00e3o das Miseric\u00f3rdias pela rainha D. Leonor. Tamb\u00e9m a nossa, ao longo dos s\u00e9culos de exist\u00eancia, tem tido, como lema orientador, este. <p align=\"justify\">A sua matriz de interven\u00e7\u00e3o \u00e9 sediada na doutrina social da Igreja e teve sempre a preocupa\u00e7\u00e3o de atualizar conceitos e respostas de acordo com os novos problemas e desafios da sociedade.<\/p><p align=\"justify\">O objetivo principal tem sido proteger e apoiar todas as pessoas, desde a primeira inf\u00e2ncia \u00e0 terceira idade, atrav\u00e9s de respostas sociais que promovam a melhoria cont\u00ednua da qualidade de vida. <\/p><p align=\"justify\">Contamos com recursos humanos respons\u00e1veis e solid\u00e1rios para a presta\u00e7\u00e3o de um servi\u00e7o que responda, da melhor forma, \u00e0 satisfa\u00e7\u00e3o das necessidades sentidas e expetativas do utente, apoiando diariamente cerca de 535 pessoas. <\/p><p align=\"justify\">\u00c9 para todos os Irm\u00e3os uma honra saber que a Institui\u00e7\u00e3o \u00e9 considerada uma refer\u00eancia no \u00e2mbito do servi\u00e7o social que presta.&nbsp;<\/p><p>Estrutura geral:<\/p>\n\n\n<div class=\"wp-block-image\">\n<figure class=\"aligncenter size-full\"><img loading=\"lazy\" decoding=\"async\" width=\"952\" height=\"709\" src=\"https:\/\/scmcantanhede.pt\/wp-content\/uploads\/2023\/05\/estrutura-geral.jpg\" alt=\"\" class=\"wp-image-1365\" srcset=\"https:\/\/www.scmcantanhede.pt\/wp-content\/uploads\/2023\/05\/estrutura-geral.jpg 952w, https:\/\/www.scmcantanhede.pt\/wp-content\/uploads\/2023\/05\/estrutura-geral-300x223.jpg 300w, https:\/\/www.scmcantanhede.pt\/wp-content\/uploads\/2023\/05\/estrutura-geral-768x572.jpg 768w, https:\/\/www.scmcantanhede.pt\/wp-content\/uploads\/2023\/05\/estrutura-geral-600x447.jpg 600w\" sizes=\"auto, (max-width: 952px) 100vw, 952px\" \/><\/figure>\n<\/div>","protected":false},"excerpt":{"rendered":"<p>Institu\u00edda em 1573, a Santa Casa da Miseric\u00f3rdia de Cantanhede tem prestado todo o apoio para que a sociedade, sobretudo a da sua \u00e1rea de influ\u00eancia, se torne mais justa. A express\u00e3o \u201cMiseric\u00f3rdia\u201d que deriva do latim \u201cMiseris+cor+dare\u201d e se pode traduzir por \u201cLugar no cora\u00e7\u00e3o para todos\u201d, foi o principal motivo impulsionador da constitui\u00e7\u00e3o [&hellip;]<\/p>\n","protected":false},"author":1,"featured_media":0,"parent":0,"menu_order":0,"comment_status":"closed","ping_status":"closed","template":"","meta":{"_oasis_is_in_workflow":0,"_oasis_original":0,"footnotes":""},"class_list":["post-337","page","type-page","status-publish","hentry"],"aioseo_notices":[],"_links":{"self":[{"href":"https:\/\/www.scmcantanhede.pt\/index.php?rest_route=\/wp\/v2\/pages\/337","targetHints":{"allow":["GET"]}}],"collection":[{"href":"https:\/\/www.scmcantanhede.pt\/index.php?rest_route=\/wp\/v2\/pages"}],"about":[{"href":"https:\/\/www.scmcantanhede.pt\/index.php?rest_route=\/wp\/v2\/types\/page"}],"author":[{"embeddable":true,"href":"https:\/\/www.scmcantanhede.pt\/index.php?rest_route=\/wp\/v2\/users\/1"}],"replies":[{"embeddable":true,"href":"https:\/\/www.scmcantanhede.pt\/index.php?rest_route=%2Fwp%2Fv2%2Fcomments&post=337"}],"version-history":[{"count":0,"href":"https:\/\/www.scmcantanhede.pt\/index.php?rest_route=\/wp\/v2\/pages\/337\/revisions"}],"wp:attachment":[{"href":"https:\/\/www.scmcantanhede.pt\/index.php?rest_route=%2Fwp%2Fv2%2Fmedia&parent=337"}],"curies":[{"name":"wp","href":"https:\/\/api.w.org\/{rel}","templated":true}]}}