{"id":32,"date":"2023-01-07T15:45:20","date_gmt":"2023-01-07T15:45:20","guid":{"rendered":"https:\/\/scmcantanhede.pt\/?page_id=32"},"modified":"2023-06-02T10:28:02","modified_gmt":"2023-06-02T09:28:02","slug":"unidade-de-cuidados-continuados-integrados","status":"publish","type":"page","link":"https:\/\/www.scmcantanhede.pt\/?page_id=32","title":{"rendered":"Unidade de Cuidados Continuados Integrados"},"content":{"rendered":"\n<p><\/p>\n\n\n<div class=\"wp-block-image\">\n<figure class=\"aligncenter size-large is-resized\"><img loading=\"lazy\" decoding=\"async\" src=\"https:\/\/scmcantanhede.pt\/wp-content\/uploads\/2023\/04\/f__0115-1024x466.jpg\" alt=\"\" class=\"wp-image-862\" width=\"625\" height=\"284\" srcset=\"https:\/\/www.scmcantanhede.pt\/wp-content\/uploads\/2023\/04\/f__0115-1024x466.jpg 1024w, https:\/\/www.scmcantanhede.pt\/wp-content\/uploads\/2023\/04\/f__0115-300x137.jpg 300w, https:\/\/www.scmcantanhede.pt\/wp-content\/uploads\/2023\/04\/f__0115-768x350.jpg 768w, https:\/\/www.scmcantanhede.pt\/wp-content\/uploads\/2023\/04\/f__0115-1536x699.jpg 1536w, https:\/\/www.scmcantanhede.pt\/wp-content\/uploads\/2023\/04\/f__0115-2048x932.jpg 2048w, https:\/\/www.scmcantanhede.pt\/wp-content\/uploads\/2023\/04\/f__0115-600x273.jpg 600w\" sizes=\"auto, (max-width: 625px) 100vw, 625px\" \/><\/figure>\n<\/div>\n\n\n<p align=\"center\"><strong>Unidade de Cuidados Continuados Integrados<\/strong><\/p>\n<p align=\"justify\">\tA  UCCI da Santa Casa da Miseric\u00f3rdia de Cantanhede, em funcionamento desde 01\/11\/2013  apresenta 30 camas na tipologia de Longa Dura\u00e7\u00e3o e Manuten\u00e7\u00e3o, com o per\u00edodo de  internamento previsto at\u00e9 180 dias, podendo-se verificar um internamento at\u00e9 90  dias por ano para descanso do principal cuidador ou em situa\u00e7\u00f5es tempor\u00e1rias  resultantes de dificuldades de apoio familiar. \u00c9 uma unidade de internamento, de car\u00e1cter tempor\u00e1rio ou  permanente, com espa\u00e7o f\u00edsico pr\u00f3prio, para prestar apoio social e cuidados de  sa\u00fade de manuten\u00e7\u00e3o a pessoas com doen\u00e7as ou processos cr\u00f3nicos, com diferentes  n\u00edveis de depend\u00eancia e que n\u00e3o re\u00fanam condi\u00e7\u00f5es para serem cuidadas no  domic\u00edlio.<br \/>\n  <\/p>\n<p align=\"justify\">A unidade de longa dura\u00e7\u00e3o e  manuten\u00e7\u00e3o assegura, designadamente:<br \/>\n  a) Atividades de manuten\u00e7\u00e3o e de estimula\u00e7\u00e3o;<br \/>\n  b) Cuidados de enfermagem di\u00e1rios;<br \/>\n  c) Cuidados m\u00e9dicos;<br \/>\n  d) Prescri\u00e7\u00e3o e administra\u00e7\u00e3o de f\u00e1rmacos;<br \/>\n  e) Apoio psicossocial;<br \/>\n  f) Cuidados de fisioterapia e de terapia ocupacional;<br \/>\n  g) Anima\u00e7\u00e3o sociocultural;<br \/>\n  h) Higiene, conforto e alimenta\u00e7\u00e3o;<br \/>\n  i) Apoio no desempenho das atividades da vida di\u00e1ria;<br \/>\n  j) Apoio nas atividades instrumentais da vida di\u00e1ria.<\/p>\n<p align=\"justify\">&#8211; O ingresso na Rede \u00e9 efetuado  atrav\u00e9s de proposta de referencia\u00e7\u00e3o dos cuidados de sa\u00fade prim\u00e1rios (M\u00e9dico de  Fam\u00edlia)&nbsp;<strong>ou<\/strong>&nbsp;das equipas de gest\u00e3o de altas<strong>&nbsp;<\/strong>(Hospital  de Agudos), na decorr\u00eancia de diagn\u00f3stico da situa\u00e7\u00e3o de depend\u00eancia.<\/p>\n<p align=\"justify\">&#8211; A admiss\u00e3o nas unidades de longa dura\u00e7\u00e3o e  manuten\u00e7\u00e3o \u00e9 determinada pela equipa coordenadora local (ECL), na decorr\u00eancia  de diagn\u00f3stico de situa\u00e7\u00e3o de depend\u00eancia por elas efetuado.<\/p>\n","protected":false},"excerpt":{"rendered":"<p>Unidade de Cuidados Continuados Integrados A UCCI da Santa Casa da Miseric\u00f3rdia de Cantanhede, em funcionamento desde 01\/11\/2013 apresenta 30 camas na tipologia de Longa Dura\u00e7\u00e3o e Manuten\u00e7\u00e3o, com o per\u00edodo de internamento previsto at\u00e9 180 dias, podendo-se verificar um internamento at\u00e9 90 dias por ano para descanso do principal cuidador ou em situa\u00e7\u00f5es tempor\u00e1rias [&hellip;]<\/p>\n","protected":false},"author":1,"featured_media":0,"parent":0,"menu_order":0,"comment_status":"closed","ping_status":"closed","template":"","meta":{"_oasis_is_in_workflow":0,"_oasis_original":0,"footnotes":""},"class_list":["post-32","page","type-page","status-publish","hentry"],"aioseo_notices":[],"_links":{"self":[{"href":"https:\/\/www.scmcantanhede.pt\/index.php?rest_route=\/wp\/v2\/pages\/32","targetHints":{"allow":["GET"]}}],"collection":[{"href":"https:\/\/www.scmcantanhede.pt\/index.php?rest_route=\/wp\/v2\/pages"}],"about":[{"href":"https:\/\/www.scmcantanhede.pt\/index.php?rest_route=\/wp\/v2\/types\/page"}],"author":[{"embeddable":true,"href":"https:\/\/www.scmcantanhede.pt\/index.php?rest_route=\/wp\/v2\/users\/1"}],"replies":[{"embeddable":true,"href":"https:\/\/www.scmcantanhede.pt\/index.php?rest_route=%2Fwp%2Fv2%2Fcomments&post=32"}],"version-history":[{"count":0,"href":"https:\/\/www.scmcantanhede.pt\/index.php?rest_route=\/wp\/v2\/pages\/32\/revisions"}],"wp:attachment":[{"href":"https:\/\/www.scmcantanhede.pt\/index.php?rest_route=%2Fwp%2Fv2%2Fmedia&parent=32"}],"curies":[{"name":"wp","href":"https:\/\/api.w.org\/{rel}","templated":true}]}}