{"id":29,"date":"2023-01-07T15:45:20","date_gmt":"2023-01-07T15:45:20","guid":{"rendered":"https:\/\/scmcantanhede.pt\/?page_id=29"},"modified":"2023-05-31T20:35:32","modified_gmt":"2023-05-31T19:35:32","slug":"estrutura-residencial-para-pessoas-idosas","status":"publish","type":"page","link":"https:\/\/www.scmcantanhede.pt\/?page_id=29","title":{"rendered":"Estrutura Residencial para Pessoas Idosas"},"content":{"rendered":"\n<div class=\"wp-block-columns is-layout-flex wp-container-core-columns-is-layout-9d6595d7 wp-block-columns-is-layout-flex\">\n<div class=\"wp-block-column is-layout-flow wp-block-column-is-layout-flow\" style=\"flex-basis:33.33%\">\n<p align=\"center\"><strong>ERPI<\/strong><br \/><\/p>\n<p align=\"justify\">A <strong>Estrutura  Residencial Para Pessoas Idosas<\/strong>, vulgarmente designada de ERPI, constitui  uma resposta social, desenvolvida em alojamento coletivo, de utiliza\u00e7\u00e3o  tempor\u00e1ria ou permanente para clientes em risco de perder a sua autonomia e\/ou independ\u00eancia  e onde se desenvolvem atividades de apoio social e a presta\u00e7\u00e3o de cuidados de  sa\u00fade.<br \/>\n  S\u00e3o objetivos  da ERPI proporcionar servi\u00e7os permanentes, adequados e adaptados a cada cliente  numa perspetiva biopsicossocial, contribuindo assim para a promo\u00e7\u00e3o de um  envelhecimento ativo e saud\u00e1vel.<br \/><\/p>\n<\/div>\n\n\n\n<div class=\"wp-block-column is-layout-flow wp-block-column-is-layout-flow\" style=\"flex-basis:66.66%\">\n<figure class=\"wp-block-image size-large\"><img decoding=\"async\" src=\"https:\/\/scmcantanhede.pt\/wp-content\/uploads\/2023\/04\/LAR1-1024x681.jpg\" alt=\"\" class=\"wp-image-875\"\/><\/figure>\n<\/div>\n<\/div>\n\n\n\n<div class=\"wp-block-columns is-layout-flex wp-container-core-columns-is-layout-9d6595d7 wp-block-columns-is-layout-flex\">\n<div class=\"wp-block-column is-layout-flow wp-block-column-is-layout-flow\" style=\"flex-basis:66.66%\">\n<figure class=\"wp-block-image size-large\"><img decoding=\"async\" src=\"https:\/\/scmcantanhede.pt\/wp-content\/uploads\/2023\/04\/LAR2-1024x597.jpg\" alt=\"\" class=\"wp-image-876\"\/><\/figure>\n<\/div>\n\n\n\n<div class=\"wp-block-column is-layout-flow wp-block-column-is-layout-flow\" style=\"flex-basis:33.33%\">\n<p align=\"justify\">A ERPI tem  capacidade para 69 clientes. A Santa Casa da Miseric\u00f3rdia de Cantanhede  estabeleceu um protocolo de coopera\u00e7\u00e3o com o Instituto da Seguran\u00e7a Social para  55 clientes, destes, 5 s\u00e3o vagas cativas.<br \/><\/p>\n<\/div>\n<\/div>\n\n\n\n<div class=\"wp-block-columns is-layout-flex wp-container-core-columns-is-layout-9d6595d7 wp-block-columns-is-layout-flex\">\n<div class=\"wp-block-column is-layout-flow wp-block-column-is-layout-flow\" style=\"flex-basis:33.33%\">\n<p align=\"justify\">Para proporcionar  uma melhor qualidade de vida e uma maior satisfa\u00e7\u00e3o dos clientes a ERPI possui  uma vasta equipa de profissionais, nomeadamente: 36 Ajudantes de Lar; 1 M\u00e9dico;  3 Enfermeiras, 1 Animadora, 1 T\u00e9cnica de Servi\u00e7o Social, 1 Fisioterapeuta. O  lema da equipa \u00e9: &ldquo;Rejuvenescer, \u00e1s vezes; Melhorar, muitas vezes; Confortar,  sempre.&rdquo;<\/p>\n<\/div>\n\n\n\n<div class=\"wp-block-column is-layout-flow wp-block-column-is-layout-flow\" style=\"flex-basis:66.66%\">\n<figure class=\"wp-block-image size-large\"><img loading=\"lazy\" decoding=\"async\" width=\"1024\" height=\"681\" src=\"https:\/\/scmcantanhede.pt\/wp-content\/uploads\/2023\/04\/LAR3-1024x681.jpg\" alt=\"\" class=\"wp-image-877\" srcset=\"https:\/\/www.scmcantanhede.pt\/wp-content\/uploads\/2023\/04\/LAR3-1024x681.jpg 1024w, https:\/\/www.scmcantanhede.pt\/wp-content\/uploads\/2023\/04\/LAR3-300x200.jpg 300w, https:\/\/www.scmcantanhede.pt\/wp-content\/uploads\/2023\/04\/LAR3-768x511.jpg 768w, https:\/\/www.scmcantanhede.pt\/wp-content\/uploads\/2023\/04\/LAR3-1536x1022.jpg 1536w, https:\/\/www.scmcantanhede.pt\/wp-content\/uploads\/2023\/04\/LAR3-2048x1363.jpg 2048w, https:\/\/www.scmcantanhede.pt\/wp-content\/uploads\/2023\/04\/LAR3-600x399.jpg 600w\" sizes=\"auto, (max-width: 1024px) 100vw, 1024px\" \/><\/figure>\n<\/div>\n<\/div>\n","protected":false},"excerpt":{"rendered":"<p>ERPI A Estrutura Residencial Para Pessoas Idosas, vulgarmente designada de ERPI, constitui uma resposta social, desenvolvida em alojamento coletivo, de utiliza\u00e7\u00e3o tempor\u00e1ria ou permanente para clientes em risco de perder a sua autonomia e\/ou independ\u00eancia e onde se desenvolvem atividades de apoio social e a presta\u00e7\u00e3o de cuidados de sa\u00fade. S\u00e3o objetivos da ERPI proporcionar [&hellip;]<\/p>\n","protected":false},"author":1,"featured_media":0,"parent":0,"menu_order":0,"comment_status":"closed","ping_status":"closed","template":"","meta":{"_oasis_is_in_workflow":0,"_oasis_original":0,"footnotes":""},"class_list":["post-29","page","type-page","status-publish","hentry"],"aioseo_notices":[],"_links":{"self":[{"href":"https:\/\/www.scmcantanhede.pt\/index.php?rest_route=\/wp\/v2\/pages\/29","targetHints":{"allow":["GET"]}}],"collection":[{"href":"https:\/\/www.scmcantanhede.pt\/index.php?rest_route=\/wp\/v2\/pages"}],"about":[{"href":"https:\/\/www.scmcantanhede.pt\/index.php?rest_route=\/wp\/v2\/types\/page"}],"author":[{"embeddable":true,"href":"https:\/\/www.scmcantanhede.pt\/index.php?rest_route=\/wp\/v2\/users\/1"}],"replies":[{"embeddable":true,"href":"https:\/\/www.scmcantanhede.pt\/index.php?rest_route=%2Fwp%2Fv2%2Fcomments&post=29"}],"version-history":[{"count":0,"href":"https:\/\/www.scmcantanhede.pt\/index.php?rest_route=\/wp\/v2\/pages\/29\/revisions"}],"wp:attachment":[{"href":"https:\/\/www.scmcantanhede.pt\/index.php?rest_route=%2Fwp%2Fv2%2Fmedia&parent=29"}],"curies":[{"name":"wp","href":"https:\/\/api.w.org\/{rel}","templated":true}]}}