{"id":27,"date":"2023-01-07T15:45:20","date_gmt":"2023-01-07T15:45:20","guid":{"rendered":"https:\/\/scmcantanhede.pt\/?page_id=27"},"modified":"2023-05-31T20:21:21","modified_gmt":"2023-05-31T19:21:21","slug":"creche","status":"publish","type":"page","link":"https:\/\/www.scmcantanhede.pt\/?page_id=27","title":{"rendered":"Creche"},"content":{"rendered":"<div class=\"wp-block-image\">\n<figure class=\"aligncenter size-large\"><img loading=\"lazy\" decoding=\"async\" width=\"1024\" height=\"681\" src=\"https:\/\/scmcantanhede.pt\/wp-content\/uploads\/2023\/04\/creche-1024x681.jpg\" alt=\"\" class=\"wp-image-883\" srcset=\"https:\/\/www.scmcantanhede.pt\/wp-content\/uploads\/2023\/04\/creche-1024x681.jpg 1024w, https:\/\/www.scmcantanhede.pt\/wp-content\/uploads\/2023\/04\/creche-300x200.jpg 300w, https:\/\/www.scmcantanhede.pt\/wp-content\/uploads\/2023\/04\/creche-768x511.jpg 768w, https:\/\/www.scmcantanhede.pt\/wp-content\/uploads\/2023\/04\/creche-1536x1022.jpg 1536w, https:\/\/www.scmcantanhede.pt\/wp-content\/uploads\/2023\/04\/creche-2048x1363.jpg 2048w, https:\/\/www.scmcantanhede.pt\/wp-content\/uploads\/2023\/04\/creche-600x399.jpg 600w\" sizes=\"auto, (max-width: 1024px) 100vw, 1024px\" \/><\/figure>\n<\/div>\n\n\n<p><\/p>\n\n\n\n<p align=\"justify\">A Creche da Santa Casa da Miseric\u00f3rdia de Cantanhede \u00e9  uma resposta social dedicada ao cuidado e educa\u00e7\u00e3o de crian\u00e7as na regi\u00e3o de  Cantanhede, com uma hist\u00f3ria de compromisso e dedica\u00e7\u00e3o que tem como objetivo  proporcionar um ambiente seguro, acolhedor e estimulante para o desenvolvimento  das crian\u00e7as.<br \/>\n  <\/p>\n<p align=\"justify\">Oferece servi\u00e7os de qualidade para crian\u00e7as com idades  compreendidas entre os 3 meses e os 3 anos. O seu principal prop\u00f3sito \u00e9  promover o bem-estar e o desenvolvimento integral das crian\u00e7as, considerando as  suas necessidades emocionais, sociais, f\u00edsicas e intelectuais. As educadoras e  auxiliares de a\u00e7\u00e3o educativa s\u00e3o cuidadosamente selecionadas e t\u00eam forma\u00e7\u00e3o  adequada para lidar com as necessidades individuais de cada crian\u00e7a, trabalhando  em estreita colabora\u00e7\u00e3o com as fam\u00edlias, promovendo uma rela\u00e7\u00e3o de confian\u00e7a e  apoio m\u00fatuo.<br \/>\n  <\/p>\n<p align=\"justify\">O ambiente na Creche \u00e9 projetado para ser seguro,  estimulante e adaptado \u00e0s diferentes fases de desenvolvimento das crian\u00e7as. As  salas s\u00e3o espa\u00e7osas, coloridas e equipadas com materiais educativos  apropriados. H\u00e1 tamb\u00e9m \u00e1reas ao ar livre onde as crian\u00e7as podem brincar e  explorar a natureza (Projeto &ldquo;P\u00e9 na Terra&rdquo;). Al\u00e9m de cuidar das necessidades  b\u00e1sicas das crian\u00e7as, a Creche oferece atividades educativas e recreativas que  promovem o desenvolvimento cognitivo, motor, emocional e social. D\u00e1 grande  import\u00e2ncia \u00e0 alimenta\u00e7\u00e3o saud\u00e1vel, fornecendo refei\u00e7\u00f5es equilibradas e  nutritivas. As ementas s\u00e3o preparadas por uma nutricionista, levando em  considera\u00e7\u00e3o as necessidades alimentares espec\u00edficas das crian\u00e7as e promovendo  h\u00e1bitos alimentares saud\u00e1veis desde cedo.<br \/>\n  <\/p>\n<p align=\"justify\">A Creche da Santa Casa da Miseric\u00f3rdia de Cantanhede \u00e9  reconhecida pelo seu compromisso com a qualidade dos servi\u00e7os prestados. A  Institui\u00e7\u00e3o est\u00e1 em conformidade com todas as normas de seguran\u00e7a e  regulamenta\u00e7\u00f5es exigidas pelas autoridades competentes. Al\u00e9m disso, \u00e9 um espa\u00e7o  onde os valores de respeito, inclus\u00e3o e solidariedade s\u00e3o cultivados.<\/p>\n","protected":false},"excerpt":{"rendered":"<p>A Creche da Santa Casa da Miseric\u00f3rdia de Cantanhede \u00e9 uma resposta social dedicada ao cuidado e educa\u00e7\u00e3o de crian\u00e7as na regi\u00e3o de Cantanhede, com uma hist\u00f3ria de compromisso e dedica\u00e7\u00e3o que tem como objetivo proporcionar um ambiente seguro, acolhedor e estimulante para o desenvolvimento das crian\u00e7as. Oferece servi\u00e7os de qualidade para crian\u00e7as com idades [&hellip;]<\/p>\n","protected":false},"author":1,"featured_media":0,"parent":0,"menu_order":0,"comment_status":"closed","ping_status":"closed","template":"","meta":{"_oasis_is_in_workflow":0,"_oasis_original":0,"footnotes":""},"class_list":["post-27","page","type-page","status-publish","hentry"],"aioseo_notices":[],"_links":{"self":[{"href":"https:\/\/www.scmcantanhede.pt\/index.php?rest_route=\/wp\/v2\/pages\/27","targetHints":{"allow":["GET"]}}],"collection":[{"href":"https:\/\/www.scmcantanhede.pt\/index.php?rest_route=\/wp\/v2\/pages"}],"about":[{"href":"https:\/\/www.scmcantanhede.pt\/index.php?rest_route=\/wp\/v2\/types\/page"}],"author":[{"embeddable":true,"href":"https:\/\/www.scmcantanhede.pt\/index.php?rest_route=\/wp\/v2\/users\/1"}],"replies":[{"embeddable":true,"href":"https:\/\/www.scmcantanhede.pt\/index.php?rest_route=%2Fwp%2Fv2%2Fcomments&post=27"}],"version-history":[{"count":0,"href":"https:\/\/www.scmcantanhede.pt\/index.php?rest_route=\/wp\/v2\/pages\/27\/revisions"}],"wp:attachment":[{"href":"https:\/\/www.scmcantanhede.pt\/index.php?rest_route=%2Fwp%2Fv2%2Fmedia&parent=27"}],"curies":[{"name":"wp","href":"https:\/\/api.w.org\/{rel}","templated":true}]}}