{"id":26,"date":"2023-01-07T15:45:20","date_gmt":"2023-01-07T15:45:20","guid":{"rendered":"https:\/\/scmcantanhede.pt\/?page_id=26"},"modified":"2023-05-31T20:26:05","modified_gmt":"2023-05-31T19:26:05","slug":"pre-escolar","status":"publish","type":"page","link":"https:\/\/www.scmcantanhede.pt\/?page_id=26","title":{"rendered":"Pr\u00e9-escolar"},"content":{"rendered":"<div class=\"wp-block-image\">\n<figure class=\"aligncenter size-large\"><img loading=\"lazy\" decoding=\"async\" width=\"1024\" height=\"576\" src=\"https:\/\/scmcantanhede.pt\/wp-content\/uploads\/2023\/04\/preEscolar-1024x576.jpg\" alt=\"\" class=\"wp-image-887\" srcset=\"https:\/\/www.scmcantanhede.pt\/wp-content\/uploads\/2023\/04\/preEscolar-1024x576.jpg 1024w, https:\/\/www.scmcantanhede.pt\/wp-content\/uploads\/2023\/04\/preEscolar-300x169.jpg 300w, https:\/\/www.scmcantanhede.pt\/wp-content\/uploads\/2023\/04\/preEscolar-768x432.jpg 768w, https:\/\/www.scmcantanhede.pt\/wp-content\/uploads\/2023\/04\/preEscolar-1536x864.jpg 1536w, https:\/\/www.scmcantanhede.pt\/wp-content\/uploads\/2023\/04\/preEscolar-2048x1152.jpg 2048w, https:\/\/www.scmcantanhede.pt\/wp-content\/uploads\/2023\/04\/preEscolar-600x338.jpg 600w\" sizes=\"auto, (max-width: 1024px) 100vw, 1024px\" \/><\/figure>\n<\/div>\n\n\n<p align=\"justify\">O Pr\u00e9-Escolar da Santa Casa da Miseric\u00f3rdia de Cantanhede  \u00e9 uma resposta social educativa dedicada ao ensino e cuidado de crian\u00e7as com  idades compreendidas entre os 3 e os 6 anos, desempenhando um papel fundamental  na promo\u00e7\u00e3o do desenvolvimento das crian\u00e7as e na prepara\u00e7\u00e3o para a entrada no  ensino b\u00e1sico, sendo uma fase crucial na vida das crian\u00e7as, onde come\u00e7am a  adquirir compet\u00eancias sociais, emocionais, cognitivas e f\u00edsicas que ir\u00e3o moldar  o seu futuro. <br \/>\n  <\/p>\n<p align=\"justify\">A equipe do Pr\u00e9-Escolar da Santa Casa da Miseric\u00f3rdia de  Cantanhede \u00e9 composta por educadoras e auxiliares de a\u00e7\u00e3o educativa experientes  e dedicadas, que criam um ambiente acolhedor e estimulante para as crian\u00e7as. <br \/>\n  <\/p>\n<p align=\"justify\">Al\u00e9m das atividades acad\u00e9micas, o Pr\u00e9-Escolar da Santa  Casa da Miseric\u00f3rdia de Cantanhede tamb\u00e9m valoriza a import\u00e2ncia do brincar e  do tempo livre. As crian\u00e7as t\u00eam a oportunidade de explorar e desenvolver a sua  criatividade atrav\u00e9s de jogos, brincadeiras e atividades l\u00fadicas (Projeto &ldquo;P\u00e9  na Terra&rdquo;), que s\u00e3o essenciais para o seu desenvolvimento emocional e social. A  Institui\u00e7\u00e3o tamb\u00e9m promove uma rela\u00e7\u00e3o pr\u00f3xima e colaborativa com as fam\u00edlias, podendo  os Encarregados de Educa\u00e7\u00e3o acompanhar a educa\u00e7\u00e3o dos seus educandos atrav\u00e9s da  aplica\u00e7\u00e3o ChildDiary. S\u00e3o realizadas reuni\u00f5es peri\u00f3dicas, eventos e atividades  que envolvem a participa\u00e7\u00e3o ativa das fam\u00edlias, fortalecendo os la\u00e7os entre  todos os membros da comunidade escolar. \u00c9 valorizada a diversidade e a  inclus\u00e3o, proporcionando um ambiente onde todas as crian\u00e7as s\u00e3o respeitadas e  acolhidas, sendo o seu objetivo garantir que cada crian\u00e7a se sinta valorizada,  estimulada e capaz de alcan\u00e7ar o seu pleno potencial, proporcionando-lhes uma  base s\u00f3lida para um futuro com sucesso.<\/p>\n","protected":false},"excerpt":{"rendered":"<p>O Pr\u00e9-Escolar da Santa Casa da Miseric\u00f3rdia de Cantanhede \u00e9 uma resposta social educativa dedicada ao ensino e cuidado de crian\u00e7as com idades compreendidas entre os 3 e os 6 anos, desempenhando um papel fundamental na promo\u00e7\u00e3o do desenvolvimento das crian\u00e7as e na prepara\u00e7\u00e3o para a entrada no ensino b\u00e1sico, sendo uma fase crucial na [&hellip;]<\/p>\n","protected":false},"author":1,"featured_media":0,"parent":0,"menu_order":0,"comment_status":"closed","ping_status":"closed","template":"","meta":{"_oasis_is_in_workflow":0,"_oasis_original":0,"footnotes":""},"class_list":["post-26","page","type-page","status-publish","hentry"],"aioseo_notices":[],"_links":{"self":[{"href":"https:\/\/www.scmcantanhede.pt\/index.php?rest_route=\/wp\/v2\/pages\/26","targetHints":{"allow":["GET"]}}],"collection":[{"href":"https:\/\/www.scmcantanhede.pt\/index.php?rest_route=\/wp\/v2\/pages"}],"about":[{"href":"https:\/\/www.scmcantanhede.pt\/index.php?rest_route=\/wp\/v2\/types\/page"}],"author":[{"embeddable":true,"href":"https:\/\/www.scmcantanhede.pt\/index.php?rest_route=\/wp\/v2\/users\/1"}],"replies":[{"embeddable":true,"href":"https:\/\/www.scmcantanhede.pt\/index.php?rest_route=%2Fwp%2Fv2%2Fcomments&post=26"}],"version-history":[{"count":0,"href":"https:\/\/www.scmcantanhede.pt\/index.php?rest_route=\/wp\/v2\/pages\/26\/revisions"}],"wp:attachment":[{"href":"https:\/\/www.scmcantanhede.pt\/index.php?rest_route=%2Fwp%2Fv2%2Fmedia&parent=26"}],"curies":[{"name":"wp","href":"https:\/\/api.w.org\/{rel}","templated":true}]}}