{"id":25,"date":"2023-01-07T15:45:20","date_gmt":"2023-01-07T15:45:20","guid":{"rendered":"https:\/\/scmcantanhede.pt\/?page_id=25"},"modified":"2023-06-01T00:18:01","modified_gmt":"2023-05-31T23:18:01","slug":"catl","status":"publish","type":"page","link":"https:\/\/www.scmcantanhede.pt\/?page_id=25","title":{"rendered":"CATL"},"content":{"rendered":"\n<p align=\"center\"><strong>Centro de Atividades de Tempos Livres<\/strong><\/p>\n<p align=\"justify\">O Centro de Atividades de Tempos Livres (<strong>CATL<\/strong>) \u00e9  uma resposta social essencial para a comunidade local, atuando como um espa\u00e7o  seguro e acolhedor para crian\u00e7as e jovens que necessitam de cuidados durante o  per\u00edodo p\u00f3s-escolar, per\u00edodos de f\u00e9rias escolares ou em situa\u00e7\u00f5es de  emerg\u00eancia. A institui\u00e7\u00e3o visa proporcionar um ambiente prop\u00edcio para o  desenvolvimento integral das crian\u00e7as, oferecendo-lhes apoio emocional,  educacional e social.<br \/><\/p>\n<p align=\"justify\">O CATL pretende educar e  promover o desenvolvimento intelectual, psicol\u00f3gico, f\u00edsico e afetivo de todas  as crian\u00e7as, tendo em vista a sua integra\u00e7\u00e3o social. Assim, este tende a ser um  local onde se aprende a brincar, a partilhar e a respeitar. Aspetos estes que  parecem muito simples, mas por vezes muito complicados, quando o grupo \u00e9 muito  heterog\u00e9neo. Deste modo, \u00e9 um espa\u00e7o harmonioso, onde se encontra fraterniza\u00e7\u00e3o  e aprendizagem. Em resumo, o CATL \u00e9 um espa\u00e7o l\u00fadico com preocupa\u00e7\u00f5es  socioeducativas, tendo como fun\u00e7\u00e3o complementar, diversificar e enriquecer o  processo educativo e formativo das crian\u00e7as. A sua miss\u00e3o consiste em cooperar  com as fam\u00edlias e comunidade envolvente na forma\u00e7\u00e3o e desenvolvimento das crian\u00e7as  que frequentam esta resposta da Institui\u00e7\u00e3o.<br \/><\/p>\n<p align=\"justify\">Objetivos:<br \/><\/p>\n<p align=\"justify\">* Promover nas crian\u00e7as o desenvolvimento a  n\u00edvel pessoal e social, atrav\u00e9s do relacionamento com os pares e com o Mundo;<br \/><\/p>\n<p align=\"justify\">* Proporcionar e valorizar o desenvolvimento  f\u00edsico e motor, detetando e estimulando aptid\u00f5es nesses dom\u00ednios;<br \/><\/p>\n<p align=\"justify\">* Desenvolver necessidades da descoberta e  interesses, o esp\u00edrito cr\u00edtico e a criatividade;<br \/><\/p>\n<p align=\"justify\">* Permitir a cada crian\u00e7a, que atrav\u00e9s da  viv\u00eancia em grupo, e do envolvimento em pequenos\/grandes projetos, fortale\u00e7am  compet\u00eancias para serem jovens e adultos conscientes e ativos na comunidade;<br \/><\/p>\n<p align=\"justify\">* Trabalhar de forma interdisciplinar,  contribuindo para a afirma\u00e7\u00e3o da personalidade, estrutura\u00e7\u00e3o do pensamento e  forma\u00e7\u00e3o do car\u00e1ter;<br \/><\/p>\n<p align=\"justify\">* Favorecer a interliga\u00e7\u00e3o  fam\u00edlia\/escola\/CATL\/comunidade, contribuindo para uma valoriza\u00e7\u00e3o,  aproveitamento e rentabiliza\u00e7\u00e3o de todos os recursos do meio.<\/p>\n","protected":false},"excerpt":{"rendered":"<p>Centro de Atividades de Tempos Livres O Centro de Atividades de Tempos Livres (CATL) \u00e9 uma resposta social essencial para a comunidade local, atuando como um espa\u00e7o seguro e acolhedor para crian\u00e7as e jovens que necessitam de cuidados durante o per\u00edodo p\u00f3s-escolar, per\u00edodos de f\u00e9rias escolares ou em situa\u00e7\u00f5es de emerg\u00eancia. A institui\u00e7\u00e3o visa proporcionar [&hellip;]<\/p>\n","protected":false},"author":1,"featured_media":0,"parent":0,"menu_order":0,"comment_status":"closed","ping_status":"closed","template":"","meta":{"_oasis_is_in_workflow":0,"_oasis_original":0,"footnotes":""},"class_list":["post-25","page","type-page","status-publish","hentry"],"aioseo_notices":[],"_links":{"self":[{"href":"https:\/\/www.scmcantanhede.pt\/index.php?rest_route=\/wp\/v2\/pages\/25","targetHints":{"allow":["GET"]}}],"collection":[{"href":"https:\/\/www.scmcantanhede.pt\/index.php?rest_route=\/wp\/v2\/pages"}],"about":[{"href":"https:\/\/www.scmcantanhede.pt\/index.php?rest_route=\/wp\/v2\/types\/page"}],"author":[{"embeddable":true,"href":"https:\/\/www.scmcantanhede.pt\/index.php?rest_route=\/wp\/v2\/users\/1"}],"replies":[{"embeddable":true,"href":"https:\/\/www.scmcantanhede.pt\/index.php?rest_route=%2Fwp%2Fv2%2Fcomments&post=25"}],"version-history":[{"count":0,"href":"https:\/\/www.scmcantanhede.pt\/index.php?rest_route=\/wp\/v2\/pages\/25\/revisions"}],"wp:attachment":[{"href":"https:\/\/www.scmcantanhede.pt\/index.php?rest_route=%2Fwp%2Fv2%2Fmedia&parent=25"}],"curies":[{"name":"wp","href":"https:\/\/api.w.org\/{rel}","templated":true}]}}