{"id":21,"date":"2023-01-07T15:45:20","date_gmt":"2023-01-07T15:45:20","guid":{"rendered":"https:\/\/scmcantanhede.pt\/?page_id=21"},"modified":"2024-04-12T05:32:20","modified_gmt":"2024-04-12T04:32:20","slug":"corpos-dirigentes","status":"publish","type":"page","link":"https:\/\/www.scmcantanhede.pt\/?page_id=21","title":{"rendered":"Corpos Dirigentes"},"content":{"rendered":"\n<p><strong>MESA ADMINISTRATIVA<\/strong><\/p>\n\n\n\n<p align=\"justify\">A constitui\u00e7\u00e3o final da Mesa passou a ser a seguinte, de acordo com uma proposta do Provedor apresentada em reuni\u00e3o da Mesa Administrativa de 23 de janeiro de 2024 para distribui\u00e7\u00e3o dos cargos (n\u00ba 2 da art\u00ba 26 do compromisso) e aprovada por unanimidade:<\/p>\n\n\n\n<p class=\"has-text-align-center\"><strong>EFECTIVOS<\/strong><\/p>\n\n\n\n<p class=\"has-text-align-center\"><strong>Provedor<\/strong><\/p>\n\n\n\n<p class=\"has-text-align-center\">Dr. Rui Filipe Trindade da Cruz Heleno Rato<\/p>\n\n\n\n<p class=\"has-text-align-center\"><strong>Vice-Provedor<\/strong><\/p>\n\n\n\n<p class=\"has-text-align-center\">Eng.\u00ba Rodrigo Loisas da Silva Santos<\/p>\n\n\n\n<p class=\"has-text-align-center\"><strong>Secret\u00e1rio<\/strong><\/p>\n\n\n\n<p class=\"has-text-align-center\">Dr.\u00aa Carolina Jos\u00e9 Neto Pessoa dos Santos<\/p>\n\n\n\n<p class=\"has-text-align-center\"><strong>Tesoureiro<\/strong><\/p>\n\n\n\n<p class=\"has-text-align-center\">Eng.\u00ba Ant\u00f3nio Miguel Tavares Matos Garrido<\/p>\n\n\n\n<p class=\"has-text-align-center\"><strong>Vogais<\/strong><\/p>\n\n\n\n<p class=\"has-text-align-center\">Eng.\u00ba Rog\u00e9rio Paulo Sim\u00f5es Marques<\/p>\n\n\n\n<p class=\"has-text-align-center\">Dr. Jo\u00e3o Pedro Fernandes Couceiro<\/p>\n\n\n\n<p class=\"has-text-align-center\">Dr. Vitor Manuel Sampaio de Ara\u00fajo<\/p>\n\n\n\n<p class=\"has-text-align-center\"><strong>SUPLENTES<\/strong><\/p>\n\n\n\n<p class=\"has-text-align-center\">Dr. Victor Fernando Oliveira Claro<\/p>\n\n\n\n<p class=\"has-text-align-center\">Enf.\u00aa Maria de F\u00e1tima Tavares Proen\u00e7a<\/p>\n\n\n\n<p class=\"has-text-align-center\">Dr. Paulo Fernando Sim\u00f5es Correia de Melo<\/p>\n\n\n\n<p class=\"has-text-align-center\">Francisco Jos\u00e9 Neto Ribeiro da Fonseca<\/p>\n\n\n\n<p><strong>MESA ASSEMBLEIA GERAL<\/strong><\/p>\n\n\n\n<p class=\"has-text-align-center\"><strong>EFECTIVOS<\/strong><\/p>\n\n\n\n<p class=\"has-text-align-center\"><strong>Presidente<\/strong><\/p>\n\n\n\n<p class=\"has-text-align-center\">Dr. Lu\u00eds Filipe Garrido Pais de Sousa&nbsp;&nbsp;<\/p>\n\n\n\n<p class=\"has-text-align-center\"><strong>Vice-Presidente<\/strong><\/p>\n\n\n\n<p class=\"has-text-align-center\">Eng.\u00ba M\u00e1rio dos Santos Cartaxo<\/p>\n\n\n\n<p class=\"has-text-align-center\"><strong>Secret\u00e1ria<\/strong><\/p>\n\n\n\n<p class=\"has-text-align-center\">Prof.\u00aa Maria Luc\u00edlia Machado Negr\u00e3o Pereira<\/p>\n\n\n\n<p><strong>CONSELHO FISCAL<\/strong><\/p>\n\n\n\n<p class=\"has-text-align-center\"><strong>EFECTIVOS<\/strong><\/p>\n\n\n\n<p class=\"has-text-align-center\"><strong>Presidente<\/strong><\/p>\n\n\n\n<p class=\"has-text-align-center\">Dr. Carlos Miguel Dias Barros<\/p>\n\n\n\n<p class=\"has-text-align-center\"><strong>Vice-Presidente<\/strong><\/p>\n\n\n\n<p class=\"has-text-align-center\">Dr. Levi Marques dos Santos<\/p>\n\n\n\n<p class=\"has-text-align-center\"><strong>Secret\u00e1rio<\/strong><\/p>\n\n\n\n<p class=\"has-text-align-center\">Dr. Jos\u00e9 Lu\u00eds Machado da Fonseca<\/p>\n\n\n\n<p class=\"has-text-align-center\"><strong>SUPLENTES<\/strong><\/p>\n\n\n\n<p class=\"has-text-align-center\">Ana Maria Nobreza de Almeida Rainha Patr\u00e3o<\/p>\n\n\n\n<p class=\"has-text-align-center\">Alfredo Neves Dinis Mendes<\/p>\n\n\n\n<p class=\"has-text-align-center\">Carlos Fernando Pinheiro Ribeiro<\/p>\n","protected":false},"excerpt":{"rendered":"<p>MESA ADMINISTRATIVA A constitui\u00e7\u00e3o final da Mesa passou a ser a seguinte, de acordo com uma proposta do Provedor apresentada em reuni\u00e3o da Mesa Administrativa de 23 de janeiro de 2024 para distribui\u00e7\u00e3o dos cargos (n\u00ba 2 da art\u00ba 26 do compromisso) e aprovada por unanimidade: EFECTIVOS Provedor Dr. Rui Filipe Trindade da Cruz Heleno [&hellip;]<\/p>\n","protected":false},"author":1,"featured_media":0,"parent":0,"menu_order":0,"comment_status":"closed","ping_status":"closed","template":"","meta":{"_oasis_is_in_workflow":0,"_oasis_original":0,"footnotes":""},"class_list":["post-21","page","type-page","status-publish","hentry"],"aioseo_notices":[],"_links":{"self":[{"href":"https:\/\/www.scmcantanhede.pt\/index.php?rest_route=\/wp\/v2\/pages\/21","targetHints":{"allow":["GET"]}}],"collection":[{"href":"https:\/\/www.scmcantanhede.pt\/index.php?rest_route=\/wp\/v2\/pages"}],"about":[{"href":"https:\/\/www.scmcantanhede.pt\/index.php?rest_route=\/wp\/v2\/types\/page"}],"author":[{"embeddable":true,"href":"https:\/\/www.scmcantanhede.pt\/index.php?rest_route=\/wp\/v2\/users\/1"}],"replies":[{"embeddable":true,"href":"https:\/\/www.scmcantanhede.pt\/index.php?rest_route=%2Fwp%2Fv2%2Fcomments&post=21"}],"version-history":[{"count":0,"href":"https:\/\/www.scmcantanhede.pt\/index.php?rest_route=\/wp\/v2\/pages\/21\/revisions"}],"wp:attachment":[{"href":"https:\/\/www.scmcantanhede.pt\/index.php?rest_route=%2Fwp%2Fv2%2Fmedia&parent=21"}],"curies":[{"name":"wp","href":"https:\/\/api.w.org\/{rel}","templated":true}]}}