{"id":2053,"date":"2026-05-06T10:53:46","date_gmt":"2026-05-06T09:53:46","guid":{"rendered":"https:\/\/www.scmcantanhede.pt\/?page_id=2053"},"modified":"2026-05-06T10:59:00","modified_gmt":"2026-05-06T09:59:00","slug":"missao-visao-e-valores","status":"publish","type":"page","link":"https:\/\/www.scmcantanhede.pt\/?page_id=2053","title":{"rendered":"Miss\u00e3o, Vis\u00e3o e Valores"},"content":{"rendered":"\n<p><strong>MISS\u00c3O<\/strong><\/p>\n\n\n\n<p>Promover o bem-estar, a dignidade e a qualidade de vida das pessoas atrav\u00e9s de respostas sociais, de sa\u00fade e de educa\u00e7\u00e3o, de excel\u00eancia, exercidas com proximidade, compet\u00eancia e sentido de responsabilidade, contribuindo simultaneamente para a coes\u00e3o social, o emprego e o desenvolvimento sustent\u00e1vel do territ\u00f3rio.<\/p>\n\n\n\n<p><strong>VIS\u00c3O<\/strong><\/p>\n\n\n\n<p>Honrar s\u00e9culos de hist\u00f3ria, liderando o presente e construindo o futuro, como refer\u00eancia no cuidado, na solidariedade e no desenvolvimento humano.<\/p>\n\n\n\n<p><strong>VALORES<\/strong><\/p>\n\n\n\n<p><strong>Humanismo \u2022 Excel\u00eancia \u2022 Responsabilidade \u2022 Inova\u00e7\u00e3o \u2022 Proximidade \u2022 Solidariedade \u2022 Sustentabilidade<\/strong><\/p>\n\n\n\n<ul class=\"wp-block-list\">\n<li><strong>Humanismo<\/strong> \u2014 colocar a pessoa no centro de cada decis\u00e3o e interven\u00e7\u00e3o.<\/li>\n\n\n\n<li><strong>Excel\u00eancia<\/strong> \u2014 agir com rigor, qualidade e melhoria cont\u00ednua.<\/li>\n\n\n\n<li><strong>Responsabilidade<\/strong> \u2014 compromisso \u00e9tico, transpar\u00eancia e confian\u00e7a.<\/li>\n\n\n\n<li><strong>Inova\u00e7\u00e3o<\/strong> \u2014 antecipar desafios e criar novas solu\u00e7\u00f5es.<\/li>\n\n\n\n<li><strong>Proximidade<\/strong> \u2014 manter a liga\u00e7\u00e3o permanente \u00e0 comunidade.<\/li>\n\n\n\n<li><strong>Solidariedade<\/strong> \u2014 honrar a voca\u00e7\u00e3o hist\u00f3rica de servir.<\/li>\n\n\n\n<li><strong>Sustentabilidade<\/strong> \u2014 garantir a solidez institucional e o futuro.<\/li>\n<\/ul>\n","protected":false},"excerpt":{"rendered":"<p>MISS\u00c3O Promover o bem-estar, a dignidade e a qualidade de vida das pessoas atrav\u00e9s de respostas sociais, de sa\u00fade e de educa\u00e7\u00e3o, de excel\u00eancia, exercidas com proximidade, compet\u00eancia e sentido de responsabilidade, contribuindo simultaneamente para a coes\u00e3o social, o emprego e o desenvolvimento sustent\u00e1vel do territ\u00f3rio. VIS\u00c3O Honrar s\u00e9culos de hist\u00f3ria, liderando o presente e [&hellip;]<\/p>\n","protected":false},"author":1,"featured_media":0,"parent":0,"menu_order":0,"comment_status":"closed","ping_status":"closed","template":"","meta":{"_oasis_is_in_workflow":0,"_oasis_original":0,"footnotes":""},"class_list":["post-2053","page","type-page","status-publish","hentry"],"aioseo_notices":[],"_links":{"self":[{"href":"https:\/\/www.scmcantanhede.pt\/index.php?rest_route=\/wp\/v2\/pages\/2053","targetHints":{"allow":["GET"]}}],"collection":[{"href":"https:\/\/www.scmcantanhede.pt\/index.php?rest_route=\/wp\/v2\/pages"}],"about":[{"href":"https:\/\/www.scmcantanhede.pt\/index.php?rest_route=\/wp\/v2\/types\/page"}],"author":[{"embeddable":true,"href":"https:\/\/www.scmcantanhede.pt\/index.php?rest_route=\/wp\/v2\/users\/1"}],"replies":[{"embeddable":true,"href":"https:\/\/www.scmcantanhede.pt\/index.php?rest_route=%2Fwp%2Fv2%2Fcomments&post=2053"}],"version-history":[{"count":3,"href":"https:\/\/www.scmcantanhede.pt\/index.php?rest_route=\/wp\/v2\/pages\/2053\/revisions"}],"predecessor-version":[{"id":2064,"href":"https:\/\/www.scmcantanhede.pt\/index.php?rest_route=\/wp\/v2\/pages\/2053\/revisions\/2064"}],"wp:attachment":[{"href":"https:\/\/www.scmcantanhede.pt\/index.php?rest_route=%2Fwp%2Fv2%2Fmedia&parent=2053"}],"curies":[{"name":"wp","href":"https:\/\/api.w.org\/{rel}","templated":true}]}}