{"id":2019,"date":"2025-11-20T11:40:03","date_gmt":"2025-11-20T10:40:03","guid":{"rendered":"https:\/\/www.scmcantanhede.pt\/?page_id=2019"},"modified":"2026-05-12T12:25:13","modified_gmt":"2026-05-12T11:25:13","slug":"documentos-2","status":"publish","type":"page","link":"https:\/\/www.scmcantanhede.pt\/?page_id=2019","title":{"rendered":"Documentos"},"content":{"rendered":"\n<h4 class=\"wp-block-heading has-colibri-color-1-color has-text-color has-link-color wp-elements-cc00fc05955b6a530c7e870d68a6580b\">Geriatria:<\/h4>\n\n\n\n<div class=\"wp-block-columns is-layout-flex wp-container-core-columns-is-layout-9d6595d7 wp-block-columns-is-layout-flex\">\n<div class=\"wp-block-column is-layout-flow wp-block-column-is-layout-flow\">\n<p><strong>Regulamento Interno ERPI<\/strong><\/p>\n<\/div>\n\n\n\n<div class=\"wp-block-column is-layout-flow wp-block-column-is-layout-flow\">\n<p><strong>Regulamento Interno de Centro de Dia<\/strong><\/p>\n<\/div>\n\n\n\n<div class=\"wp-block-column is-layout-flow wp-block-column-is-layout-flow\">\n<p><strong>Regulamento Interno de Servi\u00e7o de Apoio Domicili\u00e1rio<\/strong><\/p>\n<\/div>\n<\/div>\n\n\n\n<div class=\"wp-block-columns is-layout-flex wp-container-core-columns-is-layout-9d6595d7 wp-block-columns-is-layout-flex\">\n<div class=\"wp-block-column is-layout-flow wp-block-column-is-layout-flow\">\n<div data-wp-interactive=\"core\/file\" class=\"wp-block-file\"><object data-wp-bind--hidden=\"!state.hasPdfPreview\" hidden class=\"wp-block-file__embed\" data=\"https:\/\/www.scmcantanhede.pt\/wp-content\/uploads\/2025\/11\/R.I-ERPI-2024.pdf\" type=\"application\/pdf\" style=\"width:100%;height:350px\" aria-label=\"Incorpora\u00e7\u00e3o de PDF\"><\/object><\/div>\n<\/div>\n\n\n\n<div class=\"wp-block-column is-layout-flow wp-block-column-is-layout-flow\">\n<div data-wp-interactive=\"core\/file\" class=\"wp-block-file\"><object data-wp-bind--hidden=\"!state.hasPdfPreview\" hidden class=\"wp-block-file__embed\" data=\"https:\/\/www.scmcantanhede.pt\/wp-content\/uploads\/2025\/11\/R.I-C.-Dia-2024.pdf\" type=\"application\/pdf\" style=\"width:100%;height:350px\" aria-label=\"Incorpora\u00e7\u00e3o de PDF\"><\/object><\/div>\n<\/div>\n\n\n\n<div class=\"wp-block-column is-layout-flow wp-block-column-is-layout-flow\">\n<div data-wp-interactive=\"core\/file\" class=\"wp-block-file\"><object data-wp-bind--hidden=\"!state.hasPdfPreview\" hidden class=\"wp-block-file__embed\" data=\"https:\/\/www.scmcantanhede.pt\/wp-content\/uploads\/2025\/11\/R.I-SAD-2024.pdf\" type=\"application\/pdf\" style=\"width:100%;height:350px\" aria-label=\"Incorpora\u00e7\u00e3o de PDF\"><\/object><\/div>\n<\/div>\n<\/div>\n\n\n\n<h4 class=\"wp-block-heading has-colibri-color-1-color has-text-color has-link-color wp-elements-1778058fb7a4672416c9f091acf419fc\">Sa\u00fade:<\/h4>\n\n\n\n<div class=\"wp-block-columns is-layout-flex wp-container-core-columns-is-layout-9d6595d7 wp-block-columns-is-layout-flex\">\n<div class=\"wp-block-column is-layout-flow wp-block-column-is-layout-flow\">\n<p><strong>Regulamento Interno UCCILDM<\/strong><\/p>\n<\/div>\n\n\n\n<div class=\"wp-block-column is-layout-flow wp-block-column-is-layout-flow\"><\/div>\n\n\n\n<div class=\"wp-block-column is-layout-flow wp-block-column-is-layout-flow\"><\/div>\n<\/div>\n\n\n\n<div class=\"wp-block-columns is-layout-flex wp-container-core-columns-is-layout-9d6595d7 wp-block-columns-is-layout-flex\">\n<div class=\"wp-block-column is-layout-flow wp-block-column-is-layout-flow\">\n<div data-wp-interactive=\"core\/file\" class=\"wp-block-file\"><object data-wp-bind--hidden=\"!state.hasPdfPreview\" hidden class=\"wp-block-file__embed\" data=\"https:\/\/www.scmcantanhede.pt\/wp-content\/uploads\/2025\/11\/R.I-UCCILDM-2024.pdf\" type=\"application\/pdf\" style=\"width:100%;height:350px\" aria-label=\"Incorpora\u00e7\u00e3o de PDF\"><\/object><\/div>\n<\/div>\n\n\n\n<div class=\"wp-block-column is-layout-flow wp-block-column-is-layout-flow\"><\/div>\n\n\n\n<div class=\"wp-block-column is-layout-flow wp-block-column-is-layout-flow\"><\/div>\n<\/div>\n\n\n\n<h4 class=\"wp-block-heading has-colibri-color-1-color has-text-color has-link-color wp-elements-6211030b68e1cca8b7a53a16882f18fa\">Inf\u00e2ncia:<\/h4>\n\n\n\n<div class=\"wp-block-columns is-layout-flex wp-container-core-columns-is-layout-9d6595d7 wp-block-columns-is-layout-flex\">\n<div class=\"wp-block-column is-layout-flow wp-block-column-is-layout-flow\">\n<p><strong>Regulamento Interno de Creche<\/strong><\/p>\n<\/div>\n\n\n\n<div class=\"wp-block-column is-layout-flow wp-block-column-is-layout-flow\">\n<p><strong>Regulamento Interno de Pr\u00e9-escolar<\/strong><\/p>\n<\/div>\n\n\n\n<div class=\"wp-block-column is-layout-flow wp-block-column-is-layout-flow\">\n<p><strong>Regulamento Interno de CATL<\/strong><\/p>\n<\/div>\n<\/div>\n\n\n\n<div class=\"wp-block-columns is-layout-flex wp-container-core-columns-is-layout-9d6595d7 wp-block-columns-is-layout-flex\">\n<div class=\"wp-block-column is-layout-flow wp-block-column-is-layout-flow\">\n<div data-wp-interactive=\"core\/file\" class=\"wp-block-file\"><object data-wp-bind--hidden=\"!state.hasPdfPreview\" hidden class=\"wp-block-file__embed\" data=\"https:\/\/www.scmcantanhede.pt\/wp-content\/uploads\/2026\/05\/Regulamento-Interno-Creche.pdf\" type=\"application\/pdf\" style=\"width:100%;height:350px\" aria-label=\"Incorpora\u00e7\u00e3o de Regulamento Interno - Creche.\"><\/object><a id=\"wp-block-file--media-b38fbd0b-975d-4f2b-a0e1-5dc63ecb00de\" href=\"https:\/\/www.scmcantanhede.pt\/wp-content\/uploads\/2026\/05\/Regulamento-Interno-Creche.pdf\">Regulamento Interno &#8211; Creche<\/a><\/div>\n<\/div>\n\n\n\n<div class=\"wp-block-column is-layout-flow wp-block-column-is-layout-flow\">\n<div data-wp-interactive=\"core\/file\" class=\"wp-block-file\"><object data-wp-bind--hidden=\"!state.hasPdfPreview\" hidden class=\"wp-block-file__embed\" data=\"https:\/\/www.scmcantanhede.pt\/wp-content\/uploads\/2025\/11\/Regulamento-Interno-Pre-escolar.pdf\" type=\"application\/pdf\" style=\"width:100%;height:350px\" aria-label=\"Incorpora\u00e7\u00e3o de PDF\"><\/object><\/div>\n<\/div>\n\n\n\n<div class=\"wp-block-column is-layout-flow wp-block-column-is-layout-flow\">\n<div data-wp-interactive=\"core\/file\" class=\"wp-block-file\"><object data-wp-bind--hidden=\"!state.hasPdfPreview\" hidden class=\"wp-block-file__embed\" data=\"https:\/\/www.scmcantanhede.pt\/wp-content\/uploads\/2025\/11\/CATL-R.-Interno.pdf\" type=\"application\/pdf\" style=\"width:100%;height:350px\" aria-label=\"Incorpora\u00e7\u00e3o de PDF\"><\/object><\/div>\n<\/div>\n<\/div>\n\n\n\n<p><\/p>\n","protected":false},"excerpt":{"rendered":"<p>Geriatria: Regulamento Interno ERPI Regulamento Interno de Centro de Dia Regulamento Interno de Servi\u00e7o de Apoio Domicili\u00e1rio Sa\u00fade: Regulamento Interno UCCILDM Inf\u00e2ncia: Regulamento Interno de Creche Regulamento Interno de Pr\u00e9-escolar Regulamento Interno de CATL<\/p>\n","protected":false},"author":1,"featured_media":0,"parent":0,"menu_order":0,"comment_status":"closed","ping_status":"closed","template":"","meta":{"_oasis_is_in_workflow":0,"_oasis_original":0,"footnotes":""},"class_list":["post-2019","page","type-page","status-publish","hentry"],"aioseo_notices":[],"_links":{"self":[{"href":"https:\/\/www.scmcantanhede.pt\/index.php?rest_route=\/wp\/v2\/pages\/2019","targetHints":{"allow":["GET"]}}],"collection":[{"href":"https:\/\/www.scmcantanhede.pt\/index.php?rest_route=\/wp\/v2\/pages"}],"about":[{"href":"https:\/\/www.scmcantanhede.pt\/index.php?rest_route=\/wp\/v2\/types\/page"}],"author":[{"embeddable":true,"href":"https:\/\/www.scmcantanhede.pt\/index.php?rest_route=\/wp\/v2\/users\/1"}],"replies":[{"embeddable":true,"href":"https:\/\/www.scmcantanhede.pt\/index.php?rest_route=%2Fwp%2Fv2%2Fcomments&post=2019"}],"version-history":[{"count":17,"href":"https:\/\/www.scmcantanhede.pt\/index.php?rest_route=\/wp\/v2\/pages\/2019\/revisions"}],"predecessor-version":[{"id":2071,"href":"https:\/\/www.scmcantanhede.pt\/index.php?rest_route=\/wp\/v2\/pages\/2019\/revisions\/2071"}],"wp:attachment":[{"href":"https:\/\/www.scmcantanhede.pt\/index.php?rest_route=%2Fwp%2Fv2%2Fmedia&parent=2019"}],"curies":[{"name":"wp","href":"https:\/\/api.w.org\/{rel}","templated":true}]}}