{"id":20,"date":"2023-01-07T15:45:20","date_gmt":"2023-01-07T15:45:20","guid":{"rendered":"https:\/\/scmcantanhede.pt\/?page_id=20"},"modified":"2023-05-29T18:44:08","modified_gmt":"2023-05-29T18:44:08","slug":"patrimonio","status":"publish","type":"page","link":"https:\/\/www.scmcantanhede.pt\/?page_id=20","title":{"rendered":"Patrim\u00f3nio"},"content":{"rendered":"\n<h2 class=\"wp-block-heading has-text-align-center\"><strong>Patrim\u00f3nio da Santa Casa<\/strong><\/h2>\n\n\n\n<p><strong>Igreja da Miseric\u00f3rdia&nbsp;<\/strong><\/p>\n\n\n\n<p><strong>\u00c9poca de constru\u00e7\u00e3o:&nbsp;<\/strong><em>s\u00e9culos 17\/18<\/em>.<\/p>\n\n\n\n<p><strong>Tipologia:&nbsp;<\/strong><em>arquitectura religiosa, maneirista,&nbsp;tardo-barroca e rococ\u00f3.<\/em><\/p>\n\n\n<div class=\"wp-block-image\">\n<figure class=\"aligncenter size-full\"><img loading=\"lazy\" decoding=\"async\" width=\"213\" height=\"259\" src=\"https:\/\/scmcantanhede.pt\/wp-content\/uploads\/2023\/05\/igrj_miseric9b.jpg\" alt=\"\" class=\"wp-image-1341\"\/><\/figure>\n<\/div>\n\n\n<p><strong>Igreja da Miseric\u00f3rdia &#8211; anos sessenta<\/strong><\/p>\n\n\n\n<p align=\"justify\">A Igreja da Miseric\u00f3rdia restaurada recentemente \u00e9 a \u00fanica constru\u00e7\u00e3o que resta do antigo Convento de Santo Ant\u00f3nio fundado pelo 1\u00ba Marqu\u00eas de Marialva e 3\u00ba Conde de Cantanhede, D. Ant\u00f3nio Lu\u00eds de Meneses, em cumprimento de um voto feito por ocasi\u00e3o da grande batalha de Montes Claros em que venceu os espanh\u00f3is infligindo-lhes uma pesada derrota. Esta vit\u00f3ria tornou-se especialmente importante por ter sido decisiva para a consolida\u00e7\u00e3o da restaura\u00e7\u00e3o da independ\u00eancia de Portugal depois de sessenta anos de dom\u00ednio espanhol.<\/p>\n\n\n<div class=\"wp-block-image\">\n<figure class=\"aligncenter size-full\"><img loading=\"lazy\" decoding=\"async\" width=\"251\" height=\"192\" src=\"https:\/\/scmcantanhede.pt\/wp-content\/uploads\/2023\/05\/igrj_miseric8c-1.jpg\" alt=\"\" class=\"wp-image-1343\"\/><\/figure>\n<\/div>\n\n\n<p><strong>Igreja da Miseric\u00f3rdia &#8211; foto recente<\/strong><\/p>\n\n\n\n<p align=\"justify\">Em ac\u00e7\u00e3o de gra\u00e7as, D. Ant\u00f3nio Lu\u00eds de Meneses mandou construir os Conventos de Alc\u00e2ntara, em Lisboa, e o de Nossa Senhora da Concei\u00e7\u00e3o , na zona do Agueiro, em Cantanhede. Este convento pertenceu \u00e0 Prov\u00edncia de S. Ant\u00f3nio da ordem franciscana tendo come\u00e7ado a ser constru\u00eddo no dia 28 de agosto de 1675. O conjunto das constru\u00e7\u00f5es mon\u00e1sticas foi demolido em 1866 por ordem do Rev. Arcipreste Francisco dos Reis Pessoa, seu propriet\u00e1rio. A Igreja da Miseric\u00f3rdia e o terreno do cemit\u00e9rio que lhe estava anexo foram adquiridos pela Miseric\u00f3rdia em 1890, por decreto de 5 de agosto do mesmo ano.<\/p>\n\n\n\n<p align=\"justify\">A fachada do templo \u00e9 muito s\u00f3bria, com um largo arco abatido a dar entrada para um \u00e1trio a que corresponde, no interior, o coro alto. No cunhais da frontaria foi aplicada cantaria de tipo rusticado e, \u00e0 esquerda desta ergue-se a torre dos sinos, obra bastante mais recente que o resto das constru\u00e7\u00f5es.<\/p>\n\n\n\n<p align=\"justify\">A data de 1733 que se pode ler na base do nicho da fachada deve indicar o ano do seu acabamento.<\/p>\n\n\n\n<p align=\"justify\">O interior tem uma s\u00f3 nave coberta por uma ab\u00f3bada de estrutura leve e revestida de estuque. A\u00ed se destacam os azulejos setecentistas de fabrico coimbr\u00e3o, de muito bom n\u00edvel, e com diversos pain\u00e9is historiados aludindo a passagem da Vida de Nossa Senhora. De categoria s\u00e3o tamb\u00e9m os ret\u00e1bulos de talha, tamb\u00e9m dat\u00e1veis do s\u00e9culo XVIII, de estilo barroco. H\u00e1 ainda diversas esculturas de v\u00e1rias \u00e9pocas e de grande valor art\u00edstico.<\/p>\n\n\n\n<p align=\"justify\">Al\u00e9m do altar-mor com o respectivo trono, tem, ao lado do arco cruzeiro, dois altares:&nbsp; um, do lado poente, de Nossa Senhora das Dores; o outro, do lado nascente, da invoca\u00e7\u00e3o de Santo Ant\u00f3nio. Na nave, em dois orat\u00f3rios, encontram-se as imagens do Senhor dos Passos e a de Nossa senhora da Soledade.<\/p>\n\n\n<div class=\"wp-block-image\">\n<figure class=\"aligncenter size-full\"><img loading=\"lazy\" decoding=\"async\" width=\"230\" height=\"342\" src=\"https:\/\/scmcantanhede.pt\/wp-content\/uploads\/2023\/05\/igrj_miseric7b.jpg\" alt=\"\" class=\"wp-image-1344\" srcset=\"https:\/\/www.scmcantanhede.pt\/wp-content\/uploads\/2023\/05\/igrj_miseric7b.jpg 230w, https:\/\/www.scmcantanhede.pt\/wp-content\/uploads\/2023\/05\/igrj_miseric7b-202x300.jpg 202w\" sizes=\"auto, (max-width: 230px) 100vw, 230px\" \/><\/figure>\n<\/div>\n\n\n<p><strong>Interior da Igreja da Miseric\u00f3rdia<\/strong><\/p>\n\n\n\n<p align=\"justify\">No pavimento do vest\u00edbulo da entrada da Igreja, est\u00e1 o t\u00famulo do 1\u00ba Marqu\u00eas de Marialva. \u00c9 tamb\u00e9m neste vest\u00edbulo, mas do lado poente, que se encontra uma l\u00e1pide do jazigo do Arcebispo Primaz, D. Jo\u00e3o Cris\u00f3stomo de Amorim Pessoa, ilustre prelado que muito engrandeceu a Miseric\u00f3rdia de Cantanhede.<\/p>\n\n\n\n<p><strong>Antigo Hospital do Arcebispo, D. Jo\u00e3o Cris\u00f3stomo<\/strong><\/p>\n\n\n\n<p><strong>\u00c9poca de constru\u00e7\u00e3o:<\/strong>&nbsp;<em>s\u00e9culos 19\/20<\/em><\/p>\n\n\n\n<p><strong>Tipologia:&nbsp;<\/strong><em>arquitectura civil hospitalar, neocl\u00e1ssica.<\/em><\/p>\n\n\n<div class=\"wp-block-image\">\n<figure class=\"aligncenter size-full\"><img loading=\"lazy\" decoding=\"async\" width=\"251\" height=\"261\" src=\"https:\/\/scmcantanhede.pt\/wp-content\/uploads\/2023\/05\/hospital2.jpg\" alt=\"\" class=\"wp-image-1345\"\/><\/figure>\n<\/div>\n\n\n<p><strong>Antigo Hospital &#8211; anos trinta<\/strong><\/p>\n\n\n\n<p align=\"justify\">O documento mais antigo que se refere \u00e0 exist\u00eancia de um hospital em Cantanhede est\u00e1 datado de 1527, como est\u00e1 referido na p\u00e1gina relativa \u00e0 &#8220;Hist\u00f3ria&#8221; da Santa Casa: &#8220;Carta de Merc\u00ea de D. Jo\u00e3o III, de 15 de maio de 1527. Esta Carta encontra-se na Torre do Tombo, na Chancelaria de D. Jo\u00e3o III, 2\u00ba volume, p\u00e1gina 39, verso.<\/p>\n\n\n\n<p align=\"justify\">Em junho de 1674, a administra\u00e7\u00e3o do Hospital passou para a Santa Casa da Miseric\u00f3rdia, por alvar\u00e1 de D. Fernando VI, de 16 de Maio (Torre do Tombo, Chancelaria de D. Afonso VI, volume 46\u00ba, p\u00e1gina 138).<\/p>\n\n\n\n<p align=\"justify\">Em finais do s\u00e9culo XIX, 25 de dezembro de 1888, faleceu, em Braga, o Arcebispo resignat\u00e1rio dessa cidade, D. Jo\u00e3o Cris\u00f3stomo de Amorim Pessoa que deixou, por testamento,&nbsp; praticamente toda a sua avultada fortuna \u00e0 Miseric\u00f3rdia de Cantanhede, sua terra natal e onde fora p\u00e1roco de 1851 a 1854, com a obriga\u00e7\u00e3o, entre outras, de ela fundar um novo Hospital para os pobres. Para o efeito, foram adquiridos os terrenos que tinham feito parte da cerca do antigo Convento de Nossa Senhora da Concei\u00e7\u00e3o; a respectiva escritura foi feita em 15 de agosto de 1889.<\/p>\n\n\n\n<p align=\"justify\">Em 15 de julho de 1891 come\u00e7aram os trabalhos de constru\u00e7\u00e3o do Hospital e em 28 de junho de 1896 foi inaugurado com muita pompa.<\/p>\n\n\n<div class=\"wp-block-image\">\n<figure class=\"aligncenter size-full\"><img loading=\"lazy\" decoding=\"async\" width=\"251\" height=\"132\" src=\"https:\/\/scmcantanhede.pt\/wp-content\/uploads\/2023\/05\/hospital3.jpg\" alt=\"\" class=\"wp-image-1346\"\/><\/figure>\n<\/div>\n\n\n<p><strong>Novo Hospital &#8211; anos sessenta<\/strong><\/p>\n\n\n\n<p align=\"justify\">Mas os avan\u00e7os da ci\u00eancia e o desenvolvimento da regi\u00e3o mostraram que se tornava urgente a edifica\u00e7\u00e3o de um novo Hospital que come\u00e7ou a ser constru\u00eddo a poucos metros. Merc\u00ea da dedica\u00e7\u00e3o e apoio de v\u00e1rios benfeitores e com a colabora\u00e7\u00e3o do governo, as obras ficaram conclu\u00eddas a 16 de agosto de 1955 mas s\u00f3 entrou em funcionamento a 15 de fevereiro de 1956.<\/p>\n\n\n<div class=\"wp-block-image\">\n<figure class=\"aligncenter size-full\"><img loading=\"lazy\" decoding=\"async\" width=\"251\" height=\"149\" src=\"https:\/\/scmcantanhede.pt\/wp-content\/uploads\/2023\/05\/hospital4.jpg\" alt=\"\" class=\"wp-image-1347\"\/><\/figure>\n<\/div>\n\n\n<p><strong>Hospital &#8211; anos noventa<\/strong><\/p>\n\n\n\n<p>Estas instala\u00e7\u00f5es foram profundamente remodeladas h\u00e1 poucos anos.<\/p>\n\n\n\n<p><strong>Asilo da Inf\u00e2ncia desvalida Maria Cordeiro<\/strong><\/p>\n\n\n\n<p><strong>\u00c9poca de constru\u00e7\u00e3o:<\/strong>&nbsp;<em>s\u00e9culos 19\/20.<\/em><\/p>\n\n\n\n<p><strong>Tipologia:<\/strong>&nbsp;<em>arquitectura civil assistencial, revivalista neocl\u00e1ssica.<\/em><\/p>\n\n\n<div class=\"wp-block-image\">\n<figure class=\"aligncenter size-full\"><img loading=\"lazy\" decoding=\"async\" width=\"255\" height=\"178\" src=\"https:\/\/scmcantanhede.pt\/wp-content\/uploads\/2023\/05\/lar_infancia1-1.jpg\" alt=\"\" class=\"wp-image-1348\"\/><\/figure>\n<\/div>\n\n\n<p><strong>Lar Maria Cordeiro &#8211; anos quarenta<\/strong><\/p>\n\n\n\n<p align=\"justify\">Em 7 de abril de 1849, realiza-se uma sess\u00e3o extraordin\u00e1ria da C\u00e2mara Municipal de Cantanhede com a finalidade de informar o Governo Civil do Distrito de Coimbra sobre as necessidades do concelho, entre elas a necessidade urgente de criar uma &#8220;casa central de Asilo&#8221;.<\/p>\n\n\n<div class=\"wp-block-image\">\n<figure class=\"aligncenter size-full\"><img loading=\"lazy\" decoding=\"async\" width=\"251\" height=\"141\" src=\"https:\/\/scmcantanhede.pt\/wp-content\/uploads\/2023\/05\/lar_mariac2-1.jpg\" alt=\"\" class=\"wp-image-1349\"\/><\/figure>\n<\/div>\n\n\n<p><strong>Lar Maria Cordeiro &#8211; anos noventa<\/strong><\/p>\n\n\n\n<p align=\"justify\">Em 1901, numa reuni\u00e3o da Mesa Administrativa, o provedor, Dr. Ant\u00f3nio Jos\u00e9 da Silva Poiares, prop\u00f5e a funda\u00e7\u00e3o do Asilo; para reunir fundos necess\u00e1rios tamb\u00e9m prop\u00f5e a venda da antiga capela da Miseric\u00f3rdia e s\u00e3o tomadas outras iniciativas com a finalidade de angariar os fundos t\u00e3o necess\u00e1rios.<\/p>\n\n\n\n<p align=\"justify\">Em 14 de fevereiro de 1910 s\u00e3o iniciados os trabalhos para a constru\u00e7\u00e3o do Asilo, com a abertura dos caboucos. As obras terminam em 1914 e, no dia 1 de dezembro desse mesmo ano, \u00e9 inaugurado o edif\u00edcio para crian\u00e7as do sexo feminino com 10 internadas, sob a reg\u00eancia de D. Maria da Assun\u00e7\u00e3o Mendes da Luz, de Coimbra.<\/p>\n\n\n\n<p align=\"justify\">A constru\u00e7\u00e3o desta obra s\u00f3 foi poss\u00edvel gra\u00e7as \u00e0 colabora\u00e7\u00e3o de muitos benfeitores mas, de um modo particular, gra\u00e7as a um donativo elevado (6.200$000) feito Joaquim Pereira Machado para perpetuar a saudade pela morte da m\u00e3e, D. Maria Cordeiro Machado.<\/p>\n\n\n\n<p align=\"justify\">Actualmente, ap\u00f3s grandes obras de remodela\u00e7\u00e3o\/adapta\u00e7\u00e3o, no Lar Maria Cordeiro funciona o Jardim de Inf\u00e2ncia.<\/p>\n\n\n\n<p><strong>Lares&nbsp; da 3\u00aa Idade<\/strong><\/p>\n\n\n\n<p><strong>Lar de Idosos Adelino Bugalho<\/strong><\/p>\n\n\n<div class=\"wp-block-image\">\n<figure class=\"aligncenter size-full\"><img loading=\"lazy\" decoding=\"async\" width=\"318\" height=\"240\" src=\"https:\/\/scmcantanhede.pt\/wp-content\/uploads\/2023\/05\/st-cas0-1.jpg\" alt=\"\" class=\"wp-image-1351\" srcset=\"https:\/\/www.scmcantanhede.pt\/wp-content\/uploads\/2023\/05\/st-cas0-1.jpg 318w, https:\/\/www.scmcantanhede.pt\/wp-content\/uploads\/2023\/05\/st-cas0-1-300x226.jpg 300w\" sizes=\"auto, (max-width: 318px) 100vw, 318px\" \/><\/figure>\n<\/div>\n\n\n<p align=\"justify\">O edif\u00edcio do antigo Hospital do Arcebispo, ap\u00f3s grandes obras de restauro, conserva\u00e7\u00e3o e adapta\u00e7\u00e3o \u00e9 utilizado, no corpo do lado poente, pelo Lar de Idosos Adelino Bugalho. Mantendo a tra\u00e7a exterior original, o seu interior foi palco de profundas obras de arquitectura para remodela\u00e7\u00e3o a fim de se tornar moderno e acolhedor.<\/p>\n\n\n\n<p>Com uma utiliza\u00e7\u00e3o intensiva, s\u00e3o a\u00ed ministrados os melhores cuidados de apoio aos que o utilizam.<\/p>\n\n\n\n<p><strong>Lar de Idosos Francisco Pinto de Carvalho<\/strong><\/p>\n\n\n<div class=\"wp-block-image\">\n<figure class=\"aligncenter size-full\"><img loading=\"lazy\" decoding=\"async\" width=\"300\" height=\"178\" src=\"https:\/\/scmcantanhede.pt\/wp-content\/uploads\/2023\/05\/lar_idosos5-1.jpg\" alt=\"\" class=\"wp-image-1352\"\/><\/figure>\n<\/div>\n\n\n<p align=\"justify\">Inaugurado nos anos noventa, o Lar de Idosos \u00e9 uma resposta social desenvolvida em alojamento colectivo, de utiliza\u00e7\u00e3o tempor\u00e1ria ou permanente, para idosos em situa\u00e7\u00e3o de maior risco de perda de independ\u00eancia e\/ou autonomia.<\/p>\n\n\n\n<p><strong>Extens\u00e3o do Lar de Idosos<\/strong><\/p>\n\n\n<div class=\"wp-block-image\">\n<figure class=\"aligncenter size-full\"><img loading=\"lazy\" decoding=\"async\" width=\"265\" height=\"200\" src=\"https:\/\/scmcantanhede.pt\/wp-content\/uploads\/2023\/05\/centro_noite3-1.jpg\" alt=\"\" class=\"wp-image-1353\"\/><\/figure>\n<\/div>\n\n\n<p align=\"justify\">Instala\u00e7\u00f5es j\u00e1 com algumas d\u00e9cadas, a\u00ed residiam as Irm\u00e3s que prestavam apoio no Hospital da Santa Casa; foram completamente remodeladas e mobiladas para funcionamento da extens\u00e3o do lar de idosos. Para maior comodidade dos utentes e com vis\u00e3o panor\u00e2mica, sobretudo nos dias frios e chuvosos de Inverno, foi constru\u00edda uma liga\u00e7\u00e3o toda envidra\u00e7ada e com aquecimento, entre esta unidade e o Lar.<\/p>\n\n\n\n<p><strong>Nova Creche<\/strong><\/p>\n\n\n<div class=\"wp-block-image\">\n<figure class=\"aligncenter size-full\"><img loading=\"lazy\" decoding=\"async\" width=\"260\" height=\"165\" src=\"https:\/\/scmcantanhede.pt\/wp-content\/uploads\/2023\/05\/nova_creche2.png\" alt=\"\" class=\"wp-image-1354\"\/><\/figure>\n<\/div>\n\n\n<p align=\"justify\">Com a Creche e Jardim de Inf\u00e2ncia a funcionar h\u00e1 muitos anos no edif\u00edcio do Lar Maria Cordeiro, foi necess\u00e1rio construir uma nova unidade para poder dar resposta aos muitos pedidos de inscri\u00e7\u00e3o que todos os anos ficavam sem resposta adequada por parte da Santa Casa, por falta de instala\u00e7\u00f5es.<\/p>\n\n\n\n<p>Conclu\u00eddo em 2010, \u00e9 uma obra exemplar, a n\u00edvel distrital, em termos de conforto e equipamento.<\/p>\n\n\n\n<p><strong>UNIDADE DE CUIDADOS CONTINUADOS<\/strong><\/p>\n\n\n<div class=\"wp-block-image\">\n<figure class=\"aligncenter size-full\"><img loading=\"lazy\" decoding=\"async\" width=\"264\" height=\"176\" src=\"https:\/\/scmcantanhede.pt\/wp-content\/uploads\/2023\/05\/ucc2012.png\" alt=\"\" class=\"wp-image-1357\"\/><\/figure>\n<\/div>\n\n\n<p align=\"justify\">Edif\u00edcio moderno, que cumpre rigorosamente o programa funcional previsto no normativo legal, disp\u00f5e de 8 quartos individuais e 11 duplos, o que perfaz a capacidade de 30 camas, \u00e1reas de recep\u00e7\u00e3o e apoio administrativo, salas de refei\u00e7\u00f5es, de conv\u00edvio e de actividades, \u00e1reas de higiene pessoal, de apoio m\u00e9dico e de enfermagem, gabinetes para medicina f\u00edsica e de reabilita\u00e7\u00e3o (incluindo gin\u00e1sio), \u00e1reas de pessoal e de log\u00edstica e ainda uma sala de dep\u00f3sito tempor\u00e1rio de cad\u00e1veres.<\/p>\n\n\n\n<p align=\"justify\">O investimento contou com a comparticipa\u00e7\u00e3o m\u00e1xima do Governo prevista no Regulamento do Programa Modelar, isto \u00e9, \u20ac 750&nbsp;000,00, que foram destinados somente \u00e0 fase de constru\u00e7\u00e3o de acordo com o caderno de encargos aprovado, excluindo qualquer apoio para aquisi\u00e7\u00e3o do equipamento, pelo que \u00e0 Santa Casa cumpriu assumir o restante do investimento total que foi bastante avultado (constru\u00e7\u00e3o e equipamento)<\/p>\n","protected":false},"excerpt":{"rendered":"<p>Patrim\u00f3nio da Santa Casa Igreja da Miseric\u00f3rdia&nbsp; \u00c9poca de constru\u00e7\u00e3o:&nbsp;s\u00e9culos 17\/18. Tipologia:&nbsp;arquitectura religiosa, maneirista,&nbsp;tardo-barroca e rococ\u00f3. Igreja da Miseric\u00f3rdia &#8211; anos sessenta A Igreja da Miseric\u00f3rdia restaurada recentemente \u00e9 a \u00fanica constru\u00e7\u00e3o que resta do antigo Convento de Santo Ant\u00f3nio fundado pelo 1\u00ba Marqu\u00eas de Marialva e 3\u00ba Conde de Cantanhede, D. Ant\u00f3nio Lu\u00eds de [&hellip;]<\/p>\n","protected":false},"author":1,"featured_media":0,"parent":0,"menu_order":0,"comment_status":"closed","ping_status":"closed","template":"","meta":{"_oasis_is_in_workflow":0,"_oasis_original":0,"footnotes":""},"class_list":["post-20","page","type-page","status-publish","hentry"],"aioseo_notices":[],"_links":{"self":[{"href":"https:\/\/www.scmcantanhede.pt\/index.php?rest_route=\/wp\/v2\/pages\/20","targetHints":{"allow":["GET"]}}],"collection":[{"href":"https:\/\/www.scmcantanhede.pt\/index.php?rest_route=\/wp\/v2\/pages"}],"about":[{"href":"https:\/\/www.scmcantanhede.pt\/index.php?rest_route=\/wp\/v2\/types\/page"}],"author":[{"embeddable":true,"href":"https:\/\/www.scmcantanhede.pt\/index.php?rest_route=\/wp\/v2\/users\/1"}],"replies":[{"embeddable":true,"href":"https:\/\/www.scmcantanhede.pt\/index.php?rest_route=%2Fwp%2Fv2%2Fcomments&post=20"}],"version-history":[{"count":0,"href":"https:\/\/www.scmcantanhede.pt\/index.php?rest_route=\/wp\/v2\/pages\/20\/revisions"}],"wp:attachment":[{"href":"https:\/\/www.scmcantanhede.pt\/index.php?rest_route=%2Fwp%2Fv2%2Fmedia&parent=20"}],"curies":[{"name":"wp","href":"https:\/\/api.w.org\/{rel}","templated":true}]}}