{"id":1985,"date":"2025-05-30T17:00:01","date_gmt":"2025-05-30T16:00:01","guid":{"rendered":"https:\/\/www.scmcantanhede.pt\/?page_id=1985"},"modified":"2025-06-26T16:05:19","modified_gmt":"2025-06-26T15:05:19","slug":"documentos-contabilisticos-da-instituicao-referentes-ao-ano-2024","status":"publish","type":"page","link":"https:\/\/www.scmcantanhede.pt\/?page_id=1985","title":{"rendered":"Documentos Contabil\u00edsticos da Institui\u00e7\u00e3o (referentes ao ano 2024)"},"content":{"rendered":"\n<div data-wp-interactive=\"core\/file\" class=\"wp-block-file\"><object data-wp-bind--hidden=\"!state.hasPdfPreview\" hidden class=\"wp-block-file__embed\" data=\"https:\/\/www.scmcantanhede.pt\/wp-content\/uploads\/2025\/06\/Relatorio-e-Contas-2024.pdf\" type=\"application\/pdf\" style=\"width:100%;height:600px\" aria-label=\"Incorpora\u00e7\u00e3o de Relat\u00f3rio e Contas 2024.\"><\/object><a id=\"wp-block-file--media-d1626a8c-3dbf-4cc2-9fe1-8d08b1a6fdfd\" href=\"https:\/\/www.scmcantanhede.pt\/wp-content\/uploads\/2025\/06\/Relatorio-e-Contas-2024.pdf\">Relat\u00f3rio e Contas 2024<\/a><\/div>\n","protected":false},"excerpt":{"rendered":"","protected":false},"author":1,"featured_media":0,"parent":0,"menu_order":0,"comment_status":"closed","ping_status":"closed","template":"","meta":{"_oasis_is_in_workflow":0,"_oasis_original":0,"footnotes":""},"class_list":["post-1985","page","type-page","status-publish","hentry"],"aioseo_notices":[],"_links":{"self":[{"href":"https:\/\/www.scmcantanhede.pt\/index.php?rest_route=\/wp\/v2\/pages\/1985","targetHints":{"allow":["GET"]}}],"collection":[{"href":"https:\/\/www.scmcantanhede.pt\/index.php?rest_route=\/wp\/v2\/pages"}],"about":[{"href":"https:\/\/www.scmcantanhede.pt\/index.php?rest_route=\/wp\/v2\/types\/page"}],"author":[{"embeddable":true,"href":"https:\/\/www.scmcantanhede.pt\/index.php?rest_route=\/wp\/v2\/users\/1"}],"replies":[{"embeddable":true,"href":"https:\/\/www.scmcantanhede.pt\/index.php?rest_route=%2Fwp%2Fv2%2Fcomments&post=1985"}],"version-history":[{"count":0,"href":"https:\/\/www.scmcantanhede.pt\/index.php?rest_route=\/wp\/v2\/pages\/1985\/revisions"}],"wp:attachment":[{"href":"https:\/\/www.scmcantanhede.pt\/index.php?rest_route=%2Fwp%2Fv2%2Fmedia&parent=1985"}],"curies":[{"name":"wp","href":"https:\/\/api.w.org\/{rel}","templated":true}]}}