{"id":1839,"date":"2024-05-15T14:26:32","date_gmt":"2024-05-15T13:26:32","guid":{"rendered":"https:\/\/www.scmcantanhede.pt\/?page_id=1839"},"modified":"2024-05-15T14:36:04","modified_gmt":"2024-05-15T13:36:04","slug":"documentos-contabilisticos-da-instituicao-referentes-ao-ano-2023","status":"publish","type":"page","link":"https:\/\/www.scmcantanhede.pt\/?page_id=1839","title":{"rendered":"Documentos Contabil\u00edsticos da Institui\u00e7\u00e3o (referentes ao ano 2023)"},"content":{"rendered":"\n<div class=\"wp-block-columns is-layout-flex wp-container-core-columns-is-layout-9d6595d7 wp-block-columns-is-layout-flex\">\n<div class=\"wp-block-column is-layout-flow wp-block-column-is-layout-flow\">\n<div data-wp-interactive=\"core\/file\" class=\"wp-block-file\"><object data-wp-bind--hidden=\"!state.hasPdfPreview\" hidden class=\"wp-block-file__embed\" data=\"https:\/\/www.scmcantanhede.pt\/wp-content\/uploads\/2024\/05\/Balanco.pdf\" type=\"application\/pdf\" style=\"width:100%;height:600px\" aria-label=\"Incorpora\u00e7\u00e3o de Balanco.\"><\/object><a id=\"wp-block-file--media-42b6726f-a0e2-4420-9656-2ef3ce8216d0\" href=\"https:\/\/www.scmcantanhede.pt\/wp-content\/uploads\/2024\/05\/Balanco.pdf\">Balanco<\/a><\/div>\n<\/div>\n\n\n\n<div class=\"wp-block-column is-layout-flow wp-block-column-is-layout-flow\">\n<div data-wp-interactive=\"core\/file\" class=\"wp-block-file\"><object data-wp-bind--hidden=\"!state.hasPdfPreview\" hidden class=\"wp-block-file__embed\" data=\"https:\/\/www.scmcantanhede.pt\/wp-content\/uploads\/2024\/05\/Demonstracao-Resultados-por-natureza.pdf\" type=\"application\/pdf\" style=\"width:100%;height:600px\" aria-label=\"Incorpora\u00e7\u00e3o de Demonstracao-Resultados-por-natureza.\"><\/object><a id=\"wp-block-file--media-bf586468-38a5-44a8-9ced-81db54b48a7c\" href=\"https:\/\/www.scmcantanhede.pt\/wp-content\/uploads\/2024\/05\/Demonstracao-Resultados-por-natureza.pdf\">Demonstracao-Resultados-por-natureza<\/a><\/div>\n<\/div>\n\n\n\n<div class=\"wp-block-column is-layout-flow wp-block-column-is-layout-flow\">\n<div data-wp-interactive=\"core\/file\" class=\"wp-block-file\"><object data-wp-bind--hidden=\"!state.hasPdfPreview\" hidden class=\"wp-block-file__embed\" data=\"https:\/\/www.scmcantanhede.pt\/wp-content\/uploads\/2024\/05\/Demonstracao-Resultados-por-funcoes.pdf\" type=\"application\/pdf\" style=\"width:100%;height:600px\" aria-label=\"Incorpora\u00e7\u00e3o de Demonstracao-Resultados-por-funcoes.\"><\/object><a id=\"wp-block-file--media-7f901003-a1e1-4481-8c4b-399b52706f20\" href=\"https:\/\/www.scmcantanhede.pt\/wp-content\/uploads\/2024\/05\/Demonstracao-Resultados-por-funcoes.pdf\">Demonstracao-Resultados-por-funcoes<\/a><\/div>\n<\/div>\n<\/div>\n\n\n\n<div class=\"wp-block-columns is-layout-flex wp-container-core-columns-is-layout-9d6595d7 wp-block-columns-is-layout-flex\">\n<div class=\"wp-block-column is-layout-flow wp-block-column-is-layout-flow\">\n<div data-wp-interactive=\"core\/file\" class=\"wp-block-file\"><object data-wp-bind--hidden=\"!state.hasPdfPreview\" hidden class=\"wp-block-file__embed\" data=\"https:\/\/www.scmcantanhede.pt\/wp-content\/uploads\/2024\/05\/Demonstracao-Fluxos-de-Caixa.pdf\" type=\"application\/pdf\" style=\"width:100%;height:600px\" aria-label=\"Incorpora\u00e7\u00e3o de Demonstracao-Fluxos-de-Caixa.\"><\/object><a id=\"wp-block-file--media-f8b3cc7f-ad32-439d-b698-7dfe3a3a7d86\" href=\"https:\/\/www.scmcantanhede.pt\/wp-content\/uploads\/2024\/05\/Demonstracao-Fluxos-de-Caixa.pdf\">Demonstracao-Fluxos-de-Caixa<\/a><\/div>\n<\/div>\n\n\n\n<div class=\"wp-block-column is-layout-flow wp-block-column-is-layout-flow\">\n<div data-wp-interactive=\"core\/file\" class=\"wp-block-file\"><object data-wp-bind--hidden=\"!state.hasPdfPreview\" hidden class=\"wp-block-file__embed\" data=\"https:\/\/www.scmcantanhede.pt\/wp-content\/uploads\/2024\/05\/Demonstracao-Fundos-Patrimoniais.pdf\" type=\"application\/pdf\" style=\"width:100%;height:600px\" aria-label=\"Incorpora\u00e7\u00e3o de Demonstracao-Fundos-Patrimoniais.\"><\/object><a id=\"wp-block-file--media-99750da4-ca8a-43fd-8872-ccc0cded3338\" href=\"https:\/\/www.scmcantanhede.pt\/wp-content\/uploads\/2024\/05\/Demonstracao-Fundos-Patrimoniais.pdf\">Demonstracao-Fundos-Patrimoniais<\/a><\/div>\n<\/div>\n\n\n\n<div class=\"wp-block-column is-layout-flow wp-block-column-is-layout-flow\">\n<div data-wp-interactive=\"core\/file\" class=\"wp-block-file\"><object data-wp-bind--hidden=\"!state.hasPdfPreview\" hidden class=\"wp-block-file__embed\" data=\"https:\/\/www.scmcantanhede.pt\/wp-content\/uploads\/2024\/05\/Anexo-ao-Balanco-e-Demonstracao-Resultados.pdf\" type=\"application\/pdf\" style=\"width:100%;height:600px\" aria-label=\"Incorpora\u00e7\u00e3o de Anexo-ao-Balanco-e-Demonstracao-Resultados.\"><\/object><a id=\"wp-block-file--media-d6b952e9-988b-4f9e-b70a-56b10e3aa2b3\" href=\"https:\/\/www.scmcantanhede.pt\/wp-content\/uploads\/2024\/05\/Anexo-ao-Balanco-e-Demonstracao-Resultados.pdf\">Anexo-ao-Balanco-e-Demonstracao-Resultados<\/a><\/div>\n<\/div>\n<\/div>\n\n\n\n<div class=\"wp-block-columns is-layout-flex wp-container-core-columns-is-layout-9d6595d7 wp-block-columns-is-layout-flex\">\n<div class=\"wp-block-column is-layout-flow wp-block-column-is-layout-flow\">\n<div data-wp-interactive=\"core\/file\" class=\"wp-block-file\"><object data-wp-bind--hidden=\"!state.hasPdfPreview\" hidden class=\"wp-block-file__embed\" data=\"https:\/\/www.scmcantanhede.pt\/wp-content\/uploads\/2024\/05\/Certificacao-Legal-Contas.pdf\" type=\"application\/pdf\" style=\"width:100%;height:600px\" aria-label=\"Incorpora\u00e7\u00e3o de Certificacao-Legal-Contas.\"><\/object><a id=\"wp-block-file--media-ea38a469-55aa-4027-84a0-8a9a8c227e72\" href=\"https:\/\/www.scmcantanhede.pt\/wp-content\/uploads\/2024\/05\/Certificacao-Legal-Contas.pdf\">Certificacao-Legal-Contas<\/a><\/div>\n<\/div>\n\n\n\n<div class=\"wp-block-column is-layout-flow wp-block-column-is-layout-flow\">\n<div data-wp-interactive=\"core\/file\" class=\"wp-block-file\"><object data-wp-bind--hidden=\"!state.hasPdfPreview\" hidden class=\"wp-block-file__embed\" data=\"https:\/\/www.scmcantanhede.pt\/wp-content\/uploads\/2024\/05\/Parecer-Conselho-Fiscal.pdf\" type=\"application\/pdf\" style=\"width:100%;height:600px\" aria-label=\"Incorpora\u00e7\u00e3o de Parecer-Conselho-Fiscal.\"><\/object><a id=\"wp-block-file--media-45739e15-fa45-4285-9368-c72d97d4c0df\" href=\"https:\/\/www.scmcantanhede.pt\/wp-content\/uploads\/2024\/05\/Parecer-Conselho-Fiscal.pdf\">Parecer-Conselho-Fiscal<\/a><\/div>\n<\/div>\n\n\n\n<div class=\"wp-block-column is-layout-flow wp-block-column-is-layout-flow\">\n<div data-wp-interactive=\"core\/file\" class=\"wp-block-file\"><object data-wp-bind--hidden=\"!state.hasPdfPreview\" hidden class=\"wp-block-file__embed\" data=\"https:\/\/www.scmcantanhede.pt\/wp-content\/uploads\/2024\/05\/Mapa-Trabalho-Voluntario.pdf\" type=\"application\/pdf\" style=\"width:100%;height:600px\" aria-label=\"Incorpora\u00e7\u00e3o de Mapa-Trabalho-Voluntario.\"><\/object><a id=\"wp-block-file--media-8d9c15f9-2284-4a7f-9ced-9901b8879870\" href=\"https:\/\/www.scmcantanhede.pt\/wp-content\/uploads\/2024\/05\/Mapa-Trabalho-Voluntario.pdf\">Mapa-Trabalho-Voluntario<\/a><\/div>\n<\/div>\n<\/div>\n\n\n\n<div class=\"wp-block-columns is-layout-flex wp-container-core-columns-is-layout-9d6595d7 wp-block-columns-is-layout-flex\">\n<div class=\"wp-block-column is-layout-flow wp-block-column-is-layout-flow\">\n<div data-wp-interactive=\"core\/file\" class=\"wp-block-file\"><object data-wp-bind--hidden=\"!state.hasPdfPreview\" hidden class=\"wp-block-file__embed\" data=\"https:\/\/www.scmcantanhede.pt\/wp-content\/uploads\/2024\/05\/Ata-Assembleia-Geral.pdf\" type=\"application\/pdf\" style=\"width:100%;height:600px\" aria-label=\"Incorpora\u00e7\u00e3o de Ata-Assembleia-Geral.\"><\/object><a id=\"wp-block-file--media-489920db-367f-4874-b773-b892d7ab7991\" href=\"https:\/\/www.scmcantanhede.pt\/wp-content\/uploads\/2024\/05\/Ata-Assembleia-Geral.pdf\">Ata-Assembleia-Geral<\/a><\/div>\n<\/div>\n\n\n\n<div class=\"wp-block-column is-layout-flow wp-block-column-is-layout-flow\">\n<div data-wp-interactive=\"core\/file\" class=\"wp-block-file\"><object data-wp-bind--hidden=\"!state.hasPdfPreview\" hidden class=\"wp-block-file__embed\" data=\"https:\/\/www.scmcantanhede.pt\/wp-content\/uploads\/2024\/05\/Capa.pdf\" type=\"application\/pdf\" style=\"width:100%;height:600px\" aria-label=\"Incorpora\u00e7\u00e3o de Capa.\"><\/object><a id=\"wp-block-file--media-e8104297-42d4-4202-908c-b24be2329a61\" href=\"https:\/\/www.scmcantanhede.pt\/wp-content\/uploads\/2024\/05\/Capa.pdf\">Capa<\/a><\/div>\n<\/div>\n\n\n\n<div class=\"wp-block-column is-layout-flow wp-block-column-is-layout-flow\"><\/div>\n<\/div>\n","protected":false},"excerpt":{"rendered":"","protected":false},"author":1,"featured_media":0,"parent":0,"menu_order":0,"comment_status":"closed","ping_status":"closed","template":"","meta":{"_oasis_is_in_workflow":0,"_oasis_original":0,"footnotes":""},"class_list":["post-1839","page","type-page","status-publish","hentry"],"aioseo_notices":[],"_links":{"self":[{"href":"https:\/\/www.scmcantanhede.pt\/index.php?rest_route=\/wp\/v2\/pages\/1839","targetHints":{"allow":["GET"]}}],"collection":[{"href":"https:\/\/www.scmcantanhede.pt\/index.php?rest_route=\/wp\/v2\/pages"}],"about":[{"href":"https:\/\/www.scmcantanhede.pt\/index.php?rest_route=\/wp\/v2\/types\/page"}],"author":[{"embeddable":true,"href":"https:\/\/www.scmcantanhede.pt\/index.php?rest_route=\/wp\/v2\/users\/1"}],"replies":[{"embeddable":true,"href":"https:\/\/www.scmcantanhede.pt\/index.php?rest_route=%2Fwp%2Fv2%2Fcomments&post=1839"}],"version-history":[{"count":0,"href":"https:\/\/www.scmcantanhede.pt\/index.php?rest_route=\/wp\/v2\/pages\/1839\/revisions"}],"wp:attachment":[{"href":"https:\/\/www.scmcantanhede.pt\/index.php?rest_route=%2Fwp%2Fv2%2Fmedia&parent=1839"}],"curies":[{"name":"wp","href":"https:\/\/api.w.org\/{rel}","templated":true}]}}