{"id":145,"date":"2023-01-14T14:21:00","date_gmt":"2023-01-14T14:21:00","guid":{"rendered":"https:\/\/scmcantanhede.pt\/?page_id=145"},"modified":"2025-11-24T11:40:19","modified_gmt":"2025-11-24T10:40:19","slug":"servicos-administrativos","status":"publish","type":"page","link":"https:\/\/www.scmcantanhede.pt\/?page_id=145","title":{"rendered":"Servi\u00e7os Administrativos"},"content":{"rendered":"\n<div class=\"wp-block-columns is-layout-flex wp-container-core-columns-is-layout-9d6595d7 wp-block-columns-is-layout-flex\">\n<div class=\"wp-block-column is-layout-flow wp-block-column-is-layout-flow\" style=\"flex-basis:66.66%\">\n<figure class=\"wp-block-image size-full\"><img loading=\"lazy\" decoding=\"async\" width=\"800\" height=\"532\" src=\"https:\/\/scmcantanhede.pt\/wp-content\/uploads\/2023\/05\/foto0096.jpg\" alt=\"\" class=\"wp-image-1411\" srcset=\"https:\/\/www.scmcantanhede.pt\/wp-content\/uploads\/2023\/05\/foto0096.jpg 800w, https:\/\/www.scmcantanhede.pt\/wp-content\/uploads\/2023\/05\/foto0096-300x200.jpg 300w, https:\/\/www.scmcantanhede.pt\/wp-content\/uploads\/2023\/05\/foto0096-768x511.jpg 768w, https:\/\/www.scmcantanhede.pt\/wp-content\/uploads\/2023\/05\/foto0096-600x399.jpg 600w\" sizes=\"auto, (max-width: 800px) 100vw, 800px\" \/><\/figure>\n<\/div>\n\n\n\n<div class=\"wp-block-column is-layout-flow wp-block-column-is-layout-flow\" style=\"flex-basis:40%\">\n<h5 class=\"wp-block-heading\">SANTA CASA DA MISERIC\u00d3RDIA DE CANTANHEDE<\/h5>\n\n\n\n<p>Hor\u00e1rio de Atendimento:<\/p>\n\n\n\n<p>De Segunda-feira a Sexta-feira das 9h00 \u00e0s 12h30 e das 14h00 as 17h30.<\/p>\n\n\n\n<ul class=\"wp-block-list\">\n<li><em><strong>+351 231 422 578<\/strong> *<\/em>\n<ul class=\"wp-block-list\">\n<li><strong>Op\u00e7\u00e3o 1 : Servi\u00e7os Administrativos<\/strong><\/li>\n\n\n\n<li>Op\u00e7\u00e3o 2 : Creche Pr\u00e9-escolar<\/li>\n\n\n\n<li>Op\u00e7\u00e3o 3 : Creche Pares<\/li>\n\n\n\n<li>Op\u00e7\u00e3o 4 : CATL<\/li>\n\n\n\n<li>Op\u00e7\u00e3o 5 : Lar de Inf\u00e2ncia<\/li>\n\n\n\n<li>Op\u00e7\u00e3o 6 : ERPI (Lares)<\/li>\n\n\n\n<li>Op\u00e7\u00e3o 7 : UCCI<\/li>\n<\/ul>\n<\/li>\n<\/ul>\n\n\n\n<p>* Chamada para a rede fixa nacional<\/p>\n<\/div>\n<\/div>\n\n\n\n<p><\/p>\n\n\n\n<h2 class=\"wp-block-heading\">Matr\u00edculas 2025\/2026<\/h2>\n\n\n\n<p>De acordo com a data de nascimento da crian\u00e7a e a resposta social que pretende frequentar, a inscri\u00e7\u00e3o deve ser realizada utilizando o formul\u00e1rio correto.<\/p>\n\n\n\n<figure class=\"wp-block-table aligncenter\"><table><tbody><tr><td>Resposta Social<\/td><td>Crian\u00e7as<\/td><td>Per\u00edodo<\/td><td>Local<\/td><\/tr><tr><td>CRECHE<\/td><td>Crian\u00e7as nascidas em 2024, 2023, 2022<\/td><td>02 DE JUNHO<\/td><td><a href=\"https:\/\/www.scmcantanhede.pt\/?page_id=66\" title=\"\">Balc\u00e3o on-line<\/a> ou Servi\u00e7os Administrativos<\/td><\/tr><tr><td>PR\u00c9-ESCOLAR<\/td><td>Crian\u00e7as nascidas em 2021, 2020, 2019<\/td><td>02 DE JUNHO<\/td><td><a href=\"https:\/\/www.scmcantanhede.pt\/?page_id=68\" title=\"\">Balc\u00e3o on-line<\/a> ou Servi\u00e7os Administrativos<\/td><\/tr><tr><td>CATL&nbsp;<\/td><td>Crian\u00e7as a frequentar o 1\u00ba ciclo&nbsp;<\/td><td>02 DE JUNHO<\/td><td><a href=\"https:\/\/www.scmcantanhede.pt\/?page_id=67\" title=\"\">Balc\u00e3o on-line<\/a> ou Servi\u00e7os Administrativos<\/td><\/tr><\/tbody><\/table><\/figure>\n\n\n\n<p><\/p>\n\n\n\n<p><\/p>\n\n\n\n<h3 class=\"wp-block-heading\">Creche Feliz &#8211; Rede de Creches Gratuitas<\/h3>\n\n\n\n<p>Publica\u00e7\u00e3o da Portaria 304\/2022, de 22 dezembro e publica\u00e7\u00e3o da Portaria 305\/2022, de 22 dezembro, que regulamenta o alargamento da medida \u00e0s creches da rede privada lucrativa. <a href=\"https:\/\/www.seg-social.pt\/rede-de-creches-gratuitas\" target=\"_blank\" rel=\"noopener\" title=\"\">Saber mais<\/a>.<\/p>\n\n\n\n<p><\/p>\n\n\n\n<p><\/p>\n\n\n\n<p><\/p>\n\n\n\n<h3 class=\"wp-block-heading\">Documenta\u00e7\u00e3o \/ Legisla\u00e7\u00e3o S.C.M.C, em Vigor:<\/h3>\n\n\n\n<div class=\"wp-block-columns is-layout-flex wp-container-core-columns-is-layout-9d6595d7 wp-block-columns-is-layout-flex\">\n<div class=\"wp-block-column is-layout-flow wp-block-column-is-layout-flow\">\n<div data-wp-interactive=\"core\/file\" class=\"wp-block-file\"><object data-wp-bind--hidden=\"!state.hasPdfPreview\" hidden class=\"wp-block-file__embed\" data=\"https:\/\/www.scmcantanhede.pt\/wp-content\/uploads\/2023\/05\/ChildDiary-Apresentacao-Autorizacao-Encarregados-Educacao.pdf\" type=\"application\/pdf\" style=\"width:100%;height:600px\" aria-label=\"Incorpora\u00e7\u00e3o de ChildDiary-Apresentacao-Autorizacao-Encarregados-Educacao.\"><\/object><a id=\"wp-block-file--media-be7294bd-e590-4cf9-9926-e0a27f245ed0\" href=\"https:\/\/www.scmcantanhede.pt\/wp-content\/uploads\/2023\/05\/ChildDiary-Apresentacao-Autorizacao-Encarregados-Educacao.pdf\">ChildDiary-Apresentacao-Autorizacao-Encarregados-Educacao<\/a><\/div>\n<\/div>\n\n\n\n<div class=\"wp-block-column is-layout-flow wp-block-column-is-layout-flow\">\n<div data-wp-interactive=\"core\/file\" class=\"wp-block-file\"><object data-wp-bind--hidden=\"!state.hasPdfPreview\" hidden class=\"wp-block-file__embed\" data=\"https:\/\/www.scmcantanhede.pt\/wp-content\/uploads\/2023\/05\/PO-APMC.pdf\" type=\"application\/pdf\" style=\"width:100%;height:600px\" aria-label=\"Incorpora\u00e7\u00e3o de PO-APMC.\"><\/object><a id=\"wp-block-file--media-6774f024-3300-4144-84dc-dc8a14dfca14\" href=\"https:\/\/www.scmcantanhede.pt\/wp-content\/uploads\/2023\/05\/PO-APMC.pdf\">PO-APMC<\/a><\/div>\n<\/div>\n\n\n\n<div class=\"wp-block-column is-layout-flow wp-block-column-is-layout-flow\"><\/div>\n<\/div>\n","protected":false},"excerpt":{"rendered":"<p>SANTA CASA DA MISERIC\u00d3RDIA DE CANTANHEDE Hor\u00e1rio de Atendimento: De Segunda-feira a Sexta-feira das 9h00 \u00e0s 12h30 e das 14h00 as 17h30. * Chamada para a rede fixa nacional Matr\u00edculas 2025\/2026 De acordo com a data de nascimento da crian\u00e7a e a resposta social que pretende frequentar, a inscri\u00e7\u00e3o deve ser realizada utilizando o formul\u00e1rio [&hellip;]<\/p>\n","protected":false},"author":1,"featured_media":0,"parent":0,"menu_order":0,"comment_status":"closed","ping_status":"closed","template":"","meta":{"_oasis_is_in_workflow":0,"_oasis_original":0,"footnotes":""},"class_list":["post-145","page","type-page","status-publish","hentry"],"aioseo_notices":[],"_links":{"self":[{"href":"https:\/\/www.scmcantanhede.pt\/index.php?rest_route=\/wp\/v2\/pages\/145","targetHints":{"allow":["GET"]}}],"collection":[{"href":"https:\/\/www.scmcantanhede.pt\/index.php?rest_route=\/wp\/v2\/pages"}],"about":[{"href":"https:\/\/www.scmcantanhede.pt\/index.php?rest_route=\/wp\/v2\/types\/page"}],"author":[{"embeddable":true,"href":"https:\/\/www.scmcantanhede.pt\/index.php?rest_route=\/wp\/v2\/users\/1"}],"replies":[{"embeddable":true,"href":"https:\/\/www.scmcantanhede.pt\/index.php?rest_route=%2Fwp%2Fv2%2Fcomments&post=145"}],"version-history":[{"count":1,"href":"https:\/\/www.scmcantanhede.pt\/index.php?rest_route=\/wp\/v2\/pages\/145\/revisions"}],"predecessor-version":[{"id":2034,"href":"https:\/\/www.scmcantanhede.pt\/index.php?rest_route=\/wp\/v2\/pages\/145\/revisions\/2034"}],"wp:attachment":[{"href":"https:\/\/www.scmcantanhede.pt\/index.php?rest_route=%2Fwp%2Fv2%2Fmedia&parent=145"}],"curies":[{"name":"wp","href":"https:\/\/api.w.org\/{rel}","templated":true}]}}