{"id":143,"date":"2023-01-14T14:21:00","date_gmt":"2023-01-14T14:21:00","guid":{"rendered":"https:\/\/scmcantanhede.pt\/?page_id=143"},"modified":"2023-05-30T22:04:04","modified_gmt":"2023-05-30T21:04:04","slug":"cand-espontanea-a-emprego","status":"publish","type":"page","link":"https:\/\/www.scmcantanhede.pt\/?page_id=143","title":{"rendered":"Cand. Espont\u00e2nea Emprego"},"content":{"rendered":"\n<p>Pode consultar a legisla\u00e7\u00e3o relativa \u00e0 candidatura em <a href=\"https:\/\/scmcantanhede.pt\/?page_id=145\" title=\"Servi\u00e7os Administrativos\">\u00c1rea Reservada \u2013 Servi\u00e7os Administrativos.<\/a><\/p>\n\n\n\n<p>As candidaturas espont\u00e2neas a emprego<strong> poder\u00e3o ser efetuadas atrav\u00e9s do seguinte formul\u00e1rio:<\/strong><\/p>\n\n\n<div id=\"mform_5\" class=\"mform_container \" novalidate=\"novalidate\"><form id=\"mega-form-5\" class=\"single-mega-form mf-mask ajax-mega-form\" method=\"post\" enctype=\"multipart\/form-data\" action=\"\" data-id=\"5\" data-load-time=\"1778590791\"><div class=\"mform_header\"><div class=\"mform_response_msg mf_hidden\"><\/div><\/div><div class=\"mform_body\"><ul class=\"mform_fields\"><li class=\"mf-container mf-row-container mf-1-cols\" data-container=\"row\"><ul class=\"mf_col mf-row-col mfcol-size-custom\" style=\"width:100%\"><li id=\"mf_5_field_2\" data-id=\"2\" class=\"mfield mfield_name mfield_required\"><div  class=\"mf_field_container\"><label for=\"mform_5_mfield_2\"><span class=\"mf_label\">Nome<\/span><span class=\"mf_required\">*<\/span><\/label><div  class=\"mf_input_container mf_input_name mf_input_compound\"><table><tr><td class=\"mf_sub_field  mf_sub_first_name\"><input type=\"text\" name=\"mform_5_mfield_2[first_name]\" value=\"\" placeholder=\"\"\/><label for=\"mform_5_mfield_2[first_name]\" id=\"mform_5_mfield_2[first_name]\" class=\"mf_sub_label\">First Name<\/label><\/td><\/tr><\/table><\/div><\/div><\/li><li id=\"mf_5_field_3\" data-id=\"3\" class=\"mfield mfield_number mfield_required\"><div  class=\"mf_field_container\"><label for=\"mform_5_mfield_3\"><span class=\"mf_label\">Idade<\/span><span class=\"mf_required\">*<\/span><\/label><div  class=\"mf_input_container mf_input_number\"><input type=\"number\" name=\"mform_5_mfield_3\" id=\"mform_5_mfield_3\" required=\"required\" pattern=\"[0-9]*\" inputmode=\"numeric\" min=\"18\" max=\"65\"\/><\/div><\/div><\/li><li id=\"mf_5_field_4\" data-id=\"4\" class=\"mfield mfield_date mfield_required\"><div  class=\"mf_field_container\"><label for=\"mform_5_mfield_4\"><span class=\"mf_label\">Data de Nascimento<\/span><span class=\"mf_required\">*<\/span><\/label><div  class=\"mf_input_container mf_input_date mf_date_icon\"><input type=\"text\" name=\"mform_5_mfield_4\" id=\"mform_5_mfield_4\" class=\"datepicker-here\" required=\"required\" data-language=\"en\" data-date-format=\"dd\/mm\/yyyy\" data-date-from=\"1960\" data-date-to=\"\"\/><\/div><\/div><\/li><li id=\"mf_5_field_5\" data-id=\"5\" class=\"mfield mfield_text mfield_required\"><div  class=\"mf_field_container\"><label for=\"mform_5_mfield_5\"><span class=\"mf_label\">Estado Civil<\/span><span class=\"mf_required\">*<\/span><\/label><div  class=\"mf_input_container mf_input_text\"><input type=\"text\" name=\"mform_5_mfield_5\" id=\"mform_5_mfield_5\" required=\"required\"\/><\/div><\/div><\/li><li id=\"mf_5_field_6\" data-id=\"6\" class=\"mfield mfield_number mfield_required\"><div  class=\"mf_field_container\"><label for=\"mform_5_mfield_6\"><span class=\"mf_label\">Cart\u00e3o Cidad\u00e3o \/ B.I. n\u00ba<\/span><span class=\"mf_required\">*<\/span><\/label><div  class=\"mf_input_container mf_input_number\"><input type=\"number\" name=\"mform_5_mfield_6\" id=\"mform_5_mfield_6\" required=\"required\" pattern=\"[0-9]*\" inputmode=\"numeric\"\/><\/div><\/div><\/li><li id=\"mf_5_field_7\" data-id=\"7\" class=\"mfield mfield_text mfield_required\"><div  class=\"mf_field_container\"><label for=\"mform_5_mfield_7\"><span class=\"mf_label\">Filia\u00e7\u00e3o Pai:<\/span><span class=\"mf_required\">*<\/span><\/label><div  class=\"mf_input_container mf_input_text\"><input type=\"text\" name=\"mform_5_mfield_7\" id=\"mform_5_mfield_7\" required=\"required\"\/><\/div><\/div><\/li><li id=\"mf_5_field_8\" data-id=\"8\" class=\"mfield mfield_text mfield_required\"><div  class=\"mf_field_container\"><label for=\"mform_5_mfield_8\"><span class=\"mf_label\">Filia\u00e7\u00e3o M\u00e3e:<\/span><span class=\"mf_required\">*<\/span><\/label><div  class=\"mf_input_container mf_input_text\"><input type=\"text\" name=\"mform_5_mfield_8\" id=\"mform_5_mfield_8\" required=\"required\"\/><\/div><\/div><\/li><li id=\"mf_5_field_9\" data-id=\"9\" class=\"mfield mfield_text mfield_required\"><div  class=\"mf_field_container\"><label for=\"mform_5_mfield_9\"><span class=\"mf_label\">Naturalidade<\/span><span class=\"mf_required\">*<\/span><\/label><div  class=\"mf_input_container mf_input_text\"><input type=\"text\" name=\"mform_5_mfield_9\" id=\"mform_5_mfield_9\" required=\"required\"\/><\/div><\/div><\/li><li id=\"mf_5_field_10\" data-id=\"10\" class=\"mfield mfield_address mfield_required\"><div  class=\"mf_field_container\"><label for=\"mform_5_mfield_10\"><span class=\"mf_label\">Morada<\/span><span class=\"mf_required\">*<\/span><\/label><div  class=\"mf_input_container mf_input_address mf_input_compound\"><span class=\"mf_sub_field mf_sub_address_line_1 mf_full\"><input type=\"text\" name=\"mform_5_mfield_10[address_line_1]\" value=\"\" placeholder=\"\"\/><label for=\"mform_5_mfield_10[address_line_1]\" id=\"mform_5_mfield_10[address_line_1]\" class=\"mf_sub_label\">Resid\u00eancia (Rua, Av.)<\/label><\/span><span class=\"mf_sub_field mf_sub_address_line_2 mf_full\"><input type=\"text\" name=\"mform_5_mfield_10[address_line_2]\" value=\"\" placeholder=\"\"\/><label for=\"mform_5_mfield_10[address_line_2]\" id=\"mform_5_mfield_10[address_line_2]\" class=\"mf_sub_label\">Complemento de morada<\/label><\/span><span class=\"mf_sub_field mf_sub_city mf_half mf_left\"><input type=\"text\" name=\"mform_5_mfield_10[city]\" value=\"\" placeholder=\"\"\/><label for=\"mform_5_mfield_10[city]\" id=\"mform_5_mfield_10[city]\" class=\"mf_sub_label\">Localidade<\/label><\/span><span class=\"mf_sub_field mf_sub_state mf_half mf_right\"><input type=\"text\" name=\"mform_5_mfield_10[state]\" value=\"\" placeholder=\"\"\/><label for=\"mform_5_mfield_10[state]\" id=\"mform_5_mfield_10[state]\" class=\"mf_sub_label\">Concelho<\/label><\/span><span class=\"mf_clearfix\"><\/span><span class=\"mf_sub_field mf_sub_zip_code mf_half mf_left\"><input type=\"text\" name=\"mform_5_mfield_10[zip_code]\" value=\"\" placeholder=\"\"\/><label for=\"mform_5_mfield_10[zip_code]\" id=\"mform_5_mfield_10[zip_code]\" class=\"mf_sub_label\">C\u00f3digo Postal<\/label><\/span><\/div><\/div><\/li><li id=\"mf_5_field_12\" data-id=\"12\" class=\"mfield mfield_radios mfield_required\"><div  class=\"mf_field_container\"><label for=\"mform_5_mfield_12\"><span class=\"mf_label\">Carta de Condu\u00e7\u00e3o<\/span><span class=\"mf_required\">*<\/span><\/label><div  class=\"mf_input_container mf_input_radios mf-choice-alignment-vertical mf-choice-style-standard\"><ul class=\"mf-choice mf-radios\"><li><label><input type=\"radio\" value=\"Sim\" name=\"mform_5_mfield_12\" required=\"required\"\/><span class=\"mf-choice-desc mf-radio-desc\">Sim<\/span><\/label><\/li><li><label><input type=\"radio\" value=\"N\u00e3o\" name=\"mform_5_mfield_12\" required=\"required\"\/><span class=\"mf-choice-desc mf-radio-desc\">N\u00e3o<\/span><\/label><\/li><\/ul><\/div><\/div><\/li><li id=\"mf_5_field_13\" data-id=\"13\" class=\"mfield mfield_phone mfield_required\"><div  class=\"mf_field_container\"><label for=\"mform_5_mfield_13\"><span class=\"mf_label\">Telem\u00f3vel<\/span><span class=\"mf_required\">*<\/span><\/label><div  class=\"mf_input_container mf_input_phone\"><input type=\"tel\" name=\"mform_5_mfield_13\" id=\"mform_5_mfield_13\" required=\"required\" pattern=\"[\\d\\+\\s\\(\\)\\-\\.]*\" title=\"Please enter a valid phone number\"\/><\/div><\/div><\/li><li id=\"mf_5_field_14\" data-id=\"14\" class=\"mfield mfield_email mfield_required\"><div  class=\"mf_field_container\"><label for=\"mform_5_mfield_14\"><span class=\"mf_label\">Email<\/span><span class=\"mf_required\">*<\/span><\/label><div  class=\"mf_input_container mf_input_email mf_input_compound\"><span class=\"mf_sub_field mf_sub_email mf_half mf_left\"><input type=\"text\" name=\"mform_5_mfield_14[email]\" value=\"\" placeholder=\"\"\/><label for=\"mform_5_mfield_14[email]\" id=\"mform_5_mfield_14[email]\" class=\"mf_sub_label\">Email<\/label><\/span><\/div><\/div><\/li><li id=\"mf_5_field_15\" data-id=\"15\" class=\"mfield mfield_text mfield_required\"><div  class=\"mf_field_container\"><label for=\"mform_5_mfield_15\"><span class=\"mf_label\">Habilita\u00e7\u00f5es Liter\u00e1rias<\/span><span class=\"mf_required\">*<\/span><\/label><div  class=\"mf_input_container mf_input_text\"><input type=\"text\" name=\"mform_5_mfield_15\" id=\"mform_5_mfield_15\" required=\"required\"\/><\/div><\/div><\/li><li id=\"mf_5_field_16\" data-id=\"16\" class=\"mfield mfield_text mfield_required\"><div  class=\"mf_field_container\"><label for=\"mform_5_mfield_16\"><span class=\"mf_label\">Est\u00e1 inscrito(a) no C. Emprego?<\/span><span class=\"mf_required\">*<\/span><\/label><div  class=\"mf_input_container mf_input_text\"><input type=\"text\" name=\"mform_5_mfield_16\" id=\"mform_5_mfield_16\" required=\"required\"\/><\/div><\/div><\/li><li id=\"mf_5_field_17\" data-id=\"17\" class=\"mfield mfield_text\"><div  class=\"mf_field_container\"><label for=\"mform_5_mfield_17\"><span class=\"mf_label\">N\u00ba Utente<\/span><\/label><div  class=\"mf_input_container mf_input_text\"><input type=\"text\" name=\"mform_5_mfield_17\" id=\"mform_5_mfield_17\"\/><\/div><\/div><\/li><li id=\"mf_5_field_18\" data-id=\"18\" class=\"mfield mfield_text mfield_required\"><div  class=\"mf_field_container\"><label for=\"mform_5_mfield_18\"><span class=\"mf_label\">Est\u00e1 a receber subsidio de desemprego?<\/span><span class=\"mf_required\">*<\/span><\/label><div  class=\"mf_input_container mf_input_text\"><input type=\"text\" name=\"mform_5_mfield_18\" id=\"mform_5_mfield_18\" required=\"required\"\/><\/div><\/div><\/li><li id=\"mf_5_field_19\" data-id=\"19\" class=\"mfield mfield_text\"><div  class=\"mf_field_container\"><label for=\"mform_5_mfield_19\"><span class=\"mf_label\">At\u00e9 quando?<\/span><\/label><div  class=\"mf_input_container mf_input_text\"><input type=\"text\" name=\"mform_5_mfield_19\" id=\"mform_5_mfield_19\"\/><\/div><\/div><\/li><li id=\"mf_5_field_20\" data-id=\"20\" class=\"mfield mfield_text\"><div  class=\"mf_field_container\"><label for=\"mform_5_mfield_20\"><span class=\"mf_label\">Disponibilidade para iniciar fun\u00e7\u00f5es:<\/span><\/label><div  class=\"mf_input_container mf_input_text\"><input type=\"text\" name=\"mform_5_mfield_20\" id=\"mform_5_mfield_20\"\/><\/div><\/div><\/li><li id=\"mf_5_field_21\" data-id=\"21\" class=\"mfield mfield_text\"><div  class=\"mf_field_container\"><label for=\"mform_5_mfield_21\"><span class=\"mf_label\">Disponibilidade para efetuar turnos:<\/span><\/label><div  class=\"mf_input_container mf_input_text\"><input type=\"text\" name=\"mform_5_mfield_21\" id=\"mform_5_mfield_21\"\/><\/div><\/div><\/li><li id=\"mf_5_field_23\" data-id=\"23\" class=\"mfield mfield_textarea\"><div  class=\"mf_field_container\"><label for=\"mform_5_mfield_23\"><span class=\"mf_label\">Experi\u00eancia Profissional:<\/span><\/label><div  class=\"mf_input_container mf_input_textarea\"><textarea name=\"mform_5_mfield_23\" id=\"mform_5_mfield_23\"><\/textarea><\/div><\/div><\/li><li id=\"mf_5_field_28\" data-id=\"28\" class=\"mfield mfield_file\"><div  class=\"mf_field_container\"><label for=\"mform_5_mfield_28\"><span class=\"mf_label\">Carregar ficheiros (CV, Certificados...):<\/span><\/label><div  class=\"mf_input_container mf_input_file\"><div class=\"mf_files_dropable\"><div class=\"mf_files_dock\"><p class=\"mf-files-dock-uploader\"><i class=\"mega-icons-upload\"><\/i><span>Drop files here, or<\/span><label class=\"mf-upload-trigger button\" for=\"mform_5_mfield_28\">Browse...<\/for><\/p><span class=\"mf-files-dock-limit\" data-max=\"4\"><bdi class=\"mf-files-count\">0<\/bdi>\/<bdi class=\"mf-files-max\">4<\/bdi><\/span><\/div><\/div><input type=\"file\" name=\"mform_5_mfield_28\" id=\"mform_5_mfield_28\" class=\"mf-upload\" data-max-size=\"16777216\" accept=\".jpg, .gif, .png, .pdf\" data-max-count=\"4\" multiple=\"multiple\" hidden=\"1\"\/><\/div><span class=\"mf_description\">Max. file size: 8 MB.<\/span><div class=\"mf_files_completed\"><\/div><div class=\"mf_files_pending\"><\/div><\/div><\/li><li id=\"mf_5_field_26\" data-id=\"26\" class=\"mfield mfield_html\"><div  class=\"mf_field_container\"><div  class=\"mf_input_container mf_input_html\"><p>A Santa Casa de Miseric\u00f3rdia de  Cantanhede agradece desde j\u00e1 a sua manifesta\u00e7\u00e3o de interesse em integrar a  Institui\u00e7\u00e3o. Os dados que est\u00e1 a fornecer, v\u00e3o ficar sob responsabilidade dos  Recursos Humanos (RH&rsquo;s) e ser\u00e3o usados para <u>avalia\u00e7\u00e3o da candidatura<\/u> integrada no processo de <u>dilig\u00eancias pr\u00e9 contratuais a seu pedido<\/u>. Os  mesmo, ser\u00e3o disponibilizados a outros departamentos internos de interesse,  sempre sob supervis\u00e3o dos RH&rsquo;s. Os seus dados ir\u00e3o ser retidos durante <u>um  ano<\/u>, findo este per\u00edodo ser\u00e3o eliminados. Ent\u00e3o, teremos todo o gosto em  receber nova candidatura. Caso pretenda <u>aceder, alterar, pedir para limitar  o tratamento ou para apagar<\/u> os seus dados, contacte diretamente ou via  postal para: Santa Casa da Miseric\u00f3rdia de Cantanhede, Servi\u00e7os  Administrativos, Rua Dr. Ant\u00f3nio Jos\u00e9 da Silva Poiares, 3060-141 Cantanhede, ou  pode contactar o Encarregado Geral de Prote\u00e7\u00e3o de Dados atrav\u00e9s do email:  josecoimbraalves@scmcantanhede.pt<\/p><\/div><\/div><\/li><li id=\"mf_5_field_27\" data-id=\"27\" class=\"mfield mfield_html\"><div  class=\"mf_field_container\"><div  class=\"mf_input_container mf_input_html\"><p align=\"justify\"><strong>INFORMA\u00c7\u00c3O RELATIVA AO TRATAMENTO DE DADOS PESSOAIS<\/strong><\/p>\r\n<p align=\"justify\">1.Respons\u00e1vel pelo tratamento dos dados recolhidos Santa Casa da Miseric\u00f3rdia de Cantanhede<\/p>\r\n<p align=\"justify\"> Morada: Rua Dr. Ant\u00f3nio Jos\u00e9 da Silva Poiares, 3060-141 Cantanhede <\/p>\r\n<p align=\"justify\">2.Finalidade do Tratamento <\/p>\r\n<p align=\"justify\">Os dados pessoais dos Clientes e respetivos familiares s\u00e3o recolhidos e tratados com a finalidade de presta\u00e7\u00e3o de servi\u00e7os da resposta social Creche\/Jardim de Inf\u00e2ncia\/CATL e cumprimento das obriga\u00e7\u00f5es legais da\u00ed decorrentes. <\/p>\r\n<p align=\"justify\">3.Porque podemos tratar os seus dados pessoais? (fundamento jur\u00eddico)<\/p>\r\n<p align=\"justify\"> O tratamento dos dados pessoais recolhidos tem como fundamento legal a inscri\u00e7\u00e3o do utente e a respetiva execu\u00e7\u00e3o do contrato de presta\u00e7\u00e3o de servi\u00e7os da resposta social Creche\/Jardim de Inf\u00e2ncia\/CATL e o cumprimento das obriga\u00e7\u00f5es contratuais e legais dele decorrentes, rec\u00edprocas e para com entidades terceiras, designadamente p\u00fablicas, como a Administra\u00e7\u00e3o Tribut\u00e1ria e a Seguran\u00e7a Social. <\/p>\r\n<p align=\"justify\">4.Destinat\u00e1rios ou categorias de destinat\u00e1rios dos dados pessoais <\/p>\r\n<p align=\"justify\">Entidades banc\u00e1rias, Seguradoras, Seguran\u00e7a Social, prestadores de cuidados de sa\u00fade em contexto de urg\u00eancia, Administra\u00e7\u00e3o Tribut\u00e1ria, e outras de id\u00eantica natureza a quem os dados devam ser comunicados por for\u00e7a de disposi\u00e7\u00e3o legal ou a pedido do Cliente. <\/p>\r\n<p align=\"justify\">5.Prazo ou crit\u00e9rio de conserva\u00e7\u00e3o dos dados pessoais, ou crit\u00e9rios usados para a respetiva defini\u00e7\u00e3o <\/p>\r\n<p align=\"justify\">Os dados pessoais recolhidos ser\u00e3o somente conservados pelo tempo estritamente necess\u00e1rio, seja para cumprimento de prazo certo expressamente fixado por Lei, seja pelo tempo necess\u00e1rio a cumprir com as obriga\u00e7\u00f5es referidas no antecedente ponto 4. Todos os dados ser\u00e3o guardados por um m\u00ednimo de 2 anos ap\u00f3s a cessa\u00e7\u00e3o da presta\u00e7\u00e3o do servi\u00e7o da resposta Creche\/Jardim de Inf\u00e2ncia, salvo obriga\u00e7\u00e3o legal particular que estipule a conserva\u00e7\u00e3o por um per\u00edodo superior. <\/p>\r\n<p align=\"justify\">6.Direitos dos titulares dos Dados Pessoais Recolhidos <\/p>\r\n<p align=\"justify\">O titular dos dados pode exercer os direitos previstos no referido RGPD, designadamente o direito de informa\u00e7\u00e3o, de acesso, de retifica\u00e7\u00e3o, de apagamento, de limita\u00e7\u00e3o do tratamento, de portabilidade, de oposi\u00e7\u00e3o e de reclama\u00e7\u00e3o para autoridade de controlo - Comiss\u00e3o Nacional de Prote\u00e7\u00e3o de Dados, sem preju\u00edzo das finalidades e prazos de conserva\u00e7\u00e3o acima referidos. O Encarregado de Prote\u00e7\u00e3o de Dados pode ser contactado atrav\u00e9s do endere\u00e7o de correio eletr\u00f3nico josecoimbraalves@scmcantanhede.pt <\/p>\r\n<p align=\"justify\">7.Obriga\u00e7\u00e3o de comunica\u00e7\u00e3o <\/p>\r\n<p align=\"justify\">A comunica\u00e7\u00e3o dos dados pessoais solicitados constitui requisito de concretiza\u00e7\u00e3o do pedido de inscri\u00e7\u00e3o, pelo que o titular est\u00e1 obrigado a fornec\u00ea-los e a atualiz\u00e1-los.<\/p><\/div><\/div><\/li><li id=\"mf_5_field_25\" data-id=\"25\" class=\"mfield mfield_consent mfield_required\"><div  class=\"mf_field_container\"><label for=\"mform_5_mfield_25\"><span class=\"mf_label\">INFORMA\u00c7\u00c3O RELATIVA AO TRATAMENTO DE DADOS PESSOAIS<\/span><span class=\"mf_required\">*<\/span><\/label><div  class=\"mf_input_container mf_input_consent\"><label><input type=\"checkbox\" id=\"mform_5_mfield_25\" name=\"mform_5_mfield_25\" value=\"yes\"\/><span class=\"mf-consent-desc mf-checkbox-desc\">Concordo<\/span><\/label><\/div><\/div><\/li><\/ul><\/li><li id=\"mf_5_field_hp\" data-id=\"hp\" class=\"mfield mfield_hp\"><div  class=\"mf_field_container\"><label for=\"mform_5_mfield_hp\"><span class=\"mf_label\">Do not fill this field.<\/span><\/label><div ><input type=\"text\" name=\"mform_5_mfield_hp\" id=\"mform_5_mfield_hp\" autocomplete=\"false\"\/><\/div><\/div><\/li><\/ul><\/div><div class=\"mform_footer\"><input type=\"hidden\" name=\"_mf_form_id\" value=\"5\"><input type=\"hidden\" name=\"_mf_csrf_token\" value=\"\"><input type=\"hidden\" name=\"_mf_t_token\" value=\"ODg5Mjk1Mzk1NQ==\"><input type=\"hidden\" name=\"_mf_s_token\" value=\"386352e8-2ef2abc0-79fc-a636\"><input type=\"hidden\" name=\"_mf_referrer\" value=\"https:\/\/www.scmcantanhede.pt\"><div class=\"mf-submit-container\"><button type=\"submit\"id=\"mf-submit-5\" name=\"mform_submit\" class=\"button mf-submit-btn\" formnovalidate=\"formnovalidate\" value=\"Enviar\"><span class=\"mf-btn-txt\">Enviar<\/span><\/button><\/div><\/div><\/form><\/div>\n","protected":false},"excerpt":{"rendered":"<p>Pode consultar a legisla\u00e7\u00e3o relativa \u00e0 candidatura em \u00c1rea Reservada \u2013 Servi\u00e7os Administrativos. As candidaturas espont\u00e2neas a emprego poder\u00e3o ser efetuadas atrav\u00e9s do seguinte formul\u00e1rio:<\/p>\n","protected":false},"author":1,"featured_media":0,"parent":0,"menu_order":0,"comment_status":"closed","ping_status":"closed","template":"","meta":{"_oasis_is_in_workflow":0,"_oasis_original":0,"footnotes":""},"class_list":["post-143","page","type-page","status-publish","hentry"],"aioseo_notices":[],"_links":{"self":[{"href":"https:\/\/www.scmcantanhede.pt\/index.php?rest_route=\/wp\/v2\/pages\/143","targetHints":{"allow":["GET"]}}],"collection":[{"href":"https:\/\/www.scmcantanhede.pt\/index.php?rest_route=\/wp\/v2\/pages"}],"about":[{"href":"https:\/\/www.scmcantanhede.pt\/index.php?rest_route=\/wp\/v2\/types\/page"}],"author":[{"embeddable":true,"href":"https:\/\/www.scmcantanhede.pt\/index.php?rest_route=\/wp\/v2\/users\/1"}],"replies":[{"embeddable":true,"href":"https:\/\/www.scmcantanhede.pt\/index.php?rest_route=%2Fwp%2Fv2%2Fcomments&post=143"}],"version-history":[{"count":0,"href":"https:\/\/www.scmcantanhede.pt\/index.php?rest_route=\/wp\/v2\/pages\/143\/revisions"}],"wp:attachment":[{"href":"https:\/\/www.scmcantanhede.pt\/index.php?rest_route=%2Fwp%2Fv2%2Fmedia&parent=143"}],"curies":[{"name":"wp","href":"https:\/\/api.w.org\/{rel}","templated":true}]}}