{"id":1323,"date":"2023-05-29T18:32:06","date_gmt":"2023-05-29T18:32:06","guid":{"rendered":"https:\/\/scmcantanhede.pt\/?page_id=1323"},"modified":"2023-06-15T20:46:54","modified_gmt":"2023-06-15T19:46:54","slug":"documentos-contabilisticos-da-instituicao-referentes-ao-ano-2022","status":"publish","type":"page","link":"https:\/\/www.scmcantanhede.pt\/?page_id=1323","title":{"rendered":"Documentos Contabil\u00edsticos da Institui\u00e7\u00e3o (referentes ao ano 2022)"},"content":{"rendered":"\n<div class=\"wp-block-columns is-layout-flex wp-container-core-columns-is-layout-9d6595d7 wp-block-columns-is-layout-flex\">\n<div class=\"wp-block-column is-layout-flow wp-block-column-is-layout-flow\">\n<div data-wp-interactive=\"core\/file\" class=\"wp-block-file\"><object data-wp-bind--hidden=\"!state.hasPdfPreview\" hidden class=\"wp-block-file__embed\" data=\"https:\/\/www.scmcantanhede.pt\/wp-content\/uploads\/2023\/06\/Ata-Assembleia-Geral.pdf\" type=\"application\/pdf\" style=\"width:100%;height:600px\" aria-label=\"Incorpora\u00e7\u00e3o de Ata-Assembleia-Geral.\"><\/object><a id=\"wp-block-file--media-61c04c1d-8ac6-45f8-801d-af4c72ed7bc9\" href=\"https:\/\/www.scmcantanhede.pt\/wp-content\/uploads\/2023\/06\/Ata-Assembleia-Geral.pdf\">Ata-Assembleia-Geral<\/a><\/div>\n<\/div>\n\n\n\n<div class=\"wp-block-column is-layout-flow wp-block-column-is-layout-flow\">\n<div data-wp-interactive=\"core\/file\" class=\"wp-block-file\"><object data-wp-bind--hidden=\"!state.hasPdfPreview\" hidden class=\"wp-block-file__embed\" data=\"https:\/\/www.scmcantanhede.pt\/wp-content\/uploads\/2023\/06\/Anexo-ao-Balanco-DR.pdf\" type=\"application\/pdf\" style=\"width:100%;height:600px\" aria-label=\"Incorpora\u00e7\u00e3o de Anexo-ao-Balanco-DR.\"><\/object><a id=\"wp-block-file--media-1e371082-75d7-4cdf-b155-052b84311c91\" href=\"https:\/\/www.scmcantanhede.pt\/wp-content\/uploads\/2023\/06\/Anexo-ao-Balanco-DR.pdf\">Anexo-ao-Balanco-DR<\/a><\/div>\n<\/div>\n\n\n\n<div class=\"wp-block-column is-layout-flow wp-block-column-is-layout-flow\">\n<div data-wp-interactive=\"core\/file\" class=\"wp-block-file\"><object data-wp-bind--hidden=\"!state.hasPdfPreview\" hidden class=\"wp-block-file__embed\" data=\"https:\/\/www.scmcantanhede.pt\/wp-content\/uploads\/2023\/06\/Demonstracao-Fluxos-de-Caixa.pdf\" type=\"application\/pdf\" style=\"width:100%;height:600px\" aria-label=\"Incorpora\u00e7\u00e3o de Demonstracao-Fluxos-de-Caixa.\"><\/object><a id=\"wp-block-file--media-6fd458d4-411d-4984-b7d5-122477df6e3c\" href=\"https:\/\/www.scmcantanhede.pt\/wp-content\/uploads\/2023\/06\/Demonstracao-Fluxos-de-Caixa.pdf\">Demonstracao-Fluxos-de-Caixa<\/a><\/div>\n<\/div>\n<\/div>\n\n\n\n<div class=\"wp-block-columns is-layout-flex wp-container-core-columns-is-layout-9d6595d7 wp-block-columns-is-layout-flex\">\n<div class=\"wp-block-column is-layout-flow wp-block-column-is-layout-flow\">\n<div data-wp-interactive=\"core\/file\" class=\"wp-block-file\"><object data-wp-bind--hidden=\"!state.hasPdfPreview\" hidden class=\"wp-block-file__embed\" data=\"https:\/\/scmcantanhede.pt\/wp-content\/uploads\/2023\/05\/2022Balanco-1.pdf\" type=\"application\/pdf\" style=\"width:100%;height:600px\" aria-label=\"Incorpora\u00e7\u00e3o de 2022Balanco-1.\"><\/object><a id=\"wp-block-file--media-601fb68b-746c-4282-b687-bad722d9f4e3\" href=\"https:\/\/scmcantanhede.pt\/wp-content\/uploads\/2023\/05\/2022Balanco-1.pdf\">2022Balanco-1<\/a><\/div>\n<\/div>\n\n\n\n<div class=\"wp-block-column is-layout-flow wp-block-column-is-layout-flow\">\n<div data-wp-interactive=\"core\/file\" class=\"wp-block-file\"><object data-wp-bind--hidden=\"!state.hasPdfPreview\" hidden class=\"wp-block-file__embed\" data=\"https:\/\/scmcantanhede.pt\/wp-content\/uploads\/2023\/05\/2022Capa-1.pdf\" type=\"application\/pdf\" style=\"width:100%;height:600px\" aria-label=\"Incorpora\u00e7\u00e3o de 2022Capa-1.\"><\/object><a id=\"wp-block-file--media-7c04f5c6-c1a5-4631-94b0-09630f868bb5\" href=\"https:\/\/scmcantanhede.pt\/wp-content\/uploads\/2023\/05\/2022Capa-1.pdf\">2022Capa-1<\/a><\/div>\n<\/div>\n\n\n\n<div class=\"wp-block-column is-layout-flow wp-block-column-is-layout-flow\">\n<div data-wp-interactive=\"core\/file\" class=\"wp-block-file\"><object data-wp-bind--hidden=\"!state.hasPdfPreview\" hidden class=\"wp-block-file__embed\" data=\"https:\/\/scmcantanhede.pt\/wp-content\/uploads\/2023\/05\/2022Certificacao-Legal-Contas.pdf\" type=\"application\/pdf\" style=\"width:100%;height:600px\" aria-label=\"Incorpora\u00e7\u00e3o de 2022Certificacao-Legal-Contas.\"><\/object><a id=\"wp-block-file--media-e2228fb4-f325-4ee2-8a2a-5e909dd04de1\" href=\"https:\/\/scmcantanhede.pt\/wp-content\/uploads\/2023\/05\/2022Certificacao-Legal-Contas.pdf\">2022Certificacao-Legal-Contas<\/a><\/div>\n<\/div>\n<\/div>\n\n\n\n<div class=\"wp-block-columns is-layout-flex wp-container-core-columns-is-layout-9d6595d7 wp-block-columns-is-layout-flex\">\n<div class=\"wp-block-column is-layout-flow wp-block-column-is-layout-flow\">\n<div data-wp-interactive=\"core\/file\" class=\"wp-block-file\"><object data-wp-bind--hidden=\"!state.hasPdfPreview\" hidden class=\"wp-block-file__embed\" data=\"https:\/\/scmcantanhede.pt\/wp-content\/uploads\/2023\/05\/2022Demonstracao-Resultados-por-funcoes.pdf\" type=\"application\/pdf\" style=\"width:100%;height:600px\" aria-label=\"Incorpora\u00e7\u00e3o de 2022Demonstracao-Resultados-por-funcoes.\"><\/object><a id=\"wp-block-file--media-4a56944d-14c1-44cb-abaa-382d01847f0c\" href=\"https:\/\/scmcantanhede.pt\/wp-content\/uploads\/2023\/05\/2022Demonstracao-Resultados-por-funcoes.pdf\">2022Demonstracao-Resultados-por-funcoes<\/a><\/div>\n<\/div>\n\n\n\n<div class=\"wp-block-column is-layout-flow wp-block-column-is-layout-flow\">\n<div data-wp-interactive=\"core\/file\" class=\"wp-block-file\"><object data-wp-bind--hidden=\"!state.hasPdfPreview\" hidden class=\"wp-block-file__embed\" data=\"https:\/\/scmcantanhede.pt\/wp-content\/uploads\/2023\/05\/2022Demonstracao-de-Resultados-Natureza.pdf\" type=\"application\/pdf\" style=\"width:100%;height:600px\" aria-label=\"Incorpora\u00e7\u00e3o de 2022Demonstracao-de-Resultados-Natureza.\"><\/object><a id=\"wp-block-file--media-7d4b4689-90ad-4dca-9825-03725cab7618\" href=\"https:\/\/scmcantanhede.pt\/wp-content\/uploads\/2023\/05\/2022Demonstracao-de-Resultados-Natureza.pdf\">2022Demonstracao-de-Resultados-Natureza<\/a><\/div>\n<\/div>\n\n\n\n<div class=\"wp-block-column is-layout-flow wp-block-column-is-layout-flow\">\n<div data-wp-interactive=\"core\/file\" class=\"wp-block-file\"><object data-wp-bind--hidden=\"!state.hasPdfPreview\" hidden class=\"wp-block-file__embed\" data=\"https:\/\/scmcantanhede.pt\/wp-content\/uploads\/2023\/05\/2022Demonstacao-alteracao-dos-Fundos-Patrimoniais.pdf\" type=\"application\/pdf\" style=\"width:100%;height:600px\" aria-label=\"Incorpora\u00e7\u00e3o de 2022Demonstacao-alteracao-dos-Fundos-Patrimoniais.\"><\/object><a id=\"wp-block-file--media-0e3c1af2-016e-4d96-96cd-d33ce11759e7\" href=\"https:\/\/scmcantanhede.pt\/wp-content\/uploads\/2023\/05\/2022Demonstacao-alteracao-dos-Fundos-Patrimoniais.pdf\">2022Demonstacao-alteracao-dos-Fundos-Patrimoniais<\/a><\/div>\n<\/div>\n<\/div>\n\n\n\n<div class=\"wp-block-columns is-layout-flex wp-container-core-columns-is-layout-9d6595d7 wp-block-columns-is-layout-flex\">\n<div class=\"wp-block-column is-layout-flow wp-block-column-is-layout-flow\">\n<div data-wp-interactive=\"core\/file\" class=\"wp-block-file\"><object data-wp-bind--hidden=\"!state.hasPdfPreview\" hidden class=\"wp-block-file__embed\" data=\"https:\/\/scmcantanhede.pt\/wp-content\/uploads\/2023\/05\/2022Trabalho-Voluntario-1.pdf\" type=\"application\/pdf\" style=\"width:100%;height:600px\" aria-label=\"Incorpora\u00e7\u00e3o de 2022Trabalho-Voluntario-1.\"><\/object><a id=\"wp-block-file--media-8fa5c4a2-66b4-4c04-9cdb-16ef57feae3e\" href=\"https:\/\/scmcantanhede.pt\/wp-content\/uploads\/2023\/05\/2022Trabalho-Voluntario-1.pdf\">2022Trabalho-Voluntario-1<\/a><\/div>\n<\/div>\n\n\n\n<div class=\"wp-block-column is-layout-flow wp-block-column-is-layout-flow\">\n<div data-wp-interactive=\"core\/file\" class=\"wp-block-file\"><object data-wp-bind--hidden=\"!state.hasPdfPreview\" hidden class=\"wp-block-file__embed\" data=\"https:\/\/scmcantanhede.pt\/wp-content\/uploads\/2023\/05\/2022Parecer-Conselho-Fiscal.pdf\" type=\"application\/pdf\" style=\"width:100%;height:600px\" aria-label=\"Incorpora\u00e7\u00e3o de 2022Parecer-Conselho-Fiscal.\"><\/object><a id=\"wp-block-file--media-eada3b48-97fd-447e-ae5c-c76489bd01c5\" href=\"https:\/\/scmcantanhede.pt\/wp-content\/uploads\/2023\/05\/2022Parecer-Conselho-Fiscal.pdf\">2022Parecer-Conselho-Fiscal<\/a><\/div>\n<\/div>\n\n\n\n<div class=\"wp-block-column is-layout-flow wp-block-column-is-layout-flow\"><\/div>\n<\/div>\n","protected":false},"excerpt":{"rendered":"","protected":false},"author":1,"featured_media":0,"parent":0,"menu_order":0,"comment_status":"closed","ping_status":"closed","template":"","meta":{"_oasis_is_in_workflow":0,"_oasis_original":0,"footnotes":""},"class_list":["post-1323","page","type-page","status-publish","hentry"],"aioseo_notices":[],"_links":{"self":[{"href":"https:\/\/www.scmcantanhede.pt\/index.php?rest_route=\/wp\/v2\/pages\/1323","targetHints":{"allow":["GET"]}}],"collection":[{"href":"https:\/\/www.scmcantanhede.pt\/index.php?rest_route=\/wp\/v2\/pages"}],"about":[{"href":"https:\/\/www.scmcantanhede.pt\/index.php?rest_route=\/wp\/v2\/types\/page"}],"author":[{"embeddable":true,"href":"https:\/\/www.scmcantanhede.pt\/index.php?rest_route=\/wp\/v2\/users\/1"}],"replies":[{"embeddable":true,"href":"https:\/\/www.scmcantanhede.pt\/index.php?rest_route=%2Fwp%2Fv2%2Fcomments&post=1323"}],"version-history":[{"count":0,"href":"https:\/\/www.scmcantanhede.pt\/index.php?rest_route=\/wp\/v2\/pages\/1323\/revisions"}],"wp:attachment":[{"href":"https:\/\/www.scmcantanhede.pt\/index.php?rest_route=%2Fwp%2Fv2%2Fmedia&parent=1323"}],"curies":[{"name":"wp","href":"https:\/\/api.w.org\/{rel}","templated":true}]}}