{"id":1306,"date":"2023-05-29T18:26:00","date_gmt":"2023-05-29T18:26:00","guid":{"rendered":"https:\/\/scmcantanhede.pt\/?page_id=1306"},"modified":"2023-05-31T22:55:57","modified_gmt":"2023-05-31T21:55:57","slug":"documentos-contabilisticos-da-instituicao-referentes-ao-ano-2021","status":"publish","type":"page","link":"https:\/\/www.scmcantanhede.pt\/?page_id=1306","title":{"rendered":"Documentos Contabil\u00edsticos da Institui\u00e7\u00e3o (referentes ao ano 2021)"},"content":{"rendered":"\n<div class=\"wp-block-columns is-layout-flex wp-container-core-columns-is-layout-9d6595d7 wp-block-columns-is-layout-flex\">\n<div class=\"wp-block-column is-layout-flow wp-block-column-is-layout-flow\">\n<div data-wp-interactive=\"core\/file\" class=\"wp-block-file\"><object data-wp-bind--hidden=\"!state.hasPdfPreview\" hidden class=\"wp-block-file__embed\" data=\"https:\/\/scmcantanhede.pt\/wp-content\/uploads\/2023\/05\/Ata-Assembleia-Geral-Ordinaria.pdf\" type=\"application\/pdf\" style=\"width:100%;height:600px\" aria-label=\"Incorpora\u00e7\u00e3o de Ata-Assembleia-Geral-Ordinaria.\"><\/object><a id=\"wp-block-file--media-2c6abbd8-cd98-4755-af75-e956871f857a\" href=\"https:\/\/scmcantanhede.pt\/wp-content\/uploads\/2023\/05\/Ata-Assembleia-Geral-Ordinaria.pdf\">Ata-Assembleia-Geral-Ordinaria<\/a><\/div>\n<\/div>\n\n\n\n<div class=\"wp-block-column is-layout-flow wp-block-column-is-layout-flow\">\n<div data-wp-interactive=\"core\/file\" class=\"wp-block-file\"><object data-wp-bind--hidden=\"!state.hasPdfPreview\" hidden class=\"wp-block-file__embed\" data=\"https:\/\/scmcantanhede.pt\/wp-content\/uploads\/2023\/05\/Anexo-Balanco-e-demontracao-de-resultados.pdf\" type=\"application\/pdf\" style=\"width:100%;height:600px\" aria-label=\"Incorpora\u00e7\u00e3o de Anexo-Balanco-e-demontracao-de-resultados.\"><\/object><a id=\"wp-block-file--media-deb67911-eae2-4896-b72c-0818c5e0cbaa\" href=\"https:\/\/scmcantanhede.pt\/wp-content\/uploads\/2023\/05\/Anexo-Balanco-e-demontracao-de-resultados.pdf\">Anexo-Balanco-e-demontracao-de-resultados<\/a><\/div>\n<\/div>\n\n\n\n<div class=\"wp-block-column is-layout-flow wp-block-column-is-layout-flow\">\n<div data-wp-interactive=\"core\/file\" class=\"wp-block-file\"><object data-wp-bind--hidden=\"!state.hasPdfPreview\" hidden class=\"wp-block-file__embed\" data=\"https:\/\/scmcantanhede.pt\/wp-content\/uploads\/2023\/05\/Balanco.pdf\" type=\"application\/pdf\" style=\"width:100%;height:600px\" aria-label=\"Incorpora\u00e7\u00e3o de Balanco.\"><\/object><a id=\"wp-block-file--media-c1530cb8-fad4-4ca5-b6f6-69e1fe870a8d\" href=\"https:\/\/scmcantanhede.pt\/wp-content\/uploads\/2023\/05\/Balanco.pdf\">Balanco<\/a><\/div>\n<\/div>\n<\/div>\n\n\n\n<div class=\"wp-block-columns is-layout-flex wp-container-core-columns-is-layout-9d6595d7 wp-block-columns-is-layout-flex\">\n<div class=\"wp-block-column is-layout-flow wp-block-column-is-layout-flow\">\n<div data-wp-interactive=\"core\/file\" class=\"wp-block-file\"><object data-wp-bind--hidden=\"!state.hasPdfPreview\" hidden class=\"wp-block-file__embed\" data=\"https:\/\/scmcantanhede.pt\/wp-content\/uploads\/2023\/05\/Capa.pdf\" type=\"application\/pdf\" style=\"width:100%;height:600px\" aria-label=\"Incorpora\u00e7\u00e3o de Capa.\"><\/object><a id=\"wp-block-file--media-c41a27ef-8f7d-424f-b9de-184b7d0d3eb4\" href=\"https:\/\/scmcantanhede.pt\/wp-content\/uploads\/2023\/05\/Capa.pdf\">Capa<\/a><\/div>\n<\/div>\n\n\n\n<div class=\"wp-block-column is-layout-flow wp-block-column-is-layout-flow\">\n<div data-wp-interactive=\"core\/file\" class=\"wp-block-file\"><object data-wp-bind--hidden=\"!state.hasPdfPreview\" hidden class=\"wp-block-file__embed\" data=\"https:\/\/scmcantanhede.pt\/wp-content\/uploads\/2023\/05\/certificacao-legal-de-contas.pdf\" type=\"application\/pdf\" style=\"width:100%;height:600px\" aria-label=\"Incorpora\u00e7\u00e3o de certificacao-legal-de-contas.\"><\/object><a id=\"wp-block-file--media-958a0726-a612-4556-b8b8-66522a8226c5\" href=\"https:\/\/scmcantanhede.pt\/wp-content\/uploads\/2023\/05\/certificacao-legal-de-contas.pdf\">certificacao-legal-de-contas<\/a><\/div>\n<\/div>\n\n\n\n<div class=\"wp-block-column is-layout-flow wp-block-column-is-layout-flow\">\n<div data-wp-interactive=\"core\/file\" class=\"wp-block-file\"><object data-wp-bind--hidden=\"!state.hasPdfPreview\" hidden class=\"wp-block-file__embed\" data=\"https:\/\/scmcantanhede.pt\/wp-content\/uploads\/2023\/05\/Demonstracao-de-resultados-por-funcoes.pdf\" type=\"application\/pdf\" style=\"width:100%;height:600px\" aria-label=\"Incorpora\u00e7\u00e3o de Demonstracao-de-resultados-por-funcoes.\"><\/object><a id=\"wp-block-file--media-c132dce9-821a-4899-a69e-3931dced3456\" href=\"https:\/\/scmcantanhede.pt\/wp-content\/uploads\/2023\/05\/Demonstracao-de-resultados-por-funcoes.pdf\">Demonstracao-de-resultados-por-funcoes<\/a><\/div>\n<\/div>\n<\/div>\n\n\n\n<div class=\"wp-block-columns is-layout-flex wp-container-core-columns-is-layout-9d6595d7 wp-block-columns-is-layout-flex\">\n<div class=\"wp-block-column is-layout-flow wp-block-column-is-layout-flow\">\n<div data-wp-interactive=\"core\/file\" class=\"wp-block-file\"><object data-wp-bind--hidden=\"!state.hasPdfPreview\" hidden class=\"wp-block-file__embed\" data=\"https:\/\/scmcantanhede.pt\/wp-content\/uploads\/2023\/05\/Demonstracao-de-Resultados-por-natureza.pdf\" type=\"application\/pdf\" style=\"width:100%;height:600px\" aria-label=\"Incorpora\u00e7\u00e3o de Demonstracao-de-Resultados-por-natureza.\"><\/object><a id=\"wp-block-file--media-df3f20dc-df67-41e0-a433-1b2554bb06f5\" href=\"https:\/\/scmcantanhede.pt\/wp-content\/uploads\/2023\/05\/Demonstracao-de-Resultados-por-natureza.pdf\">Demonstracao-de-Resultados-por-natureza<\/a><\/div>\n<\/div>\n\n\n\n<div class=\"wp-block-column is-layout-flow wp-block-column-is-layout-flow\">\n<div data-wp-interactive=\"core\/file\" class=\"wp-block-file\"><object data-wp-bind--hidden=\"!state.hasPdfPreview\" hidden class=\"wp-block-file__embed\" data=\"https:\/\/scmcantanhede.pt\/wp-content\/uploads\/2023\/05\/Demonstracao-Fundo-patrimonial.pdf\" type=\"application\/pdf\" style=\"width:100%;height:600px\" aria-label=\"Incorpora\u00e7\u00e3o de Demonstracao-Fundo-patrimonial.\"><\/object><a id=\"wp-block-file--media-2b8ba8ef-317c-4038-abec-eca83ef7944c\" href=\"https:\/\/scmcantanhede.pt\/wp-content\/uploads\/2023\/05\/Demonstracao-Fundo-patrimonial.pdf\">Demonstracao-Fundo-patrimonial<\/a><\/div>\n<\/div>\n\n\n\n<div class=\"wp-block-column is-layout-flow wp-block-column-is-layout-flow\">\n<div data-wp-interactive=\"core\/file\" class=\"wp-block-file\"><object data-wp-bind--hidden=\"!state.hasPdfPreview\" hidden class=\"wp-block-file__embed\" data=\"https:\/\/scmcantanhede.pt\/wp-content\/uploads\/2023\/05\/Fluxo-Caixa.pdf\" type=\"application\/pdf\" style=\"width:100%;height:600px\" aria-label=\"Incorpora\u00e7\u00e3o de Fluxo-Caixa.\"><\/object><a id=\"wp-block-file--media-c44a4efb-fc45-4ca6-a7a0-df9128a3b380\" href=\"https:\/\/scmcantanhede.pt\/wp-content\/uploads\/2023\/05\/Fluxo-Caixa.pdf\">Fluxo-Caixa<\/a><\/div>\n<\/div>\n<\/div>\n\n\n\n<div class=\"wp-block-columns is-layout-flex wp-container-core-columns-is-layout-9d6595d7 wp-block-columns-is-layout-flex\">\n<div class=\"wp-block-column is-layout-flow wp-block-column-is-layout-flow\">\n<div data-wp-interactive=\"core\/file\" class=\"wp-block-file\"><object data-wp-bind--hidden=\"!state.hasPdfPreview\" hidden class=\"wp-block-file__embed\" data=\"https:\/\/scmcantanhede.pt\/wp-content\/uploads\/2023\/05\/Trabalho-Voluntario.pdf\" type=\"application\/pdf\" style=\"width:100%;height:600px\" aria-label=\"Incorpora\u00e7\u00e3o de Trabalho-Voluntario.\"><\/object><a id=\"wp-block-file--media-91fce3cd-1b8e-459b-8d4a-37025fdd8fce\" href=\"https:\/\/scmcantanhede.pt\/wp-content\/uploads\/2023\/05\/Trabalho-Voluntario.pdf\">Trabalho-Voluntario<\/a><\/div>\n<\/div>\n\n\n\n<div class=\"wp-block-column is-layout-flow wp-block-column-is-layout-flow\">\n<div data-wp-interactive=\"core\/file\" class=\"wp-block-file\"><object data-wp-bind--hidden=\"!state.hasPdfPreview\" hidden class=\"wp-block-file__embed\" data=\"https:\/\/scmcantanhede.pt\/wp-content\/uploads\/2023\/05\/Parecer-Conselho-Fiscal.pdf\" type=\"application\/pdf\" style=\"width:100%;height:600px\" aria-label=\"Incorpora\u00e7\u00e3o de Parecer-Conselho-Fiscal.\"><\/object><a id=\"wp-block-file--media-9402ad1a-d4cc-4458-8667-a6f2438896e6\" href=\"https:\/\/scmcantanhede.pt\/wp-content\/uploads\/2023\/05\/Parecer-Conselho-Fiscal.pdf\">Parecer-Conselho-Fiscal<\/a><\/div>\n<\/div>\n\n\n\n<div class=\"wp-block-column is-layout-flow wp-block-column-is-layout-flow\"><\/div>\n<\/div>\n","protected":false},"excerpt":{"rendered":"","protected":false},"author":1,"featured_media":0,"parent":0,"menu_order":0,"comment_status":"closed","ping_status":"closed","template":"","meta":{"_oasis_is_in_workflow":0,"_oasis_original":0,"footnotes":""},"class_list":["post-1306","page","type-page","status-publish","hentry"],"aioseo_notices":[],"_links":{"self":[{"href":"https:\/\/www.scmcantanhede.pt\/index.php?rest_route=\/wp\/v2\/pages\/1306","targetHints":{"allow":["GET"]}}],"collection":[{"href":"https:\/\/www.scmcantanhede.pt\/index.php?rest_route=\/wp\/v2\/pages"}],"about":[{"href":"https:\/\/www.scmcantanhede.pt\/index.php?rest_route=\/wp\/v2\/types\/page"}],"author":[{"embeddable":true,"href":"https:\/\/www.scmcantanhede.pt\/index.php?rest_route=\/wp\/v2\/users\/1"}],"replies":[{"embeddable":true,"href":"https:\/\/www.scmcantanhede.pt\/index.php?rest_route=%2Fwp%2Fv2%2Fcomments&post=1306"}],"version-history":[{"count":0,"href":"https:\/\/www.scmcantanhede.pt\/index.php?rest_route=\/wp\/v2\/pages\/1306\/revisions"}],"wp:attachment":[{"href":"https:\/\/www.scmcantanhede.pt\/index.php?rest_route=%2Fwp%2Fv2%2Fmedia&parent=1306"}],"curies":[{"name":"wp","href":"https:\/\/api.w.org\/{rel}","templated":true}]}}