{"id":1289,"date":"2023-05-29T18:15:41","date_gmt":"2023-05-29T18:15:41","guid":{"rendered":"https:\/\/scmcantanhede.pt\/?page_id=1289"},"modified":"2023-05-31T22:52:21","modified_gmt":"2023-05-31T21:52:21","slug":"documentos-contabilisticos-da-instituicao-referentes-ao-ano-2020","status":"publish","type":"page","link":"https:\/\/www.scmcantanhede.pt\/?page_id=1289","title":{"rendered":"Documentos Contabil\u00edsticos da Institui\u00e7\u00e3o (referentes ao ano 2020)"},"content":{"rendered":"\n<div class=\"wp-block-columns is-layout-flex wp-container-core-columns-is-layout-9d6595d7 wp-block-columns-is-layout-flex\">\n<div class=\"wp-block-column is-layout-flow wp-block-column-is-layout-flow\">\n<div data-wp-interactive=\"core\/file\" class=\"wp-block-file\"><object data-wp-bind--hidden=\"!state.hasPdfPreview\" hidden class=\"wp-block-file__embed\" data=\"https:\/\/scmcantanhede.pt\/wp-content\/uploads\/2023\/05\/Ata-Assembleia-Geral_2020.pdf\" type=\"application\/pdf\" style=\"width:100%;height:600px\" aria-label=\"Incorpora\u00e7\u00e3o de Ata-Assembleia-Geral_2020.\"><\/object><a id=\"wp-block-file--media-458ed91f-0d4c-4409-8138-f002ba62912a\" href=\"https:\/\/scmcantanhede.pt\/wp-content\/uploads\/2023\/05\/Ata-Assembleia-Geral_2020.pdf\">Ata-Assembleia-Geral_2020<\/a><\/div>\n<\/div>\n\n\n\n<div class=\"wp-block-column is-layout-flow wp-block-column-is-layout-flow\">\n<div data-wp-interactive=\"core\/file\" class=\"wp-block-file\"><object data-wp-bind--hidden=\"!state.hasPdfPreview\" hidden class=\"wp-block-file__embed\" data=\"https:\/\/scmcantanhede.pt\/wp-content\/uploads\/2023\/05\/Anexo-Balanco-e-Demonstracao-Resultados_2020.pdf\" type=\"application\/pdf\" style=\"width:100%;height:600px\" aria-label=\"Incorpora\u00e7\u00e3o de Anexo-Balanco-e-Demonstracao-Resultados_2020.\"><\/object><a id=\"wp-block-file--media-27d15ca4-1402-4ded-9d45-2cbee3dcda8a\" href=\"https:\/\/scmcantanhede.pt\/wp-content\/uploads\/2023\/05\/Anexo-Balanco-e-Demonstracao-Resultados_2020.pdf\">Anexo-Balanco-e-Demonstracao-Resultados_2020<\/a><\/div>\n<\/div>\n\n\n\n<div class=\"wp-block-column is-layout-flow wp-block-column-is-layout-flow\">\n<div data-wp-interactive=\"core\/file\" class=\"wp-block-file\"><object data-wp-bind--hidden=\"!state.hasPdfPreview\" hidden class=\"wp-block-file__embed\" data=\"https:\/\/scmcantanhede.pt\/wp-content\/uploads\/2023\/05\/Balanco_2020.pdf\" type=\"application\/pdf\" style=\"width:100%;height:600px\" aria-label=\"Incorpora\u00e7\u00e3o de Balanco_2020.\"><\/object><a id=\"wp-block-file--media-0d9f0fb8-9f1f-4247-8b86-4af83fb05b72\" href=\"https:\/\/scmcantanhede.pt\/wp-content\/uploads\/2023\/05\/Balanco_2020.pdf\">Balanco_2020<\/a><\/div>\n<\/div>\n<\/div>\n\n\n\n<div class=\"wp-block-columns is-layout-flex wp-container-core-columns-is-layout-9d6595d7 wp-block-columns-is-layout-flex\">\n<div class=\"wp-block-column is-layout-flow wp-block-column-is-layout-flow\">\n<div data-wp-interactive=\"core\/file\" class=\"wp-block-file\"><object data-wp-bind--hidden=\"!state.hasPdfPreview\" hidden class=\"wp-block-file__embed\" data=\"https:\/\/scmcantanhede.pt\/wp-content\/uploads\/2023\/05\/Capa_2020.pdf\" type=\"application\/pdf\" style=\"width:100%;height:600px\" aria-label=\"Incorpora\u00e7\u00e3o de Capa_2020.\"><\/object><a id=\"wp-block-file--media-695cd43f-a4f5-4ca1-8cb8-067c87dd7ce8\" href=\"https:\/\/scmcantanhede.pt\/wp-content\/uploads\/2023\/05\/Capa_2020.pdf\">Capa_2020<\/a><\/div>\n<\/div>\n\n\n\n<div class=\"wp-block-column is-layout-flow wp-block-column-is-layout-flow\">\n<div data-wp-interactive=\"core\/file\" class=\"wp-block-file\"><object data-wp-bind--hidden=\"!state.hasPdfPreview\" hidden class=\"wp-block-file__embed\" data=\"https:\/\/scmcantanhede.pt\/wp-content\/uploads\/2023\/05\/Certificacao-Legal-Contas_2020.pdf\" type=\"application\/pdf\" style=\"width:100%;height:600px\" aria-label=\"Incorpora\u00e7\u00e3o de Certificacao-Legal-Contas_2020.\"><\/object><a id=\"wp-block-file--media-446dc4b3-76d3-405a-a492-ba7fb0312000\" href=\"https:\/\/scmcantanhede.pt\/wp-content\/uploads\/2023\/05\/Certificacao-Legal-Contas_2020.pdf\">Certificacao-Legal-Contas_2020<\/a><\/div>\n<\/div>\n\n\n\n<div class=\"wp-block-column is-layout-flow wp-block-column-is-layout-flow\">\n<div data-wp-interactive=\"core\/file\" class=\"wp-block-file\"><object data-wp-bind--hidden=\"!state.hasPdfPreview\" hidden class=\"wp-block-file__embed\" data=\"https:\/\/scmcantanhede.pt\/wp-content\/uploads\/2023\/05\/Demonstracao-Resultados-Funcoes_2020.pdf\" type=\"application\/pdf\" style=\"width:100%;height:600px\" aria-label=\"Incorpora\u00e7\u00e3o de Demonstracao-Resultados-Funcoes_2020.\"><\/object><a id=\"wp-block-file--media-31c6bc2f-8f55-4eb2-99d2-cf0b90778982\" href=\"https:\/\/scmcantanhede.pt\/wp-content\/uploads\/2023\/05\/Demonstracao-Resultados-Funcoes_2020.pdf\">Demonstracao-Resultados-Funcoes_2020<\/a><\/div>\n<\/div>\n<\/div>\n\n\n\n<div class=\"wp-block-columns is-layout-flex wp-container-core-columns-is-layout-9d6595d7 wp-block-columns-is-layout-flex\">\n<div class=\"wp-block-column is-layout-flow wp-block-column-is-layout-flow\">\n<div data-wp-interactive=\"core\/file\" class=\"wp-block-file\"><object data-wp-bind--hidden=\"!state.hasPdfPreview\" hidden class=\"wp-block-file__embed\" data=\"https:\/\/scmcantanhede.pt\/wp-content\/uploads\/2023\/05\/Demonstracao-Resultados-por-Natureza_2020.pdf\" type=\"application\/pdf\" style=\"width:100%;height:600px\" aria-label=\"Incorpora\u00e7\u00e3o de Demonstracao-Resultados-por-Natureza_2020.\"><\/object><a id=\"wp-block-file--media-fa931aa6-10b2-41be-a447-5a7d3f4558d6\" href=\"https:\/\/scmcantanhede.pt\/wp-content\/uploads\/2023\/05\/Demonstracao-Resultados-por-Natureza_2020.pdf\">Demonstracao-Resultados-por-Natureza_2020<\/a><\/div>\n<\/div>\n\n\n\n<div class=\"wp-block-column is-layout-flow wp-block-column-is-layout-flow\">\n<div data-wp-interactive=\"core\/file\" class=\"wp-block-file\"><object data-wp-bind--hidden=\"!state.hasPdfPreview\" hidden class=\"wp-block-file__embed\" data=\"https:\/\/scmcantanhede.pt\/wp-content\/uploads\/2023\/05\/Demonstracao-Fundos-Patrimoniais_2020.pdf\" type=\"application\/pdf\" style=\"width:100%;height:600px\" aria-label=\"Incorpora\u00e7\u00e3o de Demonstracao-Fundos-Patrimoniais_2020.\"><\/object><a id=\"wp-block-file--media-4220be16-113f-4ddc-a9c3-056f4080d5f6\" href=\"https:\/\/scmcantanhede.pt\/wp-content\/uploads\/2023\/05\/Demonstracao-Fundos-Patrimoniais_2020.pdf\">Demonstracao-Fundos-Patrimoniais_2020<\/a><\/div>\n<\/div>\n\n\n\n<div class=\"wp-block-column is-layout-flow wp-block-column-is-layout-flow\">\n<div data-wp-interactive=\"core\/file\" class=\"wp-block-file\"><object data-wp-bind--hidden=\"!state.hasPdfPreview\" hidden class=\"wp-block-file__embed\" data=\"https:\/\/scmcantanhede.pt\/wp-content\/uploads\/2023\/05\/Demonstracao-Fluxos-de-Caixa_2020.pdf\" type=\"application\/pdf\" style=\"width:100%;height:600px\" aria-label=\"Incorpora\u00e7\u00e3o de Demonstracao-Fluxos-de-Caixa_2020.\"><\/object><a id=\"wp-block-file--media-52c821e8-07a5-49d8-9cf1-aa6e245626d7\" href=\"https:\/\/scmcantanhede.pt\/wp-content\/uploads\/2023\/05\/Demonstracao-Fluxos-de-Caixa_2020.pdf\">Demonstracao-Fluxos-de-Caixa_2020<\/a><\/div>\n<\/div>\n<\/div>\n\n\n\n<div class=\"wp-block-columns is-layout-flex wp-container-core-columns-is-layout-9d6595d7 wp-block-columns-is-layout-flex\">\n<div class=\"wp-block-column is-layout-flow wp-block-column-is-layout-flow\">\n<div data-wp-interactive=\"core\/file\" class=\"wp-block-file\"><object data-wp-bind--hidden=\"!state.hasPdfPreview\" hidden class=\"wp-block-file__embed\" data=\"https:\/\/scmcantanhede.pt\/wp-content\/uploads\/2023\/05\/Trabalho-Voluntario_2020.pdf\" type=\"application\/pdf\" style=\"width:100%;height:600px\" aria-label=\"Incorpora\u00e7\u00e3o de Trabalho-Voluntario_2020.\"><\/object><a id=\"wp-block-file--media-84d74b9e-938f-41aa-a3c9-01b14c138bed\" href=\"https:\/\/scmcantanhede.pt\/wp-content\/uploads\/2023\/05\/Trabalho-Voluntario_2020.pdf\">Trabalho-Voluntario_2020<\/a><\/div>\n<\/div>\n\n\n\n<div class=\"wp-block-column is-layout-flow wp-block-column-is-layout-flow\">\n<div data-wp-interactive=\"core\/file\" class=\"wp-block-file\"><object data-wp-bind--hidden=\"!state.hasPdfPreview\" hidden class=\"wp-block-file__embed\" data=\"https:\/\/scmcantanhede.pt\/wp-content\/uploads\/2023\/05\/Parecer-Conselho-Fiscal_2020.pdf\" type=\"application\/pdf\" style=\"width:100%;height:600px\" aria-label=\"Incorpora\u00e7\u00e3o de Parecer-Conselho-Fiscal_2020.\"><\/object><a id=\"wp-block-file--media-bf61d0f9-cb6d-4e1c-a252-ade0ed1ef798\" href=\"https:\/\/scmcantanhede.pt\/wp-content\/uploads\/2023\/05\/Parecer-Conselho-Fiscal_2020.pdf\">Parecer-Conselho-Fiscal_2020<\/a><\/div>\n<\/div>\n\n\n\n<div class=\"wp-block-column is-layout-flow wp-block-column-is-layout-flow\"><\/div>\n<\/div>\n","protected":false},"excerpt":{"rendered":"","protected":false},"author":1,"featured_media":0,"parent":0,"menu_order":0,"comment_status":"closed","ping_status":"closed","template":"","meta":{"_oasis_is_in_workflow":0,"_oasis_original":0,"footnotes":""},"class_list":["post-1289","page","type-page","status-publish","hentry"],"aioseo_notices":[],"_links":{"self":[{"href":"https:\/\/www.scmcantanhede.pt\/index.php?rest_route=\/wp\/v2\/pages\/1289","targetHints":{"allow":["GET"]}}],"collection":[{"href":"https:\/\/www.scmcantanhede.pt\/index.php?rest_route=\/wp\/v2\/pages"}],"about":[{"href":"https:\/\/www.scmcantanhede.pt\/index.php?rest_route=\/wp\/v2\/types\/page"}],"author":[{"embeddable":true,"href":"https:\/\/www.scmcantanhede.pt\/index.php?rest_route=\/wp\/v2\/users\/1"}],"replies":[{"embeddable":true,"href":"https:\/\/www.scmcantanhede.pt\/index.php?rest_route=%2Fwp%2Fv2%2Fcomments&post=1289"}],"version-history":[{"count":0,"href":"https:\/\/www.scmcantanhede.pt\/index.php?rest_route=\/wp\/v2\/pages\/1289\/revisions"}],"wp:attachment":[{"href":"https:\/\/www.scmcantanhede.pt\/index.php?rest_route=%2Fwp%2Fv2%2Fmedia&parent=1289"}],"curies":[{"name":"wp","href":"https:\/\/api.w.org\/{rel}","templated":true}]}}