{"id":1278,"date":"2023-05-29T18:05:08","date_gmt":"2023-05-29T18:05:08","guid":{"rendered":"https:\/\/scmcantanhede.pt\/?page_id=1278"},"modified":"2023-05-29T18:06:31","modified_gmt":"2023-05-29T18:06:31","slug":"disposicoes-gerais-e-transitorias","status":"publish","type":"page","link":"https:\/\/www.scmcantanhede.pt\/?page_id=1278","title":{"rendered":"Disposi\u00e7\u00f5es Gerais e Transit\u00f3rias"},"content":{"rendered":"\n<p>&nbsp;<strong>Artigo 39.\u00ba<\/strong><\/p>\n\n\n\n<p><strong>(Extin\u00e7\u00e3o)<\/strong><\/p>\n\n\n\n<p><strong>1&nbsp;<\/strong>\u2013 A extin\u00e7\u00e3o da&nbsp;<em>Santa Casa da Miseric\u00f3rdia<\/em>&nbsp;processa-se nos termos das leis civil e can\u00f3nica.<\/p>\n\n\n\n<p><strong>&nbsp;2<\/strong>&nbsp;\u2013 A Assembleia Geral s\u00f3 pode deliberar sobre a extin\u00e7\u00e3o, por maioria qualificada, na sequ\u00eancia de convocat\u00f3ria expressamente efetuada para o efeito, nos termos previstos no artigo 22.\u00ba deste&nbsp;<em>Compromisso<\/em>.<\/p>\n\n\n\n<p><strong>&nbsp;3<\/strong>&nbsp;\u2013 A Assembleia Geral que deliberar a dissolu\u00e7\u00e3o nomear\u00e1 os liquidat\u00e1rios de entre os Irm\u00e3os presentes.<\/p>\n\n\n\n<p><strong>&nbsp;4<\/strong>&nbsp;\u2013 Em caso de extin\u00e7\u00e3o<em>&nbsp;da Miseric\u00f3rdia<\/em>, o remanescente dos respetivos bens, ap\u00f3s os que tiverem o destino decorrente de vincula\u00e7\u00e3o legal ou compromiss\u00f3ria espec\u00edfica, ser\u00e1, por delibera\u00e7\u00e3o da Assembleia Geral e ap\u00f3s ouvido o Bispo Diocesano territorialmente competente, atribu\u00eddo a outra Institui\u00e7\u00e3o de Miseric\u00f3rdia ou Institui\u00e7\u00e3o de express\u00e3o cat\u00f3lica com finalidade id\u00eantica, em estrita observ\u00e2ncia do&nbsp;<em>Compromisso CEP\/UMP<\/em>.<\/p>\n\n\n\n<p><strong>&nbsp;5&nbsp;<\/strong>\u2013 Em caso de extin\u00e7\u00e3o<em>&nbsp;da Miseric\u00f3rdia<\/em>, competir\u00e1 igualmente \u00e0 Assembleia Geral eleger uma comiss\u00e3o liquidat\u00e1ria, com poderes limitados \u00e0 pr\u00e1tica dos atos meramente conservat\u00f3rios e necess\u00e1rios, quer \u00e0 liquida\u00e7\u00e3o do patrim\u00f3nio social, quer \u00e0 ultima\u00e7\u00e3o dos neg\u00f3cios pendentes.<\/p>\n\n\n\n<p><strong>&nbsp;6&nbsp;<\/strong>\u2013 A extin\u00e7\u00e3o da Miseric\u00f3rdia, como Institui\u00e7\u00e3o Particular de Solidariedade Social, implica a sua subsist\u00eancia como pessoa jur\u00eddica can\u00f3nica, mantendo a propriedade dos bens afetos a fins de car\u00e1ter religioso ou a outras atividades a que se dedique.<\/p>\n\n\n\n<p><strong>&nbsp;Artigo 40.\u00ba<\/strong><\/p>\n\n\n\n<p><strong>(D\u00favidas e omiss\u00f5es)<\/strong><\/p>\n\n\n\n<p>As d\u00favidas e omiss\u00f5es resultantes da interpreta\u00e7\u00e3o e aplica\u00e7\u00e3o deste&nbsp;<em>Compromisso&nbsp;<\/em>ser\u00e3o resolvidas ou integradas pela Assembleia Geral conformemente \u00e0 lei, ao&nbsp;<em>Compromisso CEP\/UMP<\/em>&nbsp;e aos princ\u00edpios gerais de direito can\u00f3nico ou civil.<\/p>\n\n\n\n<p><strong>&nbsp;&nbsp;Artigo 41.\u00ba<\/strong><\/p>\n\n\n\n<p><strong>(Norma transit\u00f3ria)<\/strong><\/p>\n\n\n\n<p>Constitu\u00eddo por 41 artigos, este Compromisso revoga integralmente o anterior Compromisso da&nbsp;<em>Santa Casa da Miseric\u00f3rdia<\/em>, entrando em vigor imediatamente ap\u00f3s aprova\u00e7\u00e3o em Assembleia Geral e cumprimento das demais formalidades exigidas por lei.<\/p>\n\n\n\n<p><em>Compromisso aprovado em Assembleia Geral de 09 de outubro de 2015<\/em><\/p>\n","protected":false},"excerpt":{"rendered":"<p>&nbsp;Artigo 39.\u00ba (Extin\u00e7\u00e3o) 1&nbsp;\u2013 A extin\u00e7\u00e3o da&nbsp;Santa Casa da Miseric\u00f3rdia&nbsp;processa-se nos termos das leis civil e can\u00f3nica. &nbsp;2&nbsp;\u2013 A Assembleia Geral s\u00f3 pode deliberar sobre a extin\u00e7\u00e3o, por maioria qualificada, na sequ\u00eancia de convocat\u00f3ria expressamente efetuada para o efeito, nos termos previstos no artigo 22.\u00ba deste&nbsp;Compromisso. &nbsp;3&nbsp;\u2013 A Assembleia Geral que deliberar a dissolu\u00e7\u00e3o nomear\u00e1 [&hellip;]<\/p>\n","protected":false},"author":1,"featured_media":0,"parent":0,"menu_order":0,"comment_status":"closed","ping_status":"closed","template":"","meta":{"_oasis_is_in_workflow":0,"_oasis_original":0,"footnotes":""},"class_list":["post-1278","page","type-page","status-publish","hentry"],"aioseo_notices":[],"_links":{"self":[{"href":"https:\/\/www.scmcantanhede.pt\/index.php?rest_route=\/wp\/v2\/pages\/1278","targetHints":{"allow":["GET"]}}],"collection":[{"href":"https:\/\/www.scmcantanhede.pt\/index.php?rest_route=\/wp\/v2\/pages"}],"about":[{"href":"https:\/\/www.scmcantanhede.pt\/index.php?rest_route=\/wp\/v2\/types\/page"}],"author":[{"embeddable":true,"href":"https:\/\/www.scmcantanhede.pt\/index.php?rest_route=\/wp\/v2\/users\/1"}],"replies":[{"embeddable":true,"href":"https:\/\/www.scmcantanhede.pt\/index.php?rest_route=%2Fwp%2Fv2%2Fcomments&post=1278"}],"version-history":[{"count":0,"href":"https:\/\/www.scmcantanhede.pt\/index.php?rest_route=\/wp\/v2\/pages\/1278\/revisions"}],"wp:attachment":[{"href":"https:\/\/www.scmcantanhede.pt\/index.php?rest_route=%2Fwp%2Fv2%2Fmedia&parent=1278"}],"curies":[{"name":"wp","href":"https:\/\/api.w.org\/{rel}","templated":true}]}}