{"id":1274,"date":"2023-05-29T18:03:34","date_gmt":"2023-05-29T18:03:34","guid":{"rendered":"https:\/\/scmcantanhede.pt\/?page_id=1274"},"modified":"2023-05-29T18:04:37","modified_gmt":"2023-05-29T18:04:37","slug":"benemeritos-e-honorarios","status":"publish","type":"page","link":"https:\/\/www.scmcantanhede.pt\/?page_id=1274","title":{"rendered":"Benem\u00e9ritos e Honor\u00e1rios"},"content":{"rendered":"\n<p><strong>Artigo 38.\u00ba<\/strong><\/p>\n\n\n\n<p><strong>(Benem\u00e9ritos e Honor\u00e1rios)<\/strong><\/p>\n\n\n\n<p><strong>1<\/strong>&nbsp;\u2013 Podem ser declarados Benem\u00e9ritos da&nbsp;<em>Irmandade da Miseric\u00f3rdia<\/em>, sem no entanto assumirem a qualidade efetiva de Irm\u00e3os, pessoas ou entidades que, por lhe haverem efetuado donativos ou doa\u00e7\u00f5es relevantes, sejam merecedoras de tal distin\u00e7\u00e3o.<\/p>\n\n\n\n<p><strong>2<\/strong>&nbsp;\u2013 Podem ser declarados Honor\u00e1rios da&nbsp;<em>Irmandade da Miseric\u00f3rdia<\/em>, sem no entanto assumirem a qualidade efetiva de Irm\u00e3os, pessoas ou entidades que, pelo seu m\u00e9rito social ou em recompensa de relevantes servi\u00e7os prestados, sejam merecedoras de tal distin\u00e7\u00e3o.<\/p>\n\n\n\n<p><strong>3<\/strong>&nbsp;\u2013 A declara\u00e7\u00e3o de Benem\u00e9rito e Honor\u00e1rio compete \u00e0 Assembleia Geral, mediante proposta da Mesa Administrativa, procedendo-se \u00e0 sua inscri\u00e7\u00e3o em Livro especial pr\u00f3prio e passando-se-lhe o respetivo diploma.<\/p>\n\n\n\n<p><strong>4<\/strong>&nbsp;\u2013 Os Benem\u00e9ritos e Honor\u00e1rios existentes \u00e0 data de aprova\u00e7\u00e3o deste&nbsp;<em>Compromisso<\/em>&nbsp;manter\u00e3o essa qualidade e gozar\u00e3o dos direitos pr\u00f3prios, sem preju\u00edzo de outros especiais que, entretanto, lhes tenham sido concedidos.<\/p>\n","protected":false},"excerpt":{"rendered":"<p>Artigo 38.\u00ba (Benem\u00e9ritos e Honor\u00e1rios) 1&nbsp;\u2013 Podem ser declarados Benem\u00e9ritos da&nbsp;Irmandade da Miseric\u00f3rdia, sem no entanto assumirem a qualidade efetiva de Irm\u00e3os, pessoas ou entidades que, por lhe haverem efetuado donativos ou doa\u00e7\u00f5es relevantes, sejam merecedoras de tal distin\u00e7\u00e3o. 2&nbsp;\u2013 Podem ser declarados Honor\u00e1rios da&nbsp;Irmandade da Miseric\u00f3rdia, sem no entanto assumirem a qualidade efetiva de [&hellip;]<\/p>\n","protected":false},"author":1,"featured_media":0,"parent":0,"menu_order":0,"comment_status":"closed","ping_status":"closed","template":"","meta":{"_oasis_is_in_workflow":0,"_oasis_original":0,"footnotes":""},"class_list":["post-1274","page","type-page","status-publish","hentry"],"aioseo_notices":[],"_links":{"self":[{"href":"https:\/\/www.scmcantanhede.pt\/index.php?rest_route=\/wp\/v2\/pages\/1274","targetHints":{"allow":["GET"]}}],"collection":[{"href":"https:\/\/www.scmcantanhede.pt\/index.php?rest_route=\/wp\/v2\/pages"}],"about":[{"href":"https:\/\/www.scmcantanhede.pt\/index.php?rest_route=\/wp\/v2\/types\/page"}],"author":[{"embeddable":true,"href":"https:\/\/www.scmcantanhede.pt\/index.php?rest_route=\/wp\/v2\/users\/1"}],"replies":[{"embeddable":true,"href":"https:\/\/www.scmcantanhede.pt\/index.php?rest_route=%2Fwp%2Fv2%2Fcomments&post=1274"}],"version-history":[{"count":0,"href":"https:\/\/www.scmcantanhede.pt\/index.php?rest_route=\/wp\/v2\/pages\/1274\/revisions"}],"wp:attachment":[{"href":"https:\/\/www.scmcantanhede.pt\/index.php?rest_route=%2Fwp%2Fv2%2Fmedia&parent=1274"}],"curies":[{"name":"wp","href":"https:\/\/api.w.org\/{rel}","templated":true}]}}