{"id":1269,"date":"2023-05-29T18:02:17","date_gmt":"2023-05-29T18:02:17","guid":{"rendered":"https:\/\/scmcantanhede.pt\/?page_id=1269"},"modified":"2023-05-29T18:02:55","modified_gmt":"2023-05-29T18:02:55","slug":"patrimonio-2","status":"publish","type":"page","link":"https:\/\/www.scmcantanhede.pt\/?page_id=1269","title":{"rendered":"Patrim\u00f3nio"},"content":{"rendered":"\n<p>&nbsp;&nbsp;<strong>Artigo 35.\u00ba<\/strong><\/p>\n\n\n\n<p><strong>(Patrim\u00f3nio)<\/strong><\/p>\n\n\n\n<p><strong>1&nbsp;<\/strong>\u2013O patrim\u00f3nio da&nbsp;<em>Santa Casa da Miseric\u00f3rdia<\/em>&nbsp;\u00e9 constitu\u00eddo por&nbsp;todos os bens e direitos que integram o seu ativo, bem como&nbsp;pelos que venha a adquirir ou a receber por t\u00edtulo leg\u00edtimo.<\/p>\n\n\n\n<p><strong>2<\/strong>&nbsp;\u2013 As benemer\u00eancias aos \u00d3rg\u00e3os Sociais ou a algum dos seus membros, na qualidade de representante da&nbsp;<em>Santa Casa da Miseric\u00f3rdia<\/em>, s\u00e3o perten\u00e7a desta.<\/p>\n\n\n\n<p><strong>&nbsp;3<\/strong>&nbsp;\u2013 A aliena\u00e7\u00e3o ou onera\u00e7\u00e3o do patrim\u00f3nio da&nbsp;<em>Miseric\u00f3rdia<\/em>&nbsp;obedece ao previsto nos artigos 21.\u00ba e 22.\u00ba deste&nbsp;<em>Compromisso<\/em>.<\/p>\n\n\n\n<p><strong>&nbsp;4<\/strong>&nbsp;\u2013 A&nbsp;<em>Santa Casa da Miseric\u00f3rdia<\/em>&nbsp;deve aceitar heran\u00e7as, legados ou doa\u00e7\u00f5es, nos termos da lei, contanto que n\u00e3o fique a cumprir encargos que excedam as for\u00e7as da heran\u00e7a ou do legado ou o \u00f3nus da doa\u00e7\u00e3o e que n\u00e3o sejam contr\u00e1rios \u00e0 lei.<\/p>\n\n\n\n<p><strong>Artigo 36.\u00ba<\/strong><\/p>\n\n\n\n<p><strong>(Rendimentos)<\/strong><\/p>\n\n\n\n<p>Constituem, nomeadamente, receitas da&nbsp;<em>Santa Casa da Miseric\u00f3rdia<\/em>:<\/p>\n\n\n\n<p><strong>a)&nbsp;&nbsp;<\/strong>As joias de inscri\u00e7\u00e3o e as quotas dos respetivos Irm\u00e3os;<\/p>\n\n\n\n<p><strong>b)&nbsp;&nbsp;<\/strong>As heran\u00e7as, legados, doa\u00e7\u00f5es e respetivos rendimentos;<\/p>\n\n\n\n<p><strong>c)&nbsp;&nbsp;&nbsp;<\/strong>Os subs\u00eddios, comparticipa\u00e7\u00f5es e compensa\u00e7\u00f5es de entidades p\u00fablicas, privadas e religiosas;<\/p>\n\n\n\n<p><strong>d)&nbsp;&nbsp;<\/strong>O produto da aliena\u00e7\u00e3o de bens;<\/p>\n\n\n\n<p><strong>e)&nbsp;&nbsp;<\/strong>Os esp\u00f3lios m\u00f3veis dos utentes que n\u00e3o forem legitimamente reclamados pelos herdeiros ou seus representantes, no prazo de um ano a contar do dia do falecimento;<\/p>\n\n\n\n<p><strong>f)&nbsp;&nbsp;&nbsp;<\/strong>Os rendimentos de presta\u00e7\u00e3o de servi\u00e7os desenvolvidos no \u00e2mbito dos fins compromiss\u00f3rios, bem como de outras atividades acess\u00f3rias;<\/p>\n\n\n\n<p><strong>g)&nbsp;&nbsp;<\/strong>Os rendimentos de bens pr\u00f3prios;<\/p>\n\n\n\n<p><strong>h)&nbsp;&nbsp;<\/strong>O produto de campanhas de angaria\u00e7\u00e3o de fundos e dos donativos particulares;<\/p>\n\n\n\n<p><strong>i)&nbsp;&nbsp;&nbsp;&nbsp;<\/strong>O produto de empr\u00e9stimos;<\/p>\n\n\n\n<p><strong>j)&nbsp;&nbsp;&nbsp;&nbsp;<\/strong>Os rendimentos obtidos de investimentos financeiros;<\/p>\n\n\n\n<p><strong>k)&nbsp;&nbsp;<\/strong>O produto da venda de publica\u00e7\u00f5es sobre a hist\u00f3ria e atividades<em>&nbsp;da Miseric\u00f3rdia<\/em>;<\/p>\n\n\n\n<p><strong>l)&nbsp;&nbsp;&nbsp;&nbsp;<\/strong>Quaisquer outros rendimentos conformes com a lei, este&nbsp;<em>Compromisso<\/em>&nbsp;ou os Regulamentos.<\/p>\n\n\n\n<p><strong>Artigo 37.\u00ba<\/strong><\/p>\n\n\n\n<p><strong>(Gastos)<\/strong><\/p>\n\n\n\n<p><strong>&nbsp;1<\/strong>&nbsp;\u2013 As despesas da&nbsp;<em>Santa Casa da Miseric\u00f3rdia<\/em>&nbsp;s\u00e3o de funcionamento e de investimento.<\/p>\n\n\n\n<p><strong>&nbsp;2&nbsp;<\/strong>\u2013 Constituem, nomeadamente, despesas de funcionamento:<\/p>\n\n\n\n<p><strong>a)&nbsp;&nbsp;<\/strong>As que resultam da execu\u00e7\u00e3o do presente&nbsp;<em>Compromisso<\/em>;<\/p>\n\n\n\n<p><strong>b)&nbsp;&nbsp;<\/strong>As do exerc\u00edcio do culto e as que resultam do cumprimento de encargos da responsabilidade<em>&nbsp;da Miseric\u00f3rdia<\/em>;<\/p>\n\n\n\n<p><strong>c)&nbsp;&nbsp;&nbsp;<\/strong>As que assegurem a conserva\u00e7\u00e3o e a repara\u00e7\u00e3o dos bens e a manuten\u00e7\u00e3o dos servi\u00e7os, incluindo a retribui\u00e7\u00e3o de colaboradores e os encargos patronais;<\/p>\n\n\n\n<p><strong>d)&nbsp;&nbsp;<\/strong>As dos impostos, contribui\u00e7\u00f5es e taxas que oneram bens e servi\u00e7os;<\/p>\n\n\n\n<p><strong>e)&nbsp;&nbsp;<\/strong>As quotiza\u00e7\u00f5es devidas a entidades de que a<em>&nbsp;Miseric\u00f3rdia<\/em>&nbsp;seja associada;<\/p>\n\n\n\n<p><strong>f)&nbsp;&nbsp;&nbsp;<\/strong>As que resultam de despesas de representa\u00e7\u00e3o e da desloca\u00e7\u00e3o de benefici\u00e1rios, membros dos \u00d3rg\u00e3os Sociais e trabalhadores, quer em servi\u00e7o da<em>&nbsp;Miseric\u00f3rdia<\/em>, quer para benef\u00edcio dos pr\u00f3prios assistidos.<\/p>\n\n\n\n<p><strong>&nbsp;3<\/strong>&nbsp;\u2013 Constituem, nomeadamente, despesas de investimento:<\/p>\n\n\n\n<p><strong>a)&nbsp;&nbsp;<\/strong>As despesas de constru\u00e7\u00e3o e equipamento de novos edif\u00edcios, servi\u00e7os e obras ou de amplia\u00e7\u00e3o dos j\u00e1 existentes;<\/p>\n\n\n\n<p><strong>b)<\/strong>&nbsp;As despesas de aquisi\u00e7\u00e3o de pr\u00e9dios r\u00fasticos e urbanos, ve\u00edculos e outros equipamentos.<\/p>\n","protected":false},"excerpt":{"rendered":"<p>&nbsp;&nbsp;Artigo 35.\u00ba (Patrim\u00f3nio) 1&nbsp;\u2013O patrim\u00f3nio da&nbsp;Santa Casa da Miseric\u00f3rdia&nbsp;\u00e9 constitu\u00eddo por&nbsp;todos os bens e direitos que integram o seu ativo, bem como&nbsp;pelos que venha a adquirir ou a receber por t\u00edtulo leg\u00edtimo. 2&nbsp;\u2013 As benemer\u00eancias aos \u00d3rg\u00e3os Sociais ou a algum dos seus membros, na qualidade de representante da&nbsp;Santa Casa da Miseric\u00f3rdia, s\u00e3o perten\u00e7a desta. [&hellip;]<\/p>\n","protected":false},"author":1,"featured_media":0,"parent":0,"menu_order":0,"comment_status":"closed","ping_status":"closed","template":"","meta":{"_oasis_is_in_workflow":0,"_oasis_original":0,"footnotes":""},"class_list":["post-1269","page","type-page","status-publish","hentry"],"aioseo_notices":[],"_links":{"self":[{"href":"https:\/\/www.scmcantanhede.pt\/index.php?rest_route=\/wp\/v2\/pages\/1269","targetHints":{"allow":["GET"]}}],"collection":[{"href":"https:\/\/www.scmcantanhede.pt\/index.php?rest_route=\/wp\/v2\/pages"}],"about":[{"href":"https:\/\/www.scmcantanhede.pt\/index.php?rest_route=\/wp\/v2\/types\/page"}],"author":[{"embeddable":true,"href":"https:\/\/www.scmcantanhede.pt\/index.php?rest_route=\/wp\/v2\/users\/1"}],"replies":[{"embeddable":true,"href":"https:\/\/www.scmcantanhede.pt\/index.php?rest_route=%2Fwp%2Fv2%2Fcomments&post=1269"}],"version-history":[{"count":0,"href":"https:\/\/www.scmcantanhede.pt\/index.php?rest_route=\/wp\/v2\/pages\/1269\/revisions"}],"wp:attachment":[{"href":"https:\/\/www.scmcantanhede.pt\/index.php?rest_route=%2Fwp%2Fv2%2Fmedia&parent=1269"}],"curies":[{"name":"wp","href":"https:\/\/api.w.org\/{rel}","templated":true}]}}