{"id":1259,"date":"2023-05-29T17:59:29","date_gmt":"2023-05-29T17:59:29","guid":{"rendered":"https:\/\/scmcantanhede.pt\/?page_id=1259"},"modified":"2023-05-29T18:00:32","modified_gmt":"2023-05-29T18:00:32","slug":"conselho-consultivo","status":"publish","type":"page","link":"https:\/\/www.scmcantanhede.pt\/?page_id=1259","title":{"rendered":"Conselho Consultivo"},"content":{"rendered":"\n<p><strong>Artigo 33.\u00ba<\/strong><\/p>\n\n\n\n<p><strong>(Conselho Consultivo)<\/strong><\/p>\n\n\n\n<p><strong>1&nbsp;<\/strong>\u2013 A Mesa Administrativa poder\u00e1 propor \u00e0 Assembleia Geral a cria\u00e7\u00e3o de um \u00f3rg\u00e3o de consulta<em>&nbsp;da Miseric\u00f3rdia,<\/em>&nbsp;com o objetivo de emitir parecer nas mat\u00e9rias de relev\u00e2ncia institucional colocadas \u00e0 sua aprecia\u00e7\u00e3o.<strong>2<\/strong>&nbsp;\u2013 A&nbsp;composi\u00e7\u00e3o, compet\u00eancia, organiza\u00e7\u00e3o e funcionamento do Conselho Consultivo reger-se-\u00e3o por regulamento aprovado<\/p>\n","protected":false},"excerpt":{"rendered":"<p>Artigo 33.\u00ba (Conselho Consultivo) 1&nbsp;\u2013 A Mesa Administrativa poder\u00e1 propor \u00e0 Assembleia Geral a cria\u00e7\u00e3o de um \u00f3rg\u00e3o de consulta&nbsp;da Miseric\u00f3rdia,&nbsp;com o objetivo de emitir parecer nas mat\u00e9rias de relev\u00e2ncia institucional colocadas \u00e0 sua aprecia\u00e7\u00e3o.2&nbsp;\u2013 A&nbsp;composi\u00e7\u00e3o, compet\u00eancia, organiza\u00e7\u00e3o e funcionamento do Conselho Consultivo reger-se-\u00e3o por regulamento aprovado<\/p>\n","protected":false},"author":1,"featured_media":0,"parent":0,"menu_order":0,"comment_status":"closed","ping_status":"closed","template":"","meta":{"_oasis_is_in_workflow":0,"_oasis_original":0,"footnotes":""},"class_list":["post-1259","page","type-page","status-publish","hentry"],"aioseo_notices":[],"_links":{"self":[{"href":"https:\/\/www.scmcantanhede.pt\/index.php?rest_route=\/wp\/v2\/pages\/1259","targetHints":{"allow":["GET"]}}],"collection":[{"href":"https:\/\/www.scmcantanhede.pt\/index.php?rest_route=\/wp\/v2\/pages"}],"about":[{"href":"https:\/\/www.scmcantanhede.pt\/index.php?rest_route=\/wp\/v2\/types\/page"}],"author":[{"embeddable":true,"href":"https:\/\/www.scmcantanhede.pt\/index.php?rest_route=\/wp\/v2\/users\/1"}],"replies":[{"embeddable":true,"href":"https:\/\/www.scmcantanhede.pt\/index.php?rest_route=%2Fwp%2Fv2%2Fcomments&post=1259"}],"version-history":[{"count":0,"href":"https:\/\/www.scmcantanhede.pt\/index.php?rest_route=\/wp\/v2\/pages\/1259\/revisions"}],"wp:attachment":[{"href":"https:\/\/www.scmcantanhede.pt\/index.php?rest_route=%2Fwp%2Fv2%2Fmedia&parent=1259"}],"curies":[{"name":"wp","href":"https:\/\/api.w.org\/{rel}","templated":true}]}}